{"id":89,"date":"2015-02-17T11:24:52","date_gmt":"2015-02-17T10:24:52","guid":{"rendered":"https:\/\/sites-formations.univ-rennes2.fr\/psychologie-master-ergonomie\/?page_id=89"},"modified":"2025-02-22T13:45:08","modified_gmt":"2025-02-22T12:45:08","slug":"accueil","status":"publish","type":"page","link":"https:\/\/sites-formations.univ-rennes2.fr\/psychologie-master-ergonomie\/","title":{"rendered":"Accueil"},"content":{"rendered":"<p><b>Bienvenue sur le site du Master \u00ab\u00a0Ergonomie, Psychologie des Facteurs Humains\u00a0\u00bb mention \u00ab\u00a0Psychologie Sociale, du Travail et des Organisations\u00a0\u00bb de l&rsquo;Universit\u00e9 Rennes 2<\/b><\/p>\n<p style=\"text-align: justify;\">Le parcours \u00ab\u00a0ergonomie, psychologie des facteurs humains\u00a0\u00bb offre une formation professionnalisante dans le domaine de la psychologie du travail et de l\u2019ergonomie. Cette double orientation ouvre aux \u00e9tudiants des d\u00e9bouch\u00e9s vari\u00e9s qui couvrent l\u2019ensemble des prestations sp\u00e9cifiques du psychologue en milieu de travail, depuis l\u2019analyse ergonomique de poste jusqu\u2019\u00e0 l\u2019intervention psychosociologique en organisation. Cette formation professionnelle vise une comp\u00e9tence sp\u00e9cifique dans l\u2019analyse des situations de travail en vue d\u2019en am\u00e9liorer la conception dans la double perspective de la qualit\u00e9 de la vie au travail et de la comp\u00e9titivit\u00e9 de l&rsquo;organisation.<br \/>\nL&rsquo;objectif est donc de former des sp\u00e9cialistes de haut niveau, capables d\u2019intervenir dans les trois principaux domaines de sp\u00e9cialisation de l\u2019ergonomie que sont l\u2019ergonomie physique, l\u2019ergonomie cognitive et l\u2019ergonomie organisationnelle.<\/p>\n<p>Vous trouverez dans ce site toutes les informations n\u00e9cessaires sur ce Master : de la pr\u00e9sentation des enseignements aux d\u00e9bouch\u00e9s possibles, en passant par l\u2019\u00e9quipe p\u00e9dagogique et les informations pratiques.<\/p>\n<hr>\n<p><strong><span style=\"font-size: large;\">T\u00e9l\u00e9charger la <a href=\"https:\/\/sites-formations.univ-rennes2.fr\/psychologie-master-ergonomie\/wp-content\/uploads\/2023\/03\/Plaquette_Master_EPFH_2023-2026.pdf\" target=\"_blank\" rel=\"noopener noreferrer\">plaquette de pr\u00e9sentation d\u00e9taill\u00e9e du parcours \u00ab\u00a0Ergonomie, Psychologie des Facteurs Humains\u00a0\u00bb<\/a><\/span><\/strong><\/p>\n<p><strong><span style=\"font-size: large;\">T\u00e9l\u00e9charger la <a href=\"https:\/\/sites-formations.univ-rennes2.fr\/psychologie-master-ergonomie\/wp-content\/uploads\/2023\/03\/Plaquette_PSTO_Sept2022.pdf\" target=\"_blank\" rel=\"noopener noreferrer\">plaquette de pr\u00e9sentation synth\u00e9tique du Master mention \u00ab\u00a0Psychologie Sociale, du Travail et des Organisations\u00a0\u00bb<\/a><\/span><\/strong><\/p>\n<p><strong><span style=\"font-size: large;\">Suivre le master EPFH sur twitter : <a href=\"https:\/\/twitter.com\/M2psychoergoR2\" target=\"_blank\" rel=\"noopener noreferrer\">@M2psychoergoR2<\/a><\/span><\/strong><\/p>\n<hr>\n<p><strong><span style=\"font-size: large;\">Depuis 2014, le parcours \u00ab\u00a0Ergonomie, Psychologie des Facteurs Humains\u00a0\u00bb est parrain\u00e9 par 2 entreprises :<\/span><\/strong><\/p>\n<ul>\n<li><strong><span style=\"font-size: large;\"><a href=\"http:\/\/www.groupe-rocher.com\/fr\" target=\"_blank\" rel=\"noopener noreferrer\">groupe Yves Rocher<\/a><\/span><\/strong><\/li>\n<li><strong><span style=\"font-size: large;\"><a href=\"https:\/\/www.talendi.com\/\" target=\"_blank\" rel=\"noopener noreferrer\">Talendi (ex Bretagne Ateliers)<\/a><\/span><\/strong><\/li>\n<\/ul>\n<hr>\n<p>&nbsp;<\/p>\n<p style=\"text-align: center;\"><span style=\"text-decoration: underline;\"><strong><span style=\"font-size: x-large;\">Actualit\u00e9s<\/span><\/strong><\/span><\/p>\n<p>&nbsp;<strong><span style=\"font-size: large;\">F\u00e9vrier 2025 :<\/span><\/strong><\/p>\n<p>Les dossiers de candidature en <strong>M1 EPFH<\/strong> pour la rentr\u00e9e 2025 sont \u00e0 d\u00e9poser <strong>du 25 f\u00e9vrier au 24 mars 2025<\/strong> sur le site <strong><a href=\"https:\/\/www.monmaster.gouv.fr\" target=\"_blank\" rel=\"noopener noreferrer\">MonMaster<\/a><\/strong>.<\/p>\n<p>Les dossiers de candidature en <strong>M2 EPFH<\/strong> pour la rentr\u00e9e 2025 sont \u00e0 d\u00e9poser <strong>du 23 avril au 20 mai 2025<\/strong> sur l&rsquo;application \u00ab\u00a0<strong><a href=\"http:\/\/candidatures.uhb.fr\/#!accueilView\" target=\"_blank\" rel=\"noopener noreferrer\">e-Candidat<\/a><\/strong>\u00a0\u00bb de l&rsquo;universit\u00e9 Rennes 2.<\/p>\n<p>&nbsp;<br \/>\n&nbsp;<strong><span style=\"font-size: large;\">Avril 2020 :<\/span><\/strong><\/p>\n<p>Les r\u00e9sultats de l&rsquo;<a href=\"https:\/\/sites-formations.univ-rennes2.fr\/psychologie-master-ergonomie\/wp-content\/uploads\/2020\/04\/M2ergo_Suivi_insertion_6mois_Promo2019.pdf\" target=\"_blank\" rel=\"noopener noreferrer\">enqu\u00eate insertion \u00e0 6 mois<\/a> pour la promo 2019 sont disponibles. Le taux d&rsquo;insertion \u00e0 6 mois est de 86% dans le domaine de la psychologie du travail et\/ou de l&rsquo;ergonomie.<\/p>\n<p>&nbsp;<br \/>\n&nbsp;<strong><span style=\"font-size: large;\">Avril 2017 :<\/span><\/strong><\/p>\n<p>Le master \u00ab\u00a0Ergonomie, Psychologie des Facteurs Humains\u00a0\u00bb est maintenant sur twitter. Pour nous suivre : <a href=\"https:\/\/twitter.com\/M2psychoergoR2\" target=\"_blank\" rel=\"noopener noreferrer\">@M2psychoergoR2<\/a><\/p>\n<ul>\n<li style=\"list-style-type: none;\">\n<ul>\n<li style=\"list-style-type: none;\">\n<ul>\n<li style=\"list-style-type: none;\">&nbsp;<\/li>\n<\/ul>\n<\/li>\n<\/ul>\n<\/li>\n<\/ul>\n<p>&nbsp;<br \/>\n&nbsp;<br \/>\n&nbsp;<br \/>\n&nbsp;<br \/>\n&nbsp;<br \/>\n<span style=\"font-size: large;\"><a href=\"https:\/\/sites-formations.univ-rennes2.fr\/psychologie-master-ergonomie\/wp-content\/uploads\/2024\/06\/Declaration-accessibilte-master-EPFH.pdf\" target=\"_blank\" rel=\"noopener noreferrer\">D\u00e9claration d&rsquo;accessibilit\u00e9<\/a><\/span><br \/>\n&nbsp;<br \/>\n&nbsp;<br \/>\n&nbsp;<br \/>\n&nbsp;<br \/>\n&nbsp;<img decoding=\"async\" src=\"https:\/\/sites-formations.univ-rennes2.fr\/psychologie-master-ergonomie\/wp-content\/uploads\/2015\/02\/Villejean.png\" alt=\"Campus Villejean\"><\/p>\n","protected":false},"excerpt":{"rendered":"<p>Bienvenue sur le site du Master \u00ab\u00a0Ergonomie, Psychologie des Facteurs Humains\u00a0\u00bb mention \u00ab\u00a0Psychologie Sociale, du Travail et des Organisations\u00a0\u00bb de l&rsquo;Universit\u00e9 Rennes 2 Le parcours \u00ab\u00a0ergonomie, psychologie des facteurs humains\u00a0\u00bb offre une formation professionnalisante dans le domaine de la psychologie du travail et de l\u2019ergonomie. Cette double orientation ouvre aux \u00e9tudiants des d\u00e9bouch\u00e9s vari\u00e9s qui\u2026 <span class=\"read-more\"><a href=\"https:\/\/sites-formations.univ-rennes2.fr\/psychologie-master-ergonomie\/\">Lire la suite &raquo;<\/a><\/span><\/p>\n","protected":false},"author":2,"featured_media":0,"parent":0,"menu_order":1,"comment_status":"closed","ping_status":"closed","template":"page-templates\/full-width.php","meta":{"footnotes":""},"class_list":["post-89","page","type-page","status-publish","hentry"],"_links":{"self":[{"href":"https:\/\/sites-formations.univ-rennes2.fr\/psychologie-master-ergonomie\/wp-json\/wp\/v2\/pages\/89","targetHints":{"allow":["GET"]}}],"collection":[{"href":"https:\/\/sites-formations.univ-rennes2.fr\/psychologie-master-ergonomie\/wp-json\/wp\/v2\/pages"}],"about":[{"href":"https:\/\/sites-formations.univ-rennes2.fr\/psychologie-master-ergonomie\/wp-json\/wp\/v2\/types\/page"}],"author":[{"embeddable":true,"href":"https:\/\/sites-formations.univ-rennes2.fr\/psychologie-master-ergonomie\/wp-json\/wp\/v2\/users\/2"}],"replies":[{"embeddable":true,"href":"https:\/\/sites-formations.univ-rennes2.fr\/psychologie-master-ergonomie\/wp-json\/wp\/v2\/comments?post=89"}],"version-history":[{"count":114,"href":"https:\/\/sites-formations.univ-rennes2.fr\/psychologie-master-ergonomie\/wp-json\/wp\/v2\/pages\/89\/revisions"}],"predecessor-version":[{"id":912,"href":"https:\/\/sites-formations.univ-rennes2.fr\/psychologie-master-ergonomie\/wp-json\/wp\/v2\/pages\/89\/revisions\/912"}],"wp:attachment":[{"href":"https:\/\/sites-formations.univ-rennes2.fr\/psychologie-master-ergonomie\/wp-json\/wp\/v2\/media?parent=89"}],"curies":[{"name":"wp","href":"https:\/\/api.w.org\/{rel}","templated":true}]}}