{"id":80,"date":"2015-02-17T10:30:52","date_gmt":"2015-02-17T09:30:52","guid":{"rendered":"https:\/\/sites-formations.univ-rennes2.fr\/psychologie-master-ergonomie\/?page_id=80"},"modified":"2023-01-11T18:09:10","modified_gmt":"2023-01-11T17:09:10","slug":"taxe-dapprentissage","status":"publish","type":"page","link":"https:\/\/sites-formations.univ-rennes2.fr\/psychologie-master-ergonomie\/taxe-dapprentissage\/","title":{"rendered":"Taxe d&rsquo;apprentissage"},"content":{"rendered":"<p>&nbsp;<\/p>\n<p>Le parcours EPFH du master PSTO est une formation habilit\u00e9e \u00e0 recevoir la taxe d&rsquo;apprentissage au titre du bar\u00e8me (hors quota).<\/p>\n<p>Ainsi, si vous souhaitez soutenir notre formation, vous pouvez nous verser tout ou partie de votre taxe d&rsquo;apprentissage.<\/p>\n<p>T\u00e9l\u00e9charger la <strong><a href=\"https:\/\/sites-formations.univ-rennes2.fr\/psychologie-master-ergonomie\/wp-content\/uploads\/2017\/11\/Plaquette_TA_2017.pdf\" target=\"_blank\" rel=\"noopener\">plaquette d&rsquo;informations sur la taxe d&rsquo;apprentissage<\/a><\/strong> \u00e0 l&rsquo;Universit\u00e9 Rennes 2.<\/p>\n<p>&nbsp;<\/p>\n<hr \/>\n<p><strong><span style=\"font-size: large;\">Proc\u00e9dure \u00e0 suivre pour nous verser votre taxe d&rsquo;apprentissage :<\/span><\/strong><\/p>\n<ul>\n<li>remplir le bordereau de versement re\u00e7u de la part votre OCTA (Organisme Collecteur de la Taxe d&rsquo;Apprentissage), en y indiquant pr\u00e9cis\u00e9ment l&rsquo;intitul\u00e9 de notre formation : <strong>Master 2 PTO ergonomie &#8211; Universit\u00e9 Rennes 2<\/strong>.<\/li>\n<li>remplir la <strong><a href=\"https:\/\/sites-formations.univ-rennes2.fr\/psychologie-master-ergonomie\/wp-content\/uploads\/2016\/02\/TA_Promesse_M2_PTO_Ergonomie.pdf\" target=\"_blank\" rel=\"noopener\">fiche de promesse de versement de TA<\/a><\/strong> et nous la renvoyer par mail ou par courrier.<\/li>\n<\/ul>\n<hr \/>\n<p>&nbsp;<\/p>\n<p>Ce master 2 \u00ab\u00a0Ergonomie, Psychologie des Facteurs Humains\u00a0\u00bb est une formation \u00e0 vis\u00e9e professionnelle, qui accorde une place tr\u00e8s importante \u00e0 la r\u00e9alit\u00e9 du terrain et des entreprises, notamment par l&rsquo;organisation de visites d&rsquo;entreprises et de conf\u00e9rences de professionnels.<\/p>\n<p>Notre formation permet \u00e9galement une bonne insertion professionnelle de ses \u00e9tudiants. Ainsi, <strong>d\u00e9but f\u00e9vrier 2014, 100% des \u00e9tudiants dipl\u00f4m\u00e9s en septembre 2013 occupent un emploi dans le domaine de l&rsquo;ergonomie.<\/strong><\/p>\n<p>Nous soutenir financi\u00e8rement nous permettrait de d\u00e9velopper de nouvelles actions p\u00e9dagogiques de terrain, afin de renforcer l&rsquo;ancrage de notre formation dans le monde de l&rsquo;entreprise.<\/p>\n<p><strong>Merci pour votre soutien !<\/strong><\/p>\n","protected":false},"excerpt":{"rendered":"<p>&nbsp; Le parcours EPFH du master PSTO est une formation habilit\u00e9e \u00e0 recevoir la taxe d&rsquo;apprentissage au titre du bar\u00e8me (hors quota). Ainsi, si vous souhaitez soutenir notre formation, vous pouvez nous verser tout ou partie de votre taxe d&rsquo;apprentissage. T\u00e9l\u00e9charger la plaquette d&rsquo;informations sur la taxe d&rsquo;apprentissage \u00e0 l&rsquo;Universit\u00e9 Rennes 2. &nbsp; Proc\u00e9dure \u00e0\u2026 <span class=\"read-more\"><a href=\"https:\/\/sites-formations.univ-rennes2.fr\/psychologie-master-ergonomie\/taxe-dapprentissage\/\">Lire la suite &raquo;<\/a><\/span><\/p>\n","protected":false},"author":2,"featured_media":0,"parent":0,"menu_order":27,"comment_status":"closed","ping_status":"closed","template":"page-templates\/full-width.php","meta":{"footnotes":""},"class_list":["post-80","page","type-page","status-publish","hentry"],"_links":{"self":[{"href":"https:\/\/sites-formations.univ-rennes2.fr\/psychologie-master-ergonomie\/wp-json\/wp\/v2\/pages\/80","targetHints":{"allow":["GET"]}}],"collection":[{"href":"https:\/\/sites-formations.univ-rennes2.fr\/psychologie-master-ergonomie\/wp-json\/wp\/v2\/pages"}],"about":[{"href":"https:\/\/sites-formations.univ-rennes2.fr\/psychologie-master-ergonomie\/wp-json\/wp\/v2\/types\/page"}],"author":[{"embeddable":true,"href":"https:\/\/sites-formations.univ-rennes2.fr\/psychologie-master-ergonomie\/wp-json\/wp\/v2\/users\/2"}],"replies":[{"embeddable":true,"href":"https:\/\/sites-formations.univ-rennes2.fr\/psychologie-master-ergonomie\/wp-json\/wp\/v2\/comments?post=80"}],"version-history":[{"count":17,"href":"https:\/\/sites-formations.univ-rennes2.fr\/psychologie-master-ergonomie\/wp-json\/wp\/v2\/pages\/80\/revisions"}],"predecessor-version":[{"id":873,"href":"https:\/\/sites-formations.univ-rennes2.fr\/psychologie-master-ergonomie\/wp-json\/wp\/v2\/pages\/80\/revisions\/873"}],"wp:attachment":[{"href":"https:\/\/sites-formations.univ-rennes2.fr\/psychologie-master-ergonomie\/wp-json\/wp\/v2\/media?parent=80"}],"curies":[{"name":"wp","href":"https:\/\/api.w.org\/{rel}","templated":true}]}}