{"id":78,"date":"2015-02-17T10:30:22","date_gmt":"2015-02-17T09:30:22","guid":{"rendered":"https:\/\/sites-formations.univ-rennes2.fr\/psychologie-master-ergonomie\/?page_id=78"},"modified":"2023-01-11T18:08:58","modified_gmt":"2023-01-11T17:08:58","slug":"liens-utiles","status":"publish","type":"page","link":"https:\/\/sites-formations.univ-rennes2.fr\/psychologie-master-ergonomie\/liens-utiles\/","title":{"rendered":"Liens utiles"},"content":{"rendered":"<p><strong>Etudier \u00e0 Rennes 2<\/strong><\/p>\n<ul>\n<li><a title=\"Acc\u00e9der au site de l'Universit\u00e9\" href=\"http:\/\/www.univ-rennes2.fr\" target=\"_blank\" rel=\"noopener\">Universit\u00e9 Rennes 2<\/a><\/li>\n<li><a title=\"Acc\u00e9der au site du CROUS\" href=\"http:\/\/www.crous-rennes.fr\" target=\"_blank\" rel=\"noopener\">Bourses et logements universitaires<\/a><\/li>\n<\/ul>\n<p><strong>Les transports<\/strong><\/p>\n<ul>\n<li><a title=\"Acc\u00e9der au site de la SNCF\" href=\"http:\/\/www.voyages-sncf.com\" target=\"_blank\" rel=\"noopener\">Site de la SNCF<\/a><\/li>\n<li><a title=\"Acc\u00e9der au site de l'A\u00e9roport de Rennes\" href=\"http:\/\/www.rennes.aeroport.fr\" target=\"_blank\" rel=\"noopener\">A\u00e9roport de Rennes<\/a><\/li>\n<li><a title=\"Acc\u00e9der au site de la STAR\" href=\"http:\/\/www.star.fr\" target=\"_blank\" rel=\"noopener\">Transports en commun Rennes M\u00e9tropole<\/a><\/li>\n<\/ul>\n<p><strong>Renseignements ville de Rennes<\/strong><\/p>\n<ul>\n<li><a title=\"Acc\u00e9der au site de l'Auberge de Jeunesse de Rennes\" href=\"http:\/\/fuaj.org\/Rennes\" target=\"_blank\" rel=\"noopener\">Auberge de jeunesse<\/a><\/li>\n<li><a title=\"Acc\u00e9der au site de l'Office de Tourisme de Rennes\" href=\"http:\/\/www.tourisme-rennes.com\" target=\"_blank\" rel=\"noopener\">Office du Tourisme<\/a><\/li>\n<\/ul>\n","protected":false},"excerpt":{"rendered":"<p>Etudier \u00e0 Rennes 2 Universit\u00e9 Rennes 2 Bourses et logements universitaires Les transports Site de la SNCF A\u00e9roport de Rennes Transports en commun Rennes M\u00e9tropole Renseignements ville de Rennes Auberge de jeunesse Office du Tourisme<\/p>\n","protected":false},"author":2,"featured_media":0,"parent":0,"menu_order":25,"comment_status":"closed","ping_status":"closed","template":"page-templates\/full-width.php","meta":{"footnotes":""},"class_list":["post-78","page","type-page","status-publish","hentry"],"_links":{"self":[{"href":"https:\/\/sites-formations.univ-rennes2.fr\/psychologie-master-ergonomie\/wp-json\/wp\/v2\/pages\/78","targetHints":{"allow":["GET"]}}],"collection":[{"href":"https:\/\/sites-formations.univ-rennes2.fr\/psychologie-master-ergonomie\/wp-json\/wp\/v2\/pages"}],"about":[{"href":"https:\/\/sites-formations.univ-rennes2.fr\/psychologie-master-ergonomie\/wp-json\/wp\/v2\/types\/page"}],"author":[{"embeddable":true,"href":"https:\/\/sites-formations.univ-rennes2.fr\/psychologie-master-ergonomie\/wp-json\/wp\/v2\/users\/2"}],"replies":[{"embeddable":true,"href":"https:\/\/sites-formations.univ-rennes2.fr\/psychologie-master-ergonomie\/wp-json\/wp\/v2\/comments?post=78"}],"version-history":[{"count":4,"href":"https:\/\/sites-formations.univ-rennes2.fr\/psychologie-master-ergonomie\/wp-json\/wp\/v2\/pages\/78\/revisions"}],"predecessor-version":[{"id":871,"href":"https:\/\/sites-formations.univ-rennes2.fr\/psychologie-master-ergonomie\/wp-json\/wp\/v2\/pages\/78\/revisions\/871"}],"wp:attachment":[{"href":"https:\/\/sites-formations.univ-rennes2.fr\/psychologie-master-ergonomie\/wp-json\/wp\/v2\/media?parent=78"}],"curies":[{"name":"wp","href":"https:\/\/api.w.org\/{rel}","templated":true}]}}