{"id":60,"date":"2015-02-17T10:20:35","date_gmt":"2015-02-17T09:20:35","guid":{"rendered":"https:\/\/sites-formations.univ-rennes2.fr\/psychologie-master-ergonomie\/?page_id=60"},"modified":"2023-01-11T18:08:45","modified_gmt":"2023-01-11T17:08:45","slug":"ce-quils-deviennent","status":"publish","type":"page","link":"https:\/\/sites-formations.univ-rennes2.fr\/psychologie-master-ergonomie\/ce-quils-deviennent\/","title":{"rendered":"Ce qu&rsquo;ils deviennent"},"content":{"rendered":"<p><strong><span style=\"color: #191970; font-size: x-large;\">Insertion \u00e0 6 mois<\/span><\/strong><\/p>\n<p>Nous r\u00e9alisons tous les ans en mars une enqu\u00eate aupr\u00e8s des \u00e9tudiants ayant obtenu leur dipl\u00f4me en septembre (6 mois auparavant) afin d&rsquo;avoir des informations quant \u00e0 leur insertion professionnelle : d\u00e9lai d&rsquo;obtention du premier emploi, type de poste, type de contrat, salaire, etc.<\/p>\n<hr>\n<p>Consulter nos enqu\u00eates \u00ab\u00a0Suivi de l&rsquo;insertion \u00e0 6 mois\u00a0\u00bb :<\/p>\n<ul>\n<li><a href=\"https:\/\/sites-formations.univ-rennes2.fr\/psychologie-master-ergonomie\/wp-content\/uploads\/2020\/04\/M2ergo_Suivi_insertion_6mois_Promo2019.pdf\" target=\"_blank\" rel=\"noopener noreferrer\"><strong>Promotion 2019<\/strong><\/a><\/li>\n<li><a href=\"https:\/\/sites-formations.univ-rennes2.fr\/psychologie-master-ergonomie\/wp-content\/uploads\/2020\/04\/M2ergo_Suivi_insertion_6mois_Promo2018.pdf\" target=\"_blank\" rel=\"noopener noreferrer\"><strong>Promotion 2018<\/strong><\/a><\/li>\n<li><a href=\"https:\/\/sites-formations.univ-rennes2.fr\/psychologie-master-ergonomie\/wp-content\/uploads\/2018\/04\/M2ergo_Suivi_insertion_6mois_Promo_2017.pdf\" target=\"_blank\" rel=\"noopener noreferrer\"><strong>Promotion 2017<\/strong><\/a><\/li>\n<li><a href=\"https:\/\/sites-formations.univ-rennes2.fr\/psychologie-master-ergonomie\/wp-content\/uploads\/2017\/04\/M2ergo_Suivi_insertion_6mois_Promo_2016.pdf\" target=\"_blank\" rel=\"noopener noreferrer\"><strong>Promotion 2016<\/strong><\/a><\/li>\n<li><a href=\"https:\/\/sites-formations.univ-rennes2.fr\/psychologie-master-ergonomie\/wp-content\/uploads\/2016\/06\/M2ergo_Suivi_insertion_6mois_Promo_2015.pdf\" target=\"_blank\" rel=\"noopener noreferrer\"><strong>Promotion 2015<\/strong><\/a><\/li>\n<li><a href=\"https:\/\/sites-formations.univ-rennes2.fr\/psychologie-master-ergonomie\/wp-content\/uploads\/2015\/04\/M2ergo_Suivi_insertion_6mois_Promo_2014.pdf\" target=\"_blank\" rel=\"noopener noreferrer\"><strong>Promotion 2014<\/strong><\/a><\/li>\n<li><a href=\"https:\/\/sites-formations.univ-rennes2.fr\/psychologie-master-ergonomie\/wp-content\/uploads\/2015\/02\/M2ergo_Suivi_insertion_6mois_Promo_2013.pdf\" target=\"_blank\" rel=\"noopener noreferrer\"><strong>Promotion 2013<\/strong><\/a><\/li>\n<\/ul>\n<p><strong><span style=\"color: #191970; font-size: x-large;\">Insertion \u00e0 3 ans : Enqu\u00eates du SUIO<\/span><\/strong><\/p>\n<p>Le SUIO r\u00e9alise tous les ans une enqu\u00eate aupr\u00e8s des \u00e9tudiants ayant obtenu leur dipl\u00f4me 3 ans auparavant afin de connaitre leur situation actuelle et leurs parcours respectifs depuis leur dipl\u00f4me : emploi actuel, salaire, nombre d&#8217;emplois occup\u00e9s depuis leur dipl\u00f4me, etc.<\/p>\n<p>Consulter les enqu\u00eates \u00ab\u00a0Ce qu&rsquo;ils deviennent\u00a0\u00bb du SUIO :<\/p>\n<ul>\n<li><a href=\"https:\/\/sites-formations.univ-rennes2.fr\/psychologie-master-ergonomie\/wp-content\/uploads\/2020\/04\/M2_Ergonomie_Suivi_Insertion_30mois_Promo2016.pdf\" target=\"_blank\" rel=\"noopener noreferrer\"><strong>Promotion 2016<\/strong><\/a><\/li>\n<li><a href=\"https:\/\/sites-formations.univ-rennes2.fr\/psychologie-master-ergonomie\/wp-content\/uploads\/2019\/05\/M2_Ergonomie_Suivi_Insertion_30mois_Promo2015.pdf\" target=\"_blank\" rel=\"noopener noreferrer\"><strong>Promotion 2015<\/strong><\/a><\/li>\n<li><a href=\"https:\/\/sites-formations.univ-rennes2.fr\/psychologie-master-ergonomie\/wp-content\/uploads\/2017\/11\/M2_Ergonomie_Suivi_Insertion_30mois_Promo2014.pdf\" target=\"_blank\" rel=\"noopener noreferrer\"><strong>Promotion 2014<\/strong><\/a><\/li>\n<li><a href=\"https:\/\/sites-formations.univ-rennes2.fr\/psychologie-master-ergonomie\/wp-content\/uploads\/2017\/04\/M2-Ergonomie-2013.pdf\" target=\"_blank\" rel=\"noopener noreferrer\"><strong>Promotion 2013<\/strong><\/a><\/li>\n<li><a href=\"https:\/\/sites-formations.univ-rennes2.fr\/psychologie-master-ergonomie\/wp-content\/uploads\/2016\/03\/M2-Ergonomie-2012.pdf\" target=\"_blank\" rel=\"noopener noreferrer\"><strong>Promotion 2012<\/strong><\/a><\/li>\n<li><a href=\"https:\/\/sites-formations.univ-rennes2.fr\/psychologie-master-ergonomie\/wp-content\/uploads\/2015\/02\/M2-Ergonomie-2011.pdf\" target=\"_blank\" rel=\"noopener noreferrer\"><strong>Promotion 2011<\/strong><\/a><\/li>\n<li><a href=\"https:\/\/sites-formations.univ-rennes2.fr\/psychologie-master-ergonomie\/wp-content\/uploads\/2015\/02\/M2-Ergonomie-2010.pdf\" target=\"_blank\" rel=\"noopener noreferrer\"><strong>Promotion 2010<\/strong><\/a><\/li>\n<li><a href=\"https:\/\/sites-formations.univ-rennes2.fr\/psychologie-master-ergonomie\/wp-content\/uploads\/2015\/02\/M2-Ergonomie-2009.pdf\" target=\"_blank\" rel=\"noopener noreferrer\"><strong>Promotion 2009<\/strong><\/a><\/li>\n<\/ul>\n","protected":false},"excerpt":{"rendered":"<p>Insertion \u00e0 6 mois Nous r\u00e9alisons tous les ans en mars une enqu\u00eate aupr\u00e8s des \u00e9tudiants ayant obtenu leur dipl\u00f4me en septembre (6 mois auparavant) afin d&rsquo;avoir des informations quant \u00e0 leur insertion professionnelle : d\u00e9lai d&rsquo;obtention du premier emploi, type de poste, type de contrat, salaire, etc. Consulter nos enqu\u00eates \u00ab\u00a0Suivi de l&rsquo;insertion \u00e0\u2026 <span class=\"read-more\"><a href=\"https:\/\/sites-formations.univ-rennes2.fr\/psychologie-master-ergonomie\/ce-quils-deviennent\/\">Lire la suite &raquo;<\/a><\/span><\/p>\n","protected":false},"author":2,"featured_media":0,"parent":0,"menu_order":22,"comment_status":"closed","ping_status":"closed","template":"page-templates\/full-width.php","meta":{"footnotes":""},"class_list":["post-60","page","type-page","status-publish","hentry"],"_links":{"self":[{"href":"https:\/\/sites-formations.univ-rennes2.fr\/psychologie-master-ergonomie\/wp-json\/wp\/v2\/pages\/60","targetHints":{"allow":["GET"]}}],"collection":[{"href":"https:\/\/sites-formations.univ-rennes2.fr\/psychologie-master-ergonomie\/wp-json\/wp\/v2\/pages"}],"about":[{"href":"https:\/\/sites-formations.univ-rennes2.fr\/psychologie-master-ergonomie\/wp-json\/wp\/v2\/types\/page"}],"author":[{"embeddable":true,"href":"https:\/\/sites-formations.univ-rennes2.fr\/psychologie-master-ergonomie\/wp-json\/wp\/v2\/users\/2"}],"replies":[{"embeddable":true,"href":"https:\/\/sites-formations.univ-rennes2.fr\/psychologie-master-ergonomie\/wp-json\/wp\/v2\/comments?post=60"}],"version-history":[{"count":18,"href":"https:\/\/sites-formations.univ-rennes2.fr\/psychologie-master-ergonomie\/wp-json\/wp\/v2\/pages\/60\/revisions"}],"predecessor-version":[{"id":846,"href":"https:\/\/sites-formations.univ-rennes2.fr\/psychologie-master-ergonomie\/wp-json\/wp\/v2\/pages\/60\/revisions\/846"}],"wp:attachment":[{"href":"https:\/\/sites-formations.univ-rennes2.fr\/psychologie-master-ergonomie\/wp-json\/wp\/v2\/media?parent=60"}],"curies":[{"name":"wp","href":"https:\/\/api.w.org\/{rel}","templated":true}]}}