{"id":56,"date":"2015-02-17T10:18:58","date_gmt":"2015-02-17T09:18:58","guid":{"rendered":"https:\/\/sites-formations.univ-rennes2.fr\/psychologie-master-ergonomie\/?page_id=56"},"modified":"2024-02-12T20:51:50","modified_gmt":"2024-02-12T19:51:50","slug":"calendrier-de-la-procedure-dadmission","status":"publish","type":"page","link":"https:\/\/sites-formations.univ-rennes2.fr\/psychologie-master-ergonomie\/calendrier-de-la-procedure-dadmission\/","title":{"rendered":"Calendrier de la proc\u00e9dure de s\u00e9lection"},"content":{"rendered":"<p>&nbsp;<br \/>\n<strong><span style=\"color: #191970;\"><span style=\"font-size: x-large;\">Calendrier 2024 de la proc\u00e9dure de s\u00e9lection M1<\/span><\/span><\/strong><\/p>\n<p><strong>Les dossiers de candidatures sont \u00e0 d\u00e9poser sur le site \u00ab\u00a0<a href=\"https:\/\/www.monmaster.gouv.fr\" target=\"_blank\" rel=\"noopener noreferrer\">MonMaster<\/a>\u00a0\u00bb <span style=\"text-decoration: underline;\">du 26 f\u00e9vrier au 24 mars 2024<\/span><\/strong>.<\/p>\n<p><strong><span style=\"text-decoration: underline;\">du 4 au 24 juin 2024<\/span> :<\/strong><br \/>\nPhase principale d&rsquo;admission.<br \/>\n<strong>Aucune r\u00e9ponse ne sera communiqu\u00e9e par t\u00e9l\u00e9phone. <\/strong><\/p>\n<p>&nbsp;<br \/>\n&nbsp;<br \/>\n&nbsp;<strong><span style=\"color: #191970;\"><span style=\"font-size: x-large;\">Calendrier 2024 de la proc\u00e9dure de s\u00e9lection M2<\/span><\/span><\/strong><\/p>\n<p><strong>Les dossiers de candidatures sont \u00e0 d\u00e9poser sur l&rsquo;application \u00ab\u00a0<a href=\"http:\/\/candidatures.uhb.fr\/#!accueilView\" target=\"_blank\" rel=\"noopener noreferrer\">e-Candidat<\/a>\u00a0\u00bb <span style=\"text-decoration: underline;\">du 17 avril au 13 mai 2024<\/span><\/strong>.<\/p>\n<p><strong><span style=\"text-decoration: underline;\">Vendredi 14 juin 2024<\/span> :<\/strong><br \/>\nNotification des d\u00e9cisions de la commission de s\u00e9lection. Une notification individualis\u00e9e sera envoy\u00e9e \u00e0 l\u2019ensemble des candidats via l&rsquo;application e-candidat.<br \/>\n<strong>Aucune r\u00e9ponse ne sera communiqu\u00e9e par t\u00e9l\u00e9phone. <\/strong><br \/>\n&nbsp;<\/p>\n<p><em>Pour information : Le secr\u00e9tariat du Master EPFH sera ferm\u00e9 au public de mi-juillet \u00e0 mi-ao\u00fbt.<\/em><\/p>\n<p>&nbsp;<br \/>\n<i><strong>N.B. : Les candidats admis sont avis\u00e9s par courrier des date, heure et lieu du d\u00e9but des cours ainsi que des informations n\u00e9cessaires au bon d\u00e9roulement de leur inscription administrative.<\/strong><\/i><\/p>\n","protected":false},"excerpt":{"rendered":"<p>&nbsp; Calendrier 2024 de la proc\u00e9dure de s\u00e9lection M1 Les dossiers de candidatures sont \u00e0 d\u00e9poser sur le site \u00ab\u00a0MonMaster\u00a0\u00bb du 26 f\u00e9vrier au 24 mars 2024. du 4 au 24 juin 2024 : Phase principale d&rsquo;admission. Aucune r\u00e9ponse ne sera communiqu\u00e9e par t\u00e9l\u00e9phone. &nbsp; &nbsp; &nbsp;Calendrier 2024 de la proc\u00e9dure de s\u00e9lection M2 Les\u2026 <span class=\"read-more\"><a href=\"https:\/\/sites-formations.univ-rennes2.fr\/psychologie-master-ergonomie\/calendrier-de-la-procedure-dadmission\/\">Lire la suite &raquo;<\/a><\/span><\/p>\n","protected":false},"author":2,"featured_media":0,"parent":0,"menu_order":19,"comment_status":"closed","ping_status":"closed","template":"page-templates\/full-width.php","meta":{"footnotes":""},"class_list":["post-56","page","type-page","status-publish","hentry"],"_links":{"self":[{"href":"https:\/\/sites-formations.univ-rennes2.fr\/psychologie-master-ergonomie\/wp-json\/wp\/v2\/pages\/56","targetHints":{"allow":["GET"]}}],"collection":[{"href":"https:\/\/sites-formations.univ-rennes2.fr\/psychologie-master-ergonomie\/wp-json\/wp\/v2\/pages"}],"about":[{"href":"https:\/\/sites-formations.univ-rennes2.fr\/psychologie-master-ergonomie\/wp-json\/wp\/v2\/types\/page"}],"author":[{"embeddable":true,"href":"https:\/\/sites-formations.univ-rennes2.fr\/psychologie-master-ergonomie\/wp-json\/wp\/v2\/users\/2"}],"replies":[{"embeddable":true,"href":"https:\/\/sites-formations.univ-rennes2.fr\/psychologie-master-ergonomie\/wp-json\/wp\/v2\/comments?post=56"}],"version-history":[{"count":27,"href":"https:\/\/sites-formations.univ-rennes2.fr\/psychologie-master-ergonomie\/wp-json\/wp\/v2\/pages\/56\/revisions"}],"predecessor-version":[{"id":903,"href":"https:\/\/sites-formations.univ-rennes2.fr\/psychologie-master-ergonomie\/wp-json\/wp\/v2\/pages\/56\/revisions\/903"}],"wp:attachment":[{"href":"https:\/\/sites-formations.univ-rennes2.fr\/psychologie-master-ergonomie\/wp-json\/wp\/v2\/media?parent=56"}],"curies":[{"name":"wp","href":"https:\/\/api.w.org\/{rel}","templated":true}]}}