{"id":514,"date":"2017-02-24T20:37:45","date_gmt":"2017-02-24T19:37:45","guid":{"rendered":"https:\/\/sites-formations.univ-rennes2.fr\/psychologie-master-ergonomie\/?page_id=514"},"modified":"2023-01-11T18:07:39","modified_gmt":"2023-01-11T17:07:39","slug":"semestre-8","status":"publish","type":"page","link":"https:\/\/sites-formations.univ-rennes2.fr\/psychologie-master-ergonomie\/details-des-enseignements\/semestre-8\/","title":{"rendered":"Semestre 8"},"content":{"rendered":"<p>&nbsp;<br \/>\n<strong><span style=\"color: #191970;\">UEF 1 : Sant\u00e9 au Travail (40h)<\/span><\/strong><\/p>\n<ul>\n<li>Stress, bien-\u00eatre et \u00e9motions au travail<\/li>\n<li>Douleur et souffrance au travail<\/li>\n<li>Vieillissement, travail et sant\u00e9<\/li>\n<li>Genre, travail et sant\u00e9<\/li>\n<li>Communication et m\u00e9thodes de pr\u00e9vention<\/li>\n<\/ul>\n<p><strong><span style=\"color: #191970;\">UEF 2 : Ergonomie, psychologie des facteurs humains (48h)<\/span><\/strong><\/p>\n<ul>\n<li>Am\u00e9nagement des espaces de travail<\/li>\n<li>Interactions Homme -Machine<\/li>\n<li>Environnements d\u2019apprentissage<\/li>\n<li>Biom\u00e9canique<\/li>\n<li>P\u00e9nibilit\u00e9 et travail<\/li>\n<\/ul>\n<p><strong><span style=\"color: #191970;\">UEM 1 : M\u00e9moire de recherche<\/span><\/strong><\/p>\n<p><strong><span style=\"color: #191970;\">UEM 2 : Stage (20 jours)<\/span><\/strong><\/p>\n<p>Le but de ce stage de 20 jours est de d\u00e9couvrir un ou plusieurs champs d\u2019application de la psychologie du travail et\/ou de l\u2019ergonomie. L\u2019objectif est d\u2019observer et d\u00e9couvrir les activit\u00e9s r\u00e9alis\u00e9es sur le terrain et d\u2019en faire une analyse au regard des enseignements suivis.<\/p>\n<p><strong><span style=\"color: #191970;\">UEL 2 : Langue \u00e9trang\u00e8re (24h)<\/span><\/strong><\/p>\n<p style=\"text-align: right;\"><span style=\"color: #0966b8;\"><a style=\"color: #0966b8;\" title=\"Retour \u00e0 la liste des UE\" href=\"?p=34\">Retour \u00e0 la liste des Unit\u00e9s d&rsquo;Enseignements<\/a><\/span><\/p>\n","protected":false},"excerpt":{"rendered":"<p>&nbsp; UEF 1 : Sant\u00e9 au Travail (40h) Stress, bien-\u00eatre et \u00e9motions au travail Douleur et souffrance au travail Vieillissement, travail et sant\u00e9 Genre, travail et sant\u00e9 Communication et m\u00e9thodes de pr\u00e9vention UEF 2 : Ergonomie, psychologie des facteurs humains (48h) Am\u00e9nagement des espaces de travail Interactions Homme -Machine Environnements d\u2019apprentissage Biom\u00e9canique P\u00e9nibilit\u00e9 et travail\u2026 <span class=\"read-more\"><a href=\"https:\/\/sites-formations.univ-rennes2.fr\/psychologie-master-ergonomie\/details-des-enseignements\/semestre-8\/\">Lire la suite &raquo;<\/a><\/span><\/p>\n","protected":false},"author":2,"featured_media":0,"parent":34,"menu_order":9,"comment_status":"closed","ping_status":"closed","template":"","meta":{"footnotes":""},"class_list":["post-514","page","type-page","status-publish","hentry"],"_links":{"self":[{"href":"https:\/\/sites-formations.univ-rennes2.fr\/psychologie-master-ergonomie\/wp-json\/wp\/v2\/pages\/514","targetHints":{"allow":["GET"]}}],"collection":[{"href":"https:\/\/sites-formations.univ-rennes2.fr\/psychologie-master-ergonomie\/wp-json\/wp\/v2\/pages"}],"about":[{"href":"https:\/\/sites-formations.univ-rennes2.fr\/psychologie-master-ergonomie\/wp-json\/wp\/v2\/types\/page"}],"author":[{"embeddable":true,"href":"https:\/\/sites-formations.univ-rennes2.fr\/psychologie-master-ergonomie\/wp-json\/wp\/v2\/users\/2"}],"replies":[{"embeddable":true,"href":"https:\/\/sites-formations.univ-rennes2.fr\/psychologie-master-ergonomie\/wp-json\/wp\/v2\/comments?post=514"}],"version-history":[{"count":4,"href":"https:\/\/sites-formations.univ-rennes2.fr\/psychologie-master-ergonomie\/wp-json\/wp\/v2\/pages\/514\/revisions"}],"predecessor-version":[{"id":798,"href":"https:\/\/sites-formations.univ-rennes2.fr\/psychologie-master-ergonomie\/wp-json\/wp\/v2\/pages\/514\/revisions\/798"}],"up":[{"embeddable":true,"href":"https:\/\/sites-formations.univ-rennes2.fr\/psychologie-master-ergonomie\/wp-json\/wp\/v2\/pages\/34"}],"wp:attachment":[{"href":"https:\/\/sites-formations.univ-rennes2.fr\/psychologie-master-ergonomie\/wp-json\/wp\/v2\/media?parent=514"}],"curies":[{"name":"wp","href":"https:\/\/api.w.org\/{rel}","templated":true}]}}