{"id":508,"date":"2017-02-24T20:31:14","date_gmt":"2017-02-24T19:31:14","guid":{"rendered":"https:\/\/sites-formations.univ-rennes2.fr\/psychologie-master-ergonomie\/?page_id=508"},"modified":"2023-01-11T18:07:32","modified_gmt":"2023-01-11T17:07:32","slug":"semestre-7","status":"publish","type":"page","link":"https:\/\/sites-formations.univ-rennes2.fr\/psychologie-master-ergonomie\/details-des-enseignements\/semestre-7\/","title":{"rendered":"Semestre 7"},"content":{"rendered":"<p>&nbsp;<br \/>\n<strong><span style=\"color: #191970;\">UEF 1 : Psychologie du Travail et des Organisations (48h)<\/span><\/strong><\/p>\n<ul>\n<li>Satisfaction au travail<\/li>\n<li>Processus organisationnel<\/li>\n<li>Comp\u00e9tences<\/li>\n<li>\u00c9valuation, accompagnement et s\u00e9lection<\/li>\n<\/ul>\n<p><strong><span style=\"color: #191970;\">UEF 2 : Approches fondamentales (48h)<\/span><\/strong><\/p>\n<ul>\n<li>Processus cognitifs et motivationnels au travail<br \/>\n&#8211; Attention, m\u00e9moire et vigilance<br \/>\n&#8211; Compr\u00e9hension et production du langage<br \/>\n&#8211; Motivation et sentiment d\u2019efficacit\u00e9 personnelle\n<\/li>\n<li>Processus psychosociaux au travail<br \/>\n&#8211; Communication et gestion des conflits<br \/>\n&#8211; Dynamique de groupe et leadership<br \/>\n&#8211; Jugement et formation d\u2019impression<br \/>\n&#8211; Changement comportemental\n\t<\/li>\n<\/ul>\n<p><strong><span style=\"color: #191970;\">UEM 1 : Initiation \u00e0 la recherche<\/span><\/strong><\/p>\n<p><strong><span style=\"color: #191970;\">UEM 2 : M\u00e9thodes d&rsquo;enqu\u00eate en psychologie du travail (48h)<\/span><\/strong><\/p>\n<ul>\n<li>M\u00e9thode de l&rsquo;entretien<\/li>\n<li>M\u00e9thode du questionnaire<\/li>\n<\/ul>\n<p><strong><span style=\"color: #191970;\">UEM 3 : M\u00e9thodes d&rsquo;observation et d&rsquo;exp\u00e9rimentation en psychologie du travail (48h)<\/span><\/strong><\/p>\n<ul>\n<li>M\u00e9thode exp\u00e9rimentale<\/li>\n<li>M\u00e9thode d&rsquo;observation<\/li>\n<\/ul>\n<p><strong><span style=\"color: #191970;\">UEL 1 : Langue \u00e9trang\u00e8re (24h)<\/span><\/strong><\/p>\n<p style=\"text-align: right;\"><span style=\"color: #0966b8;\"><a style=\"color: #0966b8;\" title=\"Retour \u00e0 la liste des UE\" href=\"?p=34\">Retour \u00e0 la liste des Unit\u00e9s d&rsquo;Enseignements<\/a><\/span><\/p>\n","protected":false},"excerpt":{"rendered":"<p>&nbsp; UEF 1 : Psychologie du Travail et des Organisations (48h) Satisfaction au travail Processus organisationnel Comp\u00e9tences \u00c9valuation, accompagnement et s\u00e9lection UEF 2 : Approches fondamentales (48h) Processus cognitifs et motivationnels au travail &#8211; Attention, m\u00e9moire et vigilance &#8211; Compr\u00e9hension et production du langage &#8211; Motivation et sentiment d\u2019efficacit\u00e9 personnelle Processus psychosociaux au travail &#8211;\u2026 <span class=\"read-more\"><a href=\"https:\/\/sites-formations.univ-rennes2.fr\/psychologie-master-ergonomie\/details-des-enseignements\/semestre-7\/\">Lire la suite &raquo;<\/a><\/span><\/p>\n","protected":false},"author":2,"featured_media":0,"parent":34,"menu_order":8,"comment_status":"closed","ping_status":"closed","template":"","meta":{"footnotes":""},"class_list":["post-508","page","type-page","status-publish","hentry"],"_links":{"self":[{"href":"https:\/\/sites-formations.univ-rennes2.fr\/psychologie-master-ergonomie\/wp-json\/wp\/v2\/pages\/508","targetHints":{"allow":["GET"]}}],"collection":[{"href":"https:\/\/sites-formations.univ-rennes2.fr\/psychologie-master-ergonomie\/wp-json\/wp\/v2\/pages"}],"about":[{"href":"https:\/\/sites-formations.univ-rennes2.fr\/psychologie-master-ergonomie\/wp-json\/wp\/v2\/types\/page"}],"author":[{"embeddable":true,"href":"https:\/\/sites-formations.univ-rennes2.fr\/psychologie-master-ergonomie\/wp-json\/wp\/v2\/users\/2"}],"replies":[{"embeddable":true,"href":"https:\/\/sites-formations.univ-rennes2.fr\/psychologie-master-ergonomie\/wp-json\/wp\/v2\/comments?post=508"}],"version-history":[{"count":4,"href":"https:\/\/sites-formations.univ-rennes2.fr\/psychologie-master-ergonomie\/wp-json\/wp\/v2\/pages\/508\/revisions"}],"predecessor-version":[{"id":574,"href":"https:\/\/sites-formations.univ-rennes2.fr\/psychologie-master-ergonomie\/wp-json\/wp\/v2\/pages\/508\/revisions\/574"}],"up":[{"embeddable":true,"href":"https:\/\/sites-formations.univ-rennes2.fr\/psychologie-master-ergonomie\/wp-json\/wp\/v2\/pages\/34"}],"wp:attachment":[{"href":"https:\/\/sites-formations.univ-rennes2.fr\/psychologie-master-ergonomie\/wp-json\/wp\/v2\/media?parent=508"}],"curies":[{"name":"wp","href":"https:\/\/api.w.org\/{rel}","templated":true}]}}