{"id":50,"date":"2015-02-17T10:15:20","date_gmt":"2015-02-17T09:15:20","guid":{"rendered":"https:\/\/sites-formations.univ-rennes2.fr\/psychologie-master-ergonomie\/?page_id=50"},"modified":"2023-03-09T10:33:58","modified_gmt":"2023-03-09T09:33:58","slug":"conditions-dadmission","status":"publish","type":"page","link":"https:\/\/sites-formations.univ-rennes2.fr\/psychologie-master-ergonomie\/conditions-dadmission\/","title":{"rendered":"Proc\u00e9dure de s\u00e9lection"},"content":{"rendered":"<p><strong><span style=\"color: #191970;\">Proc\u00e9dure de s\u00e9lection pour l&rsquo;entr\u00e9e en Master<\/span><\/strong><\/p>\n<p><em><strong>Rappel<\/strong> : il n&rsquo;y a aucun acc\u00e8s de droit en Master ; l&rsquo;acc\u00e8s est exclusivement s\u00e9lectif, pour tout public.<\/em><\/p>\n<p>Depuis la rentr\u00e9e 2017, la s\u00e9lection se fait \u00e0 l\u2019entr\u00e9e en Master 1.<\/p>\n<p>&nbsp;<br \/>\n<strong><span style=\"color: #191970;\"><span style=\"font-size: large;\"><span style=\"text-decoration: underline;\">S\u00e9lection \u00e0 l&rsquo;entr\u00e9e du Master 1<\/span><\/span><\/span><\/strong><\/p>\n<p>La proc\u00e9dure de s\u00e9lection en M1 dans le parcours EPFH se d\u00e9roule en 2 \u00e9tapes :<\/p>\n<li>Etape 1 : \u00c9tude de la recevabilit\u00e9 du dossier.<\/li>\n<li>Etape 2 : Phase d\u2019admission avec examen des dossiers.<\/li>\n<p>&nbsp;<br \/>\n<strong><span style=\"color: #191970;\">Recevabilit\u00e9 du dossier :<\/span><\/strong><\/p>\n<p>Peuvent pr\u00e9senter leur candidature \u00e0 l\u2019entr\u00e9e en Master 1 \u00ab Ergonomie, Psychologie des Facteurs Humains \u00bb les \u00e9tudiants titulaires d\u2019une licence de psychologie d\u00e9livr\u00e9e par une universit\u00e9 fran\u00e7aise.<\/p>\n<p>Pour une licence d\u00e9livr\u00e9e par une universit\u00e9 \u00e9trang\u00e8re, l\u2019avis de la commission p\u00e9dagogique est n\u00e9cessaire. Pour un \u00e9tudiant \u00e9tranger (proc\u00e9dure campus France), une ma\u00eetrise suffisante de la langue fran\u00e7aise est requise (niveau C1).<\/p>\n<p>Le Master 1 \u00ab Ergonomie, Psychologie des Facteurs Humains \u00bb peut \u00e9galement \u00eatre accessible \u00e0 des candidats n\u2019ayant pas suivi un cursus en psychologie, sous r\u00e9serve de pouvoir justifier de connaissances et comp\u00e9tences minimales dans le domaine de la psychologie et\/ou de l\u2019ergonomie.<\/p>\n<p>Un dossier de candidature doit avoir \u00e9t\u00e9 d\u00e9pos\u00e9 dans les temps, accompagn\u00e9 de l\u2019ensemble des pi\u00e8ces demand\u00e9es.<br \/>\nUne traduction certifi\u00e9e conforme en fran\u00e7ais est n\u00e9cessaire pour les documents relatifs au cursus si dipl\u00f4mes \u00e9trangers (dipl\u00f4mes, relev\u00e9s de notes, programmes).<br \/>\nTout dossier incomplet sera consid\u00e9r\u00e9 comme irrecevable.<\/p>\n<p>&nbsp;<br \/>\n<strong><span style=\"color: #191970;\">Phase d&rsquo;admission :<\/span><\/strong><\/p>\n<p>Au cours de cette phase d\u2019admission, le jury proc\u00e8de \u00e0 l\u2019examen du parcours et de la qualit\u00e9 du dossier acad\u00e9mique.<\/p>\n<ul>Une attention particuli\u00e8re est port\u00e9e sur les indicateurs suivants :<\/p>\n<li>Nombre d\u2019ann\u00e9es pour obtenir la Licence<\/li>\n<li>Moyennes g\u00e9n\u00e9rales obtenues en L1, L2, et L3<\/li>\n<li>Projet professionnel<\/li>\n<\/ul>\n<p>Le(la) candidat(e) pourra fournir dans son dossier des \u00e9l\u00e9ments compl\u00e9mentaires susceptibles d\u2019argumenter son parcours acad\u00e9mique, par exemple une ou des activit\u00e9s professionnelles en dehors du cursus.<br \/>\nLe jury proc\u00e9dera lors de cette phase \u00e0 l\u2019examen du projet professionnel de l\u2019\u00e9tudiant(e). La qualit\u00e9 de la pr\u00e9sentation et la maturit\u00e9 du projet professionnel de l\u2019\u00e9tudiant(e) ainsi que son ad\u00e9quation avec le parcours EPFH seront \u00e9valu\u00e9es.<\/p>\n<p>A la suite de cette \u00e9tape de s\u00e9lection des dossiers, une liste de candidats admis dans le M1 EPFH est \u00e9tablie par le jury de s\u00e9lection.<\/p>\n<p>&nbsp;<\/p>\n<p><strong><span style=\"color: #191970;\"><span style=\"font-size: large;\"><span style=\"text-decoration: underline;\">S\u00e9lection \u00e0 l&rsquo;entr\u00e9e du Master 2<\/span><\/span><\/span><\/strong><\/p>\n<p><strong>Rappel<\/strong> : Il n\u2019y a plus de s\u00e9lection \u00e0 l\u2019entr\u00e9e du Master 2. Tous les \u00e9tudiants ayant suivi et valid\u00e9 le Master 1 EPFH peuvent acc\u00e9der au Master 2 EPFH.<\/p>\n<p><strong>Cas particulier<\/strong> : Les personnes en reprises d\u2019\u00e9tudes (par exemple, souhaitant b\u00e9n\u00e9ficier d\u2019une ann\u00e9e de cong\u00e9 formation) qui souhaiteraient int\u00e9grer directement le Master 2 sont invit\u00e9es \u00e0 postuler en Master 2 selon la proc\u00e9dure et le calendrier d\u00e9crits pr\u00e9c\u00e9demment. Une \u00e9tape suppl\u00e9mentaire d\u2019admission sur entretien sera r\u00e9alis\u00e9e \u00e0 l\u2019issue de l\u2019examen du dossier. L\u2019acc\u00e8s direct en Master 2 ne pourra se faire que sous r\u00e9serve de places disponibles.<\/p>\n","protected":false},"excerpt":{"rendered":"<p>Proc\u00e9dure de s\u00e9lection pour l&rsquo;entr\u00e9e en Master Rappel : il n&rsquo;y a aucun acc\u00e8s de droit en Master ; l&rsquo;acc\u00e8s est exclusivement s\u00e9lectif, pour tout public. Depuis la rentr\u00e9e 2017, la s\u00e9lection se fait \u00e0 l\u2019entr\u00e9e en Master 1. &nbsp; S\u00e9lection \u00e0 l&rsquo;entr\u00e9e du Master 1 La proc\u00e9dure de s\u00e9lection en M1 dans le parcours\u2026 <span class=\"read-more\"><a href=\"https:\/\/sites-formations.univ-rennes2.fr\/psychologie-master-ergonomie\/conditions-dadmission\/\">Lire la suite &raquo;<\/a><\/span><\/p>\n","protected":false},"author":2,"featured_media":0,"parent":0,"menu_order":18,"comment_status":"closed","ping_status":"closed","template":"page-templates\/full-width.php","meta":{"footnotes":""},"class_list":["post-50","page","type-page","status-publish","hentry"],"_links":{"self":[{"href":"https:\/\/sites-formations.univ-rennes2.fr\/psychologie-master-ergonomie\/wp-json\/wp\/v2\/pages\/50","targetHints":{"allow":["GET"]}}],"collection":[{"href":"https:\/\/sites-formations.univ-rennes2.fr\/psychologie-master-ergonomie\/wp-json\/wp\/v2\/pages"}],"about":[{"href":"https:\/\/sites-formations.univ-rennes2.fr\/psychologie-master-ergonomie\/wp-json\/wp\/v2\/types\/page"}],"author":[{"embeddable":true,"href":"https:\/\/sites-formations.univ-rennes2.fr\/psychologie-master-ergonomie\/wp-json\/wp\/v2\/users\/2"}],"replies":[{"embeddable":true,"href":"https:\/\/sites-formations.univ-rennes2.fr\/psychologie-master-ergonomie\/wp-json\/wp\/v2\/comments?post=50"}],"version-history":[{"count":17,"href":"https:\/\/sites-formations.univ-rennes2.fr\/psychologie-master-ergonomie\/wp-json\/wp\/v2\/pages\/50\/revisions"}],"predecessor-version":[{"id":885,"href":"https:\/\/sites-formations.univ-rennes2.fr\/psychologie-master-ergonomie\/wp-json\/wp\/v2\/pages\/50\/revisions\/885"}],"wp:attachment":[{"href":"https:\/\/sites-formations.univ-rennes2.fr\/psychologie-master-ergonomie\/wp-json\/wp\/v2\/media?parent=50"}],"curies":[{"name":"wp","href":"https:\/\/api.w.org\/{rel}","templated":true}]}}