{"id":48,"date":"2015-02-17T10:14:33","date_gmt":"2015-02-17T09:14:33","guid":{"rendered":"https:\/\/sites-formations.univ-rennes2.fr\/psychologie-master-ergonomie\/?page_id=48"},"modified":"2024-02-16T20:29:01","modified_gmt":"2024-02-16T19:29:01","slug":"equipe-pedagogique","status":"publish","type":"page","link":"https:\/\/sites-formations.univ-rennes2.fr\/psychologie-master-ergonomie\/equipe-pedagogique\/","title":{"rendered":"\u00c9quipe p\u00e9dagogique"},"content":{"rendered":"<p>&nbsp;<br \/>\nL&rsquo;\u00e9quipe p\u00e9dagogique est compos\u00e9e d&rsquo;enseignants-chercheurs, ainsi que de professionnels, intervenants ext\u00e9rieurs.<\/p>\n<p>&nbsp;<br \/>\n<strong><span style=\"color: #191970; font-size: x-large;\">Enseignants chercheurs<\/span><\/strong><\/p>\n<p><strong>C. Chauvin<\/strong><br \/>\nLaboratoire de rattachement : <a href=\"https:\/\/www.labsticc.fr\/en\/francais\/\" target=\"_blank\" rel=\"noopener noreferrer\">lab-STICC<\/a><br \/>\n<span style=\"text-decoration: underline;\">Th\u00e8mes de recherche<\/span> :<\/p>\n<ul>\n<li>Prise de d\u00e9cision en situation dynamique<\/li>\n<li>Gestion des risques, s\u00e9curit\u00e9 dans les syst\u00e8mes socio-techniques<\/li>\n<li>Mod\u00e9lisation et simulation cognitive<\/li>\n<li>Int\u00e9gration de la s\u00e9curit\u00e9 et de l\u2019ergonomie dans la conception des syst\u00e8mes de travail<\/li>\n<\/ul>\n<p><strong>J. Dinet<\/strong><br \/>\nLaboratoire de rattachement : <a href=\"http:\/\/2lpn.univ-lorraine.fr\/\" target=\"_blank\" rel=\"noopener noreferrer\">Laboratoire Lorrain de Psychologie et Neurosciences de la Dynamique des Comportements (2LPN)<\/a><br \/>\n<span style=\"text-decoration: underline;\">Th\u00e8mes de recherche<\/span> :<\/p>\n<ul>\n<li>Apprentissage<\/li>\n<li>Interaction cognition &#8211; \u00e9motion<\/li>\n<li>Psychologie du d\u00e9veloppement \u00ab\u00a0vie enti\u00e8re\u00a0\u00bb<\/li>\n<li>Navigation et mobilit\u00e9 (env. physique et num\u00e9rique)<\/li>\n<li>Interaction Homme-Machine<\/li>\n<li>Risques, perception des risques<\/li>\n<li>Epist\u00e9mologie de la psychologie<\/li>\n<\/ul>\n<p><strong>V. Dodeler<\/strong><br \/>\nLaboratoire de rattachement : <a href=\"https:\/\/www.lp3c.fr\/\" target=\"_blank\" rel=\"noopener noreferrer\">LP3C &#8211; Axe \u00ab\u00a0Performances, socio-performances et apprentissages\u00a0\u00bb<\/a><br \/>\n<span style=\"text-decoration: underline;\">Th\u00e8mes de recherche<\/span> :<\/p>\n<ul>\n<li>Sant\u00e9 au travail et risques psychosociaux<\/li>\n<li>Am\u00e9nagement des espaces de travail et des espaces de soins<\/li>\n<\/ul>\n<p><strong>S. Erhel<\/strong><br \/>\nLaboratoire de rattachement : <a href=\"https:\/\/www.lp3c.fr\/\" target=\"_blank\" rel=\"noopener noreferrer\">LP3C &#8211; Axe \u00ab\u00a0Performances, socio-performances et apprentissages\u00a0\u00bb<\/a><br \/>\n<span style=\"text-decoration: underline;\">Th\u00e8mes de recherche<\/span> :<\/p>\n<ul>\n<li>Effets de l\u2019int\u00e9gration texte-image sur l\u2019apprentissage de documents p\u00e9dagogiques<\/li>\n<li>Effet des Serious Game \u00e9ducatifs sur l\u2019apprentissage et la motivation<\/li>\n<li>Effets de la pr\u00e9sence des agents p\u00e9dagogiques virtuels<\/li>\n<\/ul>\n<p><strong>F. Ganier<\/strong><br \/>\nLaboratoire de rattachement : <a href=\"https:\/\/www.labsticc.fr\/en\/francais\/\" target=\"_blank\" rel=\"noopener noreferrer\">lab-STICC<\/a><br \/>\n<span style=\"text-decoration: underline;\">Th\u00e8mes de recherche<\/span> :<\/p>\n<ul>\n<li>Apprentissage de proc\u00e9dures en environnement r\u00e9el ou virtuel<\/li>\n<li>\u00c9tude des activit\u00e9s cognitives en jeu dans l&rsquo;utilisation et la compr\u00e9hension d&rsquo;instructions proc\u00e9durales<\/li>\n<li>\u00c9valuation et r\u00e9vision d&rsquo;instructions proc\u00e9durales<\/li>\n<\/ul>\n<p><strong>E. Jamet<\/strong><br \/>\nLaboratoire de rattachement : <a href=\"https:\/\/www.lp3c.fr\/\" target=\"_blank\" rel=\"noopener noreferrer\">LP3C &#8211; Axe \u00ab\u00a0Performances, socio-performances et apprentissages\u00a0\u00bb<\/a><br \/>\n<span style=\"text-decoration: underline;\">Th\u00e8mes de recherche<\/span> :<\/p>\n<ul>\n<li>Psychologie cognitive et ergonomique.<\/li>\n<li>\u00c9tude des traitements cognitifs r\u00e9alis\u00e9s pendant l&rsquo;apprentissage \u00e0 partir de documents p\u00e9dagogiques ou techniques<\/li>\n<li>\u00c9tude des difficult\u00e9s d&rsquo;utilisation de syst\u00e8mes complexes d\u2019interaction homme &#8211; machine.<\/li>\n<\/ul>\n<p><strong>E. Michinov<\/strong><br \/>\nLaboratoire de rattachement : <a href=\"https:\/\/www.lp3c.fr\/\" target=\"_blank\" rel=\"noopener noreferrer\">LP3C &#8211; Axe \u00ab\u00a0Performances, socio-performances et apprentissages\u00a0\u00bb<\/a><br \/>\n<span style=\"text-decoration: underline;\">Th\u00e8mes de recherche <\/span>:<\/p>\n<ul>\n<li>Relations interpersonnelles : \u00c9tude des d\u00e9terminants et impact sur les cognitions et performances.<\/li>\n<li>Processus de groupes\/\u00e9quipes de travail et performance<\/li>\n<li>Cognition distribu\u00e9e : \u00c9tude du syst\u00e8me de m\u00e9moire transactive<\/li>\n<li>Psychologie sociale de la m\u00e9decine<\/li>\n<\/ul>\n<p><strong>N. Michinov<\/strong><br \/>\nLaboratoire de rattachement : <a href=\"https:\/\/www.lp3c.fr\/\" target=\"_blank\" rel=\"noopener noreferrer\">LP3C &#8211; Axe \u00ab\u00a0Performances, socio-performances et apprentissages\u00a0\u00bb<\/a><br \/>\n<span style=\"text-decoration: underline;\">Th\u00e8mes de recherche <\/span>:<\/p>\n<ul>\n<li>\u00c9tude des processus psychosociaux (comparaison sociale, identit\u00e9 sociale, m\u00e9moire transactive) et leur impact sur les performances individuelles et collectives<\/li>\n<\/ul>\n<p><strong>T. Morineau<\/strong><br \/>\nLaboratoire de rattachement : <a href=\"http:\/\/www.univ-ubs.fr\/mdr\/labomemb\/lestic.htm\" target=\"_blank\" rel=\"noopener noreferrer\">CRPCC \u2013LESTIC<\/a><br \/>\n<span style=\"text-decoration: underline;\">Th\u00e8mes de recherche <\/span>:<\/p>\n<ul>\n<li>Ergonomie cognitive, ergonomie des syst\u00e8mes d\u2019information<\/li>\n<li>Psychologie \u00e9cologique<\/li>\n<\/ul>\n<p><strong>C. Quaireau<\/strong><br \/>\nLaboratoire de rattachement : <a href=\"https:\/\/www.lp3c.fr\/\" target=\"_blank\" rel=\"noopener noreferrer\">LP3C &#8211; Axe \u00ab\u00a0Performances, socio-performances et apprentissages\u00a0\u00bb<\/a><br \/>\n<span style=\"text-decoration: underline;\">Th\u00e8mes de recherche <\/span>:<\/p>\n<ul>\n<li>\u00c9tude des m\u00e9canismes attentionnels (attention s\u00e9lective et divis\u00e9e) et de leur impact sur l&rsquo;efficacit\u00e9 des individus.<\/li>\n<li>Orientation et r\u00e9orientation de l&rsquo;attention dans un environnement complexe et plurimodal<\/li>\n<li>Contr\u00f4le attentionnel dans la gestion des traitements de l\u2019information<\/li>\n<\/ul>\n<p><strong>G. Rouxel<\/strong><br \/>\nLaboratoire de rattachement : <a href=\"https:\/\/www.lp3c.fr\/\" target=\"_blank\" rel=\"noopener noreferrer\">LP3C &#8211; Axe \u00ab\u00a0Performances, socio-performances et apprentissages\u00a0\u00bb<\/a><br \/>\n<span style=\"text-decoration: underline;\">Th\u00e8mes de recherche <\/span>:<br \/>\n\u00c9tude des d\u00e9terminants conatifs (personnalit\u00e9, temp\u00e9rament, \u00e9motions, motivations,\u2026) des conduites dans les domaines suivants :<\/p>\n<ul>\n<li>orientation scolaire et professionnelle (aspirations scolaires, choix d\u2019orientation diff\u00e9renci\u00e9s selon le genre,\u2026),<\/li>\n<li>travail (stress et travail ; \u00e9motions et\/ou bien-\u00eatre au travail, \u00e9motions et interactions homme-machine,\u2026),<\/li>\n<li>sant\u00e9 (coping ; adaptation \u00e0 la maladie grave, \u00e0 la douleur chronique, \u00e0 un handicap,\u2026).<\/li>\n<\/ul>\n<p>&nbsp;<\/p>\n<p><strong><span style=\"color: #191970; font-size: x-large;\">Intervenants ext\u00e9rieurs<\/span><\/strong><\/p>\n<p>M. Andr\u00e9, ergoth\u00e9rapeute, Hoppen<\/p>\n<p>F. Boh\u00e9as, Inspecteur du travail, Direccte Bretagne<\/p>\n<p>V. Botherel, Experte UX et Accessibilit\u00e9, Orange<\/p>\n<p>C. Chesneau, Ergonome UX Designer, Thal\u00e8s<\/p>\n<p>C. Cotard, Psychologue, Ecole de Police de Saint Malo<\/p>\n<p>E. Daniel, Ing\u00e9nieur Hygi\u00e8ne S\u00e9curit\u00e9 &#8211; IPRP, AST35<\/p>\n<p>Dr N. Debry, M\u00e9decin du travail, AST35<\/p>\n<p>C. Gabarre, Psychologue ergonome, Centre du P\u00e2tis Fraux<\/p>\n<p>G. Gronier, Chercheur en ergonomie cognitive et IHM, Luxembourg Institute of Science and Technology (LIST)<\/p>\n<p>F. Lorandel, Animateur S\u00e9curit\u00e9 Environnement, Talendi<\/p>\n<p>E. Le Bezvo\u00ebt, Psychologue, CH Guillaume R\u00e9gnier<\/p>\n<p>E. Le Ruyet, Responsable P\u00f4le Ergonomie &#038; Facteurs Humains, Safran<\/p>\n<p>Q. Martel, Ergonome IPRP, AST35<\/p>\n<p>B. Muller, Responsable ergonomie, handicap et sant\u00e9 au travail, Groupe Rocher<\/p>\n<p>A. Pouzet, Ergonome, Orange Centre de Test Clients<\/p>\n<p>M.S. Reminiac-Bracq, Psychologue du travail ergonome<\/p>\n<p>M.P. Th\u00e9rin, Psychologue du travail ergonome, AIST22<\/p>\n","protected":false},"excerpt":{"rendered":"<p>&nbsp; L&rsquo;\u00e9quipe p\u00e9dagogique est compos\u00e9e d&rsquo;enseignants-chercheurs, ainsi que de professionnels, intervenants ext\u00e9rieurs. &nbsp; Enseignants chercheurs C. Chauvin Laboratoire de rattachement : lab-STICC Th\u00e8mes de recherche : Prise de d\u00e9cision en situation dynamique Gestion des risques, s\u00e9curit\u00e9 dans les syst\u00e8mes socio-techniques Mod\u00e9lisation et simulation cognitive Int\u00e9gration de la s\u00e9curit\u00e9 et de l\u2019ergonomie dans la conception des\u2026 <span class=\"read-more\"><a href=\"https:\/\/sites-formations.univ-rennes2.fr\/psychologie-master-ergonomie\/equipe-pedagogique\/\">Lire la suite &raquo;<\/a><\/span><\/p>\n","protected":false},"author":2,"featured_media":0,"parent":0,"menu_order":17,"comment_status":"closed","ping_status":"closed","template":"page-templates\/full-width.php","meta":{"footnotes":""},"class_list":["post-48","page","type-page","status-publish","hentry"],"_links":{"self":[{"href":"https:\/\/sites-formations.univ-rennes2.fr\/psychologie-master-ergonomie\/wp-json\/wp\/v2\/pages\/48","targetHints":{"allow":["GET"]}}],"collection":[{"href":"https:\/\/sites-formations.univ-rennes2.fr\/psychologie-master-ergonomie\/wp-json\/wp\/v2\/pages"}],"about":[{"href":"https:\/\/sites-formations.univ-rennes2.fr\/psychologie-master-ergonomie\/wp-json\/wp\/v2\/types\/page"}],"author":[{"embeddable":true,"href":"https:\/\/sites-formations.univ-rennes2.fr\/psychologie-master-ergonomie\/wp-json\/wp\/v2\/users\/2"}],"replies":[{"embeddable":true,"href":"https:\/\/sites-formations.univ-rennes2.fr\/psychologie-master-ergonomie\/wp-json\/wp\/v2\/comments?post=48"}],"version-history":[{"count":30,"href":"https:\/\/sites-formations.univ-rennes2.fr\/psychologie-master-ergonomie\/wp-json\/wp\/v2\/pages\/48\/revisions"}],"predecessor-version":[{"id":906,"href":"https:\/\/sites-formations.univ-rennes2.fr\/psychologie-master-ergonomie\/wp-json\/wp\/v2\/pages\/48\/revisions\/906"}],"wp:attachment":[{"href":"https:\/\/sites-formations.univ-rennes2.fr\/psychologie-master-ergonomie\/wp-json\/wp\/v2\/media?parent=48"}],"curies":[{"name":"wp","href":"https:\/\/api.w.org\/{rel}","templated":true}]}}