{"id":465,"date":"2017-02-24T18:07:41","date_gmt":"2017-02-24T17:07:41","guid":{"rendered":"https:\/\/sites-formations.univ-rennes2.fr\/psychologie-master-ergonomie\/?page_id=465"},"modified":"2023-01-11T18:07:54","modified_gmt":"2023-01-11T17:07:54","slug":"uef-3-ergonomie-organisationnelle","status":"publish","type":"page","link":"https:\/\/sites-formations.univ-rennes2.fr\/psychologie-master-ergonomie\/details-des-enseignements\/uef-3-ergonomie-organisationnelle\/","title":{"rendered":"UEF 3 : Ergonomie organisationnelle"},"content":{"rendered":"<p>&nbsp;<br \/>\n<strong><span style=\"font-size=+1;\"><span style=\"color: #191970;\">UEF 3 : Ergonomie organisationnelle (54h)<\/span><\/span><\/strong><\/p>\n<ul>\n<li>Conduite de changement<\/li>\n<li>Innovation et cr\u00e9ativit\u00e9 collective<\/li>\n<li>Travail collaboratif et animation d&rsquo;\u00e9quipes de travail (ex. : team training)<\/li>\n<li>Nouvelles formes de travail et de formation<\/li>\n<li>Gestion des comp\u00e9tences en entreprise<\/li>\n<\/ul>\n<p style=\"text-align: right;\"><span style=\"color: #0966b8;\"><a style=\"color: #0966b8;\" title=\"Retour \u00e0 la liste des UE\" href=\"?p=34\">Retour \u00e0 la liste des Unit\u00e9s d&rsquo;Enseignements<\/a><\/span><\/p>\n","protected":false},"excerpt":{"rendered":"<p>&nbsp; UEF 3 : Ergonomie organisationnelle (54h) Conduite de changement Innovation et cr\u00e9ativit\u00e9 collective Travail collaboratif et animation d&rsquo;\u00e9quipes de travail (ex. : team training) Nouvelles formes de travail et de formation Gestion des comp\u00e9tences en entreprise Retour \u00e0 la liste des Unit\u00e9s d&rsquo;Enseignements<\/p>\n","protected":false},"author":2,"featured_media":0,"parent":34,"menu_order":12,"comment_status":"closed","ping_status":"closed","template":"","meta":{"footnotes":""},"class_list":["post-465","page","type-page","status-publish","hentry"],"_links":{"self":[{"href":"https:\/\/sites-formations.univ-rennes2.fr\/psychologie-master-ergonomie\/wp-json\/wp\/v2\/pages\/465","targetHints":{"allow":["GET"]}}],"collection":[{"href":"https:\/\/sites-formations.univ-rennes2.fr\/psychologie-master-ergonomie\/wp-json\/wp\/v2\/pages"}],"about":[{"href":"https:\/\/sites-formations.univ-rennes2.fr\/psychologie-master-ergonomie\/wp-json\/wp\/v2\/types\/page"}],"author":[{"embeddable":true,"href":"https:\/\/sites-formations.univ-rennes2.fr\/psychologie-master-ergonomie\/wp-json\/wp\/v2\/users\/2"}],"replies":[{"embeddable":true,"href":"https:\/\/sites-formations.univ-rennes2.fr\/psychologie-master-ergonomie\/wp-json\/wp\/v2\/comments?post=465"}],"version-history":[{"count":6,"href":"https:\/\/sites-formations.univ-rennes2.fr\/psychologie-master-ergonomie\/wp-json\/wp\/v2\/pages\/465\/revisions"}],"predecessor-version":[{"id":608,"href":"https:\/\/sites-formations.univ-rennes2.fr\/psychologie-master-ergonomie\/wp-json\/wp\/v2\/pages\/465\/revisions\/608"}],"up":[{"embeddable":true,"href":"https:\/\/sites-formations.univ-rennes2.fr\/psychologie-master-ergonomie\/wp-json\/wp\/v2\/pages\/34"}],"wp:attachment":[{"href":"https:\/\/sites-formations.univ-rennes2.fr\/psychologie-master-ergonomie\/wp-json\/wp\/v2\/media?parent=465"}],"curies":[{"name":"wp","href":"https:\/\/api.w.org\/{rel}","templated":true}]}}