{"id":44,"date":"2015-02-17T10:10:06","date_gmt":"2015-02-17T09:10:06","guid":{"rendered":"https:\/\/sites-formations.univ-rennes2.fr\/psychologie-master-ergonomie\/?page_id=44"},"modified":"2023-01-11T18:08:07","modified_gmt":"2023-01-11T17:08:07","slug":"uem-1-methodologie-professionnelle","status":"publish","type":"page","link":"https:\/\/sites-formations.univ-rennes2.fr\/psychologie-master-ergonomie\/details-des-enseignements\/uem-1-methodologie-professionnelle\/","title":{"rendered":"UEM 1 : M\u00e9thodologie professionnelle"},"content":{"rendered":"<p>&nbsp;<br \/>\n<strong><span style=\"font-size=+1;\"><span style=\"color: #191970;\">UEM 1 : M\u00e9thodologie professionnelle<\/span><\/span><\/strong><\/p>\n<p><span style=\"text-decoration: underline;\"><strong><span style=\"color: #191970;\">Conf\u00e9rences professionnelles et visites d&rsquo;entreprises<\/span><\/strong><\/span><\/p>\n<ul>\n<p style=\"text-align: justify;\">Ce module a pour objectif la d\u00e9couverte des enjeux de l\u2019ergonomie dans des milieux professionnels vari\u00e9s, soit par la visite d\u2019entreprises, soit par la rencontre avec des professionnels de l&rsquo;ergonomie, permettant ainsi un \u00e9change sur leur pratique et leurs difficult\u00e9s.<\/p>\n<\/ul>\n<p><strong>Quelques exemples de visites r\u00e9alis\u00e9es :<\/strong><\/p>\n<ul>\n<li>Bretagne Ateliers (Rennes)<\/li>\n<li>Yves Rocher (Rieux et Plo\u00ebrmel)<\/li>\n<li>Tour de contr\u00f4le de l&rsquo;a\u00e9roport de Rennes<\/li>\n<li>CRNA : Centre en Route de la Navigation A\u00e9rienne (Loperhet)<\/li>\n<li>SNLE : Sous-marin Nucl\u00e9aire Lanceur d&rsquo;Engins (Ile longue)<\/li>\n<li>SLPA : Service Local de Psychologie Appliqu\u00e9e de la Marine Nationale (Brest)<\/li>\n<li>Simulateur de navigation de l&rsquo;\u00e9cole navale (Lanv\u00e9oc)<\/li>\n<li>Simulateurs de pilotage des h\u00e9licopt\u00e8res Lynx et NH90 (Base A\u00e9ronautique Navale &#8211; Lanv\u00e9oc)<\/li>\n<li>Centre d&rsquo;Entra\u00eenement \u00e0 la Survie et au Sauvetage de l&rsquo;A\u00e9ronautique Navale (Lanv\u00e9oc)<\/li>\n<li>Tendriade (Chateaubourg)<\/li>\n<li>Celvia (St Jean Br\u00e9velay)<\/li>\n<li>Cooperl (Montfort-sur-Meu)<\/li>\n<li>SVA Jean Roz\u00e9 (Vitr\u00e9)<\/li>\n<li>Tricots Saint James (Saint James)<\/li>\n<\/ul>\n<p>&nbsp;<\/p>\n<p style=\"text-align: justify;\"><span style=\"text-decoration: underline;\"><strong><span style=\"color: #191970;\">Mission courte &#8211; Rapport d\u2019activit\u00e9<\/span><\/strong><\/span><\/p>\n<ul>\n<ul>Les \u00e9tudiants r\u00e9alisent une mission courte tutor\u00e9e, mobilisant les savoirs faire acquis tout au long du semestre. Ils devront ainsi r\u00e9aliser une mission d\u2019analyse ergonomique par groupe de 2 ou 3 personnes. Ce travail fait ensuite l\u2019objet d\u2019une soutenance.<\/ul>\n<\/ul>\n<p><strong>Exemples de missions courtes r\u00e9alis\u00e9es par d&rsquo;anciens \u00e9tudiants :<\/strong><\/p>\n<ul>\n<li>\u00c9tude de l\u2019accessibilit\u00e9 du campus Villejean et du b\u00e2timent N aux d\u00e9ficients visuels<\/li>\n<li>\u00c9tude de l&rsquo;orientation spatiale sur le campus Villejean<\/li>\n<li>\u00c9valuation ergonomique de la plate-forme cursus et de l&rsquo;interface R\u00e9sonances<\/li>\n<li>R\u00e9alisation de tests utilisateurs sur un produit ou service (Smartphone, sites web, organiseurs, \u2026)<\/li>\n<li>\u00c9valuation de la p\u00e9nibilit\u00e9 du travail d&rsquo;une \u00e9quipe de manutentionnaires, d&rsquo;une \u00e9quipe de plombiers, d&rsquo;une \u00e9quipe de d\u00e9m\u00e9nageurs<\/li>\n<li>\u00c9tude des d\u00e9placements et manutentions au sein d&rsquo;un service et propositions de r\u00e9am\u00e9nagement de l&rsquo;espace<\/li>\n<li>Evaluation des risques professionnels et mise \u00e0 jour du DUERP<\/li>\n<li>\u00c9valuation d\u2019un poste de travail individuel \u00e0 la BU de Rennes 2<\/li>\n<li>\u00c9tude d\u2019une interface pour le covoiturage des \u00e9tudiants<\/li>\n<li>Am\u00e9lioration ergonomique de l\u2019outil emploi du temps<\/li>\n<\/ul>\n<p style=\"text-align: right;\"><span style=\"color: #0966b8;\"><a style=\"color: #0966b8;\" title=\"Retour \u00e0 la liste des UE\" href=\"?p=34\">Retour \u00e0 la liste des Unit\u00e9s d&rsquo;Enseignements<\/a><\/span><\/p>\n","protected":false},"excerpt":{"rendered":"<p>&nbsp; UEM 1 : M\u00e9thodologie professionnelle Conf\u00e9rences professionnelles et visites d&rsquo;entreprises Ce module a pour objectif la d\u00e9couverte des enjeux de l\u2019ergonomie dans des milieux professionnels vari\u00e9s, soit par la visite d\u2019entreprises, soit par la rencontre avec des professionnels de l&rsquo;ergonomie, permettant ainsi un \u00e9change sur leur pratique et leurs difficult\u00e9s. Quelques exemples de visites\u2026 <span class=\"read-more\"><a href=\"https:\/\/sites-formations.univ-rennes2.fr\/psychologie-master-ergonomie\/details-des-enseignements\/uem-1-methodologie-professionnelle\/\">Lire la suite &raquo;<\/a><\/span><\/p>\n","protected":false},"author":2,"featured_media":0,"parent":34,"menu_order":15,"comment_status":"closed","ping_status":"closed","template":"","meta":{"footnotes":""},"class_list":["post-44","page","type-page","status-publish","hentry"],"_links":{"self":[{"href":"https:\/\/sites-formations.univ-rennes2.fr\/psychologie-master-ergonomie\/wp-json\/wp\/v2\/pages\/44","targetHints":{"allow":["GET"]}}],"collection":[{"href":"https:\/\/sites-formations.univ-rennes2.fr\/psychologie-master-ergonomie\/wp-json\/wp\/v2\/pages"}],"about":[{"href":"https:\/\/sites-formations.univ-rennes2.fr\/psychologie-master-ergonomie\/wp-json\/wp\/v2\/types\/page"}],"author":[{"embeddable":true,"href":"https:\/\/sites-formations.univ-rennes2.fr\/psychologie-master-ergonomie\/wp-json\/wp\/v2\/users\/2"}],"replies":[{"embeddable":true,"href":"https:\/\/sites-formations.univ-rennes2.fr\/psychologie-master-ergonomie\/wp-json\/wp\/v2\/comments?post=44"}],"version-history":[{"count":13,"href":"https:\/\/sites-formations.univ-rennes2.fr\/psychologie-master-ergonomie\/wp-json\/wp\/v2\/pages\/44\/revisions"}],"predecessor-version":[{"id":797,"href":"https:\/\/sites-formations.univ-rennes2.fr\/psychologie-master-ergonomie\/wp-json\/wp\/v2\/pages\/44\/revisions\/797"}],"up":[{"embeddable":true,"href":"https:\/\/sites-formations.univ-rennes2.fr\/psychologie-master-ergonomie\/wp-json\/wp\/v2\/pages\/34"}],"wp:attachment":[{"href":"https:\/\/sites-formations.univ-rennes2.fr\/psychologie-master-ergonomie\/wp-json\/wp\/v2\/media?parent=44"}],"curies":[{"name":"wp","href":"https:\/\/api.w.org\/{rel}","templated":true}]}}