{"id":40,"date":"2015-02-17T10:08:40","date_gmt":"2015-02-17T09:08:40","guid":{"rendered":"https:\/\/sites-formations.univ-rennes2.fr\/psychologie-master-ergonomie\/?page_id=40"},"modified":"2023-01-11T18:07:58","modified_gmt":"2023-01-11T17:07:58","slug":"ues-2-ergonomie-cognitive","status":"publish","type":"page","link":"https:\/\/sites-formations.univ-rennes2.fr\/psychologie-master-ergonomie\/details-des-enseignements\/ues-2-ergonomie-cognitive\/","title":{"rendered":"UEF 4 : Ergonomie cognitive"},"content":{"rendered":"<p>&nbsp;<br \/>\n<strong><span style=\"font-size=+1;\"><span style=\"color: #191970;\">UEF 4 : Ergonomie cognitive (48h)<\/span><\/span><\/strong><\/p>\n<ul>\n<li>Ergonomie des environnements ludonum\u00e9riques<\/li>\n<li>Travail, attention, rythmes et vigilance<\/li>\n<li>Usage et conception des TIC en formation \u00e0 distance<\/li>\n<li>Conception de documents techniques et p\u00e9dagogiques<\/li>\n<li>TIC en environnement m\u00e9dical<\/li>\n<li>Ergonomie des syst\u00e8mes dynamiques et des transports<\/li>\n<\/ul>\n<p style=\"text-align: right;\"><span style=\"color: #0966b8;\"><a style=\"color: #0966b8;\" title=\"Retour \u00e0 la liste des UE\" href=\"?p=34\">Retour \u00e0 la liste des Unit\u00e9s d&rsquo;Enseignements<\/a><\/span><\/p>\n","protected":false},"excerpt":{"rendered":"<p>&nbsp; UEF 4 : Ergonomie cognitive (48h) Ergonomie des environnements ludonum\u00e9riques Travail, attention, rythmes et vigilance Usage et conception des TIC en formation \u00e0 distance Conception de documents techniques et p\u00e9dagogiques TIC en environnement m\u00e9dical Ergonomie des syst\u00e8mes dynamiques et des transports Retour \u00e0 la liste des Unit\u00e9s d&rsquo;Enseignements<\/p>\n","protected":false},"author":2,"featured_media":0,"parent":34,"menu_order":13,"comment_status":"closed","ping_status":"closed","template":"","meta":{"footnotes":""},"class_list":["post-40","page","type-page","status-publish","hentry"],"_links":{"self":[{"href":"https:\/\/sites-formations.univ-rennes2.fr\/psychologie-master-ergonomie\/wp-json\/wp\/v2\/pages\/40","targetHints":{"allow":["GET"]}}],"collection":[{"href":"https:\/\/sites-formations.univ-rennes2.fr\/psychologie-master-ergonomie\/wp-json\/wp\/v2\/pages"}],"about":[{"href":"https:\/\/sites-formations.univ-rennes2.fr\/psychologie-master-ergonomie\/wp-json\/wp\/v2\/types\/page"}],"author":[{"embeddable":true,"href":"https:\/\/sites-formations.univ-rennes2.fr\/psychologie-master-ergonomie\/wp-json\/wp\/v2\/users\/2"}],"replies":[{"embeddable":true,"href":"https:\/\/sites-formations.univ-rennes2.fr\/psychologie-master-ergonomie\/wp-json\/wp\/v2\/comments?post=40"}],"version-history":[{"count":9,"href":"https:\/\/sites-formations.univ-rennes2.fr\/psychologie-master-ergonomie\/wp-json\/wp\/v2\/pages\/40\/revisions"}],"predecessor-version":[{"id":501,"href":"https:\/\/sites-formations.univ-rennes2.fr\/psychologie-master-ergonomie\/wp-json\/wp\/v2\/pages\/40\/revisions\/501"}],"up":[{"embeddable":true,"href":"https:\/\/sites-formations.univ-rennes2.fr\/psychologie-master-ergonomie\/wp-json\/wp\/v2\/pages\/34"}],"wp:attachment":[{"href":"https:\/\/sites-formations.univ-rennes2.fr\/psychologie-master-ergonomie\/wp-json\/wp\/v2\/media?parent=40"}],"curies":[{"name":"wp","href":"https:\/\/api.w.org\/{rel}","templated":true}]}}