{"id":38,"date":"2015-02-17T10:07:54","date_gmt":"2015-02-17T09:07:54","guid":{"rendered":"https:\/\/sites-formations.univ-rennes2.fr\/psychologie-master-ergonomie\/?page_id=38"},"modified":"2023-01-11T18:07:49","modified_gmt":"2023-01-11T17:07:49","slug":"uef-1-psychologie-du-travail-ergonomie-organisationnelle-et-physique","status":"publish","type":"page","link":"https:\/\/sites-formations.univ-rennes2.fr\/psychologie-master-ergonomie\/details-des-enseignements\/uef-1-psychologie-du-travail-ergonomie-organisationnelle-et-physique\/","title":{"rendered":"UEF 2 : Ergonomie physique"},"content":{"rendered":"<p>&nbsp;<br \/>\n<strong><span style=\"font-size=+1;\"><span style=\"color: #191970;\">UEF 2 : Ergonomie physique (40h)<\/span><\/span><\/strong><\/p>\n<ul>\n<li>Pathologies professionnelles\n<ul>&#8211; R\u00f4le et missions du m\u00e9decin du travail ;<\/ul>\n<ul>&#8211; Les troubles musculosquelettiques (TMS) ;<\/ul>\n<ul>&#8211; Les dangers du bruit ;<\/ul>\n<\/li>\n<li>Analyse de l&rsquo;activit\u00e9 et ergonomie du poste de travail<\/li>\n<li>Pr\u00e9vention des risques en entreprise<\/li>\n<li>\u00c9motions et travail<\/li>\n<li>Vieillissement et travail<\/li>\n<li>Am\u00e9nagement des espaces<\/li>\n<li>Handicap et aides techniques<\/li>\n<\/ul>\n<p style=\"text-align: right;\"><span style=\"color: #0966b8;\"><a style=\"color: #0966b8;\" title=\"Retour \u00e0 la liste des UE\" href=\"?p=34\">Retour \u00e0 la liste des Unit\u00e9s d&rsquo;Enseignements<\/a><\/span><\/p>\n","protected":false},"excerpt":{"rendered":"<p>&nbsp; UEF 2 : Ergonomie physique (40h) Pathologies professionnelles &#8211; R\u00f4le et missions du m\u00e9decin du travail ; &#8211; Les troubles musculosquelettiques (TMS) ; &#8211; Les dangers du bruit ; Analyse de l&rsquo;activit\u00e9 et ergonomie du poste de travail Pr\u00e9vention des risques en entreprise \u00c9motions et travail Vieillissement et travail Am\u00e9nagement des espaces Handicap et\u2026 <span class=\"read-more\"><a href=\"https:\/\/sites-formations.univ-rennes2.fr\/psychologie-master-ergonomie\/details-des-enseignements\/uef-1-psychologie-du-travail-ergonomie-organisationnelle-et-physique\/\">Lire la suite &raquo;<\/a><\/span><\/p>\n","protected":false},"author":2,"featured_media":0,"parent":34,"menu_order":11,"comment_status":"closed","ping_status":"closed","template":"","meta":{"footnotes":""},"class_list":["post-38","page","type-page","status-publish","hentry"],"_links":{"self":[{"href":"https:\/\/sites-formations.univ-rennes2.fr\/psychologie-master-ergonomie\/wp-json\/wp\/v2\/pages\/38","targetHints":{"allow":["GET"]}}],"collection":[{"href":"https:\/\/sites-formations.univ-rennes2.fr\/psychologie-master-ergonomie\/wp-json\/wp\/v2\/pages"}],"about":[{"href":"https:\/\/sites-formations.univ-rennes2.fr\/psychologie-master-ergonomie\/wp-json\/wp\/v2\/types\/page"}],"author":[{"embeddable":true,"href":"https:\/\/sites-formations.univ-rennes2.fr\/psychologie-master-ergonomie\/wp-json\/wp\/v2\/users\/2"}],"replies":[{"embeddable":true,"href":"https:\/\/sites-formations.univ-rennes2.fr\/psychologie-master-ergonomie\/wp-json\/wp\/v2\/comments?post=38"}],"version-history":[{"count":11,"href":"https:\/\/sites-formations.univ-rennes2.fr\/psychologie-master-ergonomie\/wp-json\/wp\/v2\/pages\/38\/revisions"}],"predecessor-version":[{"id":499,"href":"https:\/\/sites-formations.univ-rennes2.fr\/psychologie-master-ergonomie\/wp-json\/wp\/v2\/pages\/38\/revisions\/499"}],"up":[{"embeddable":true,"href":"https:\/\/sites-formations.univ-rennes2.fr\/psychologie-master-ergonomie\/wp-json\/wp\/v2\/pages\/34"}],"wp:attachment":[{"href":"https:\/\/sites-formations.univ-rennes2.fr\/psychologie-master-ergonomie\/wp-json\/wp\/v2\/media?parent=38"}],"curies":[{"name":"wp","href":"https:\/\/api.w.org\/{rel}","templated":true}]}}