{"id":25,"date":"2015-02-17T09:55:14","date_gmt":"2015-02-17T08:55:14","guid":{"rendered":"https:\/\/sites-formations.univ-rennes2.fr\/psychologie-master-ergonomie\/?page_id=25"},"modified":"2024-02-12T20:24:07","modified_gmt":"2024-02-12T19:24:07","slug":"presentation-generale","status":"publish","type":"page","link":"https:\/\/sites-formations.univ-rennes2.fr\/psychologie-master-ergonomie\/presentation-generale\/","title":{"rendered":"Pr\u00e9sentation g\u00e9n\u00e9rale de la formation"},"content":{"rendered":"<p>&nbsp;<br \/>\nLe master \u00ab\u00a0Ergonomie, Psychologie des Facteurs Humains\u00a0\u00bb est compos\u00e9 de 4 semestres de formation, r\u00e9partis sur deux ann\u00e9es.<\/p>\n<p><strong><span style=\"color: #191970;\"><span style=\"font-size: large;\">Master 1<\/span><\/span><\/strong><\/p>\n<p>Tous les cours du semestre 7 sont mutualis\u00e9s entre les deux parcours (EPFH et IPC) de la mention PSTO. La sp\u00e9cialisation s\u2019op\u00e8re au semestre 8 avec deux enseignements de 48h sp\u00e9cifiques aux parcours.<\/p>\n<p>&nbsp;<br \/>\n<strong><span style=\"color: #191970;\"><span style=\"font-size: large;\">Master 2<\/span><\/span><\/strong><\/p>\n<p>L&rsquo;ann\u00e9e de master 2 EPFH est partag\u00e9e en deux p\u00e9riodes.<br \/>\nLa <strong>premi\u00e8re p\u00e9riode (de d\u00e9but septembre \u00e0 mi-f\u00e9vrier)<\/strong> est consacr\u00e9e aux enseignements et travaux collaboratifs, qui se d\u00e9roulent chaque jour de la semaine.<\/p>\n<p style=\"padding-left: 30px;\"><span style=\"text-decoration: underline;\">Organisation des cours<\/span> :<br \/>\nLes cours se d\u00e9roulent du lundi au vendredi de 9h \u00e0 12h et de 13h30 \u00e0 16h30. Des extensions d&rsquo;horaires peuvent \u00eatre ajout\u00e9es en fonction des disponibilit\u00e9s des intervenants ext\u00e9rieurs.<br \/>\nIl y a g\u00e9n\u00e9ralement, une demi-journ\u00e9e voire une journ\u00e9e de libre par semaine (journ\u00e9e qui varie), r\u00e9serv\u00e9e aux travaux collaboratifs.<\/p>\n<p style=\"padding-left: 30px;\"><span style=\"text-decoration: underline;\">Cong\u00e9s<\/span> :<br \/>\n1 semaine \u00e0 la Toussaint<br \/>\n2 semaines \u00e0 No\u00ebl<br \/>\n1 semaine en F\u00e9vrier<\/p>\n<ul>\nLa <strong>seconde p\u00e9riode (\u00e0 partir de mi-f\u00e9vrier)<\/strong> est r\u00e9serv\u00e9e \u00e0 la r\u00e9alisation du stage professionnel d&rsquo;une dur\u00e9e de 500 heures minimum. Un regroupement est n\u00e9anmoins organis\u00e9 en avril ou mai, avec pr\u00e9sence obligatoire pour l&rsquo;ensemble des \u00e9tudiants, quelque soit leur lieu de stage.<\/ul>\n<p>&nbsp;<\/p>\n","protected":false},"excerpt":{"rendered":"<p>&nbsp; Le master \u00ab\u00a0Ergonomie, Psychologie des Facteurs Humains\u00a0\u00bb est compos\u00e9 de 4 semestres de formation, r\u00e9partis sur deux ann\u00e9es. Master 1 Tous les cours du semestre 7 sont mutualis\u00e9s entre les deux parcours (EPFH et IPC) de la mention PSTO. La sp\u00e9cialisation s\u2019op\u00e8re au semestre 8 avec deux enseignements de 48h sp\u00e9cifiques aux parcours. &nbsp;\u2026 <span class=\"read-more\"><a href=\"https:\/\/sites-formations.univ-rennes2.fr\/psychologie-master-ergonomie\/presentation-generale\/\">Lire la suite &raquo;<\/a><\/span><\/p>\n","protected":false},"author":2,"featured_media":0,"parent":0,"menu_order":6,"comment_status":"closed","ping_status":"closed","template":"page-templates\/full-width.php","meta":{"footnotes":""},"class_list":["post-25","page","type-page","status-publish","hentry"],"_links":{"self":[{"href":"https:\/\/sites-formations.univ-rennes2.fr\/psychologie-master-ergonomie\/wp-json\/wp\/v2\/pages\/25","targetHints":{"allow":["GET"]}}],"collection":[{"href":"https:\/\/sites-formations.univ-rennes2.fr\/psychologie-master-ergonomie\/wp-json\/wp\/v2\/pages"}],"about":[{"href":"https:\/\/sites-formations.univ-rennes2.fr\/psychologie-master-ergonomie\/wp-json\/wp\/v2\/types\/page"}],"author":[{"embeddable":true,"href":"https:\/\/sites-formations.univ-rennes2.fr\/psychologie-master-ergonomie\/wp-json\/wp\/v2\/users\/2"}],"replies":[{"embeddable":true,"href":"https:\/\/sites-formations.univ-rennes2.fr\/psychologie-master-ergonomie\/wp-json\/wp\/v2\/comments?post=25"}],"version-history":[{"count":20,"href":"https:\/\/sites-formations.univ-rennes2.fr\/psychologie-master-ergonomie\/wp-json\/wp\/v2\/pages\/25\/revisions"}],"predecessor-version":[{"id":898,"href":"https:\/\/sites-formations.univ-rennes2.fr\/psychologie-master-ergonomie\/wp-json\/wp\/v2\/pages\/25\/revisions\/898"}],"wp:attachment":[{"href":"https:\/\/sites-formations.univ-rennes2.fr\/psychologie-master-ergonomie\/wp-json\/wp\/v2\/media?parent=25"}],"curies":[{"name":"wp","href":"https:\/\/api.w.org\/{rel}","templated":true}]}}