{"id":23,"date":"2015-02-17T09:54:24","date_gmt":"2015-02-17T08:54:24","guid":{"rendered":"https:\/\/sites-formations.univ-rennes2.fr\/psychologie-master-ergonomie\/?page_id=23"},"modified":"2023-01-11T18:07:12","modified_gmt":"2023-01-11T17:07:12","slug":"debouches","status":"publish","type":"page","link":"https:\/\/sites-formations.univ-rennes2.fr\/psychologie-master-ergonomie\/debouches\/","title":{"rendered":"D\u00e9bouch\u00e9s"},"content":{"rendered":"<p>Le parcours \u00ab\u00a0Ergonomie, Psychologie des Facteurs Humains\u00a0\u00bb permet de former aussi bien des psychologues-ergonomes praticiens que des chercheurs. Il permet donc aux \u00e9tudiants dipl\u00f4m\u00e9s de s\u2019orienter ensuite soit vers une insertion professionnelle directe, soit de poursuivre leurs \u00e9tudes par la pr\u00e9paration d\u2019une th\u00e8se de doctorat.<\/p>\n<p>Les principales possibilit\u00e9s d\u2019insertion professionnelle sont les suivantes :<\/p>\n<ul>\n<li>psychologue du travail et ergonome interne \u00e0 une entreprise (structure priv\u00e9e ou publique)<\/li>\n<li>psychologue du travail et ergonome consultant<\/li>\n<li>psychologue du travail et ergonome au sein d\u2019un service de sant\u00e9 au travail ou d\u2019un service de m\u00e9decine du travail<\/li>\n<li>psychologue du travail et ergonome au sein d\u2019un service hygi\u00e8ne et s\u00e9curit\u00e9<\/li>\n<li>psychologue du travail et ergonome au sein d\u2019un laboratoire de recherche ou d\u2019un service R&amp;D<\/li>\n<\/ul>\n","protected":false},"excerpt":{"rendered":"<p>Le parcours \u00ab\u00a0Ergonomie, Psychologie des Facteurs Humains\u00a0\u00bb permet de former aussi bien des psychologues-ergonomes praticiens que des chercheurs. Il permet donc aux \u00e9tudiants dipl\u00f4m\u00e9s de s\u2019orienter ensuite soit vers une insertion professionnelle directe, soit de poursuivre leurs \u00e9tudes par la pr\u00e9paration d\u2019une th\u00e8se de doctorat. Les principales possibilit\u00e9s d\u2019insertion professionnelle sont les suivantes : psychologue\u2026 <span class=\"read-more\"><a href=\"https:\/\/sites-formations.univ-rennes2.fr\/psychologie-master-ergonomie\/debouches\/\">Lire la suite &raquo;<\/a><\/span><\/p>\n","protected":false},"author":2,"featured_media":0,"parent":0,"menu_order":5,"comment_status":"closed","ping_status":"closed","template":"page-templates\/full-width.php","meta":{"footnotes":""},"class_list":["post-23","page","type-page","status-publish","hentry"],"_links":{"self":[{"href":"https:\/\/sites-formations.univ-rennes2.fr\/psychologie-master-ergonomie\/wp-json\/wp\/v2\/pages\/23","targetHints":{"allow":["GET"]}}],"collection":[{"href":"https:\/\/sites-formations.univ-rennes2.fr\/psychologie-master-ergonomie\/wp-json\/wp\/v2\/pages"}],"about":[{"href":"https:\/\/sites-formations.univ-rennes2.fr\/psychologie-master-ergonomie\/wp-json\/wp\/v2\/types\/page"}],"author":[{"embeddable":true,"href":"https:\/\/sites-formations.univ-rennes2.fr\/psychologie-master-ergonomie\/wp-json\/wp\/v2\/users\/2"}],"replies":[{"embeddable":true,"href":"https:\/\/sites-formations.univ-rennes2.fr\/psychologie-master-ergonomie\/wp-json\/wp\/v2\/comments?post=23"}],"version-history":[{"count":3,"href":"https:\/\/sites-formations.univ-rennes2.fr\/psychologie-master-ergonomie\/wp-json\/wp\/v2\/pages\/23\/revisions"}],"predecessor-version":[{"id":533,"href":"https:\/\/sites-formations.univ-rennes2.fr\/psychologie-master-ergonomie\/wp-json\/wp\/v2\/pages\/23\/revisions\/533"}],"wp:attachment":[{"href":"https:\/\/sites-formations.univ-rennes2.fr\/psychologie-master-ergonomie\/wp-json\/wp\/v2\/media?parent=23"}],"curies":[{"name":"wp","href":"https:\/\/api.w.org\/{rel}","templated":true}]}}