{"id":95,"date":"2020-02-06T10:43:12","date_gmt":"2020-02-06T09:43:12","guid":{"rendered":"https:\/\/sites-formations.univ-rennes2.fr\/master-eaosp\/?page_id=95"},"modified":"2024-05-01T12:47:11","modified_gmt":"2024-05-01T10:47:11","slug":"conseil-de-perfectionnement","status":"publish","type":"page","link":"https:\/\/sites-formations.univ-rennes2.fr\/master-eaosp\/conseil-de-perfectionnement\/","title":{"rendered":"Conseil de Perfectionnement"},"content":{"rendered":"\n<p>Le conseil de perfectionnement se r\u00e9unit, au moins une fois par an, pour r\u00e9fl\u00e9chir aux modifications \u00e9ventuelles \u00e0 apporter \u00e0 la formation afin qu&rsquo;elle corresponde le mieux possible au terrain d&rsquo;insertion professionnel. <\/p>\n\n\n\n<p>Elle est compos\u00e9e de : <\/p>\n\n\n\n<ul class=\"wp-block-list\">\n<li>Maud BESANCON (EC &#8211; Rennes 2)<\/li>\n\n\n\n<li>Benoit HOUDRY (psychologue, DDEC)<\/li>\n\n\n\n<li>C\u00e9cile LECOMTE (Universit\u00e9 Rennes 1 &#8211; pr\u00e9sidente de la COURROIE)<\/li>\n\n\n\n<li>Nathalie MAREC-BRETON (EC &#8211; Rennes 2)<\/li>\n\n\n\n<li>Brigitte MORIN (administratif &#8211; Rennes 2)<\/li>\n\n\n\n<li>Delphine PLANCHET (PSY &#8211; CEFOPSYEN)<\/li>\n\n\n\n<li>Jo\u00ebl PILON (administratif &#8211; Rennes 2)<\/li>\n\n\n\n<li>Mathilde ROUSSEL (Psychologue)<\/li>\n\n\n\n<li>G\u00e9raldine ROUXEL (EC &#8211; Rennes 2)<\/li>\n<\/ul>\n\n\n\n<p><\/p>\n\n\n\n<p>+ 1  repr\u00e9sentant \u00e9tudiant M1 et 1 repr\u00e9sentant \u00e9tudiant M2<\/p>\n\n\n\n<p>+ 2 anciens dipl\u00f4m\u00e9s de la formation<\/p>\n","protected":false},"excerpt":{"rendered":"<p>Le conseil de perfectionnement se r\u00e9unit, au moins une fois par an, pour r\u00e9fl\u00e9chir aux modifications \u00e9ventuelles \u00e0 apporter \u00e0 la formation afin qu&rsquo;elle corresponde le mieux possible au terrain d&rsquo;insertion professionnel. Elle est compos\u00e9e de : + 1 repr\u00e9sentant \u00e9tudiant M1 et 1 repr\u00e9sentant \u00e9tudiant M2 + 2 anciens dipl\u00f4m\u00e9s de la formation<\/p>\n","protected":false},"author":1,"featured_media":0,"parent":0,"menu_order":0,"comment_status":"closed","ping_status":"closed","template":"","meta":{"footnotes":""},"class_list":["post-95","page","type-page","status-publish","hentry"],"_links":{"self":[{"href":"https:\/\/sites-formations.univ-rennes2.fr\/master-eaosp\/wp-json\/wp\/v2\/pages\/95","targetHints":{"allow":["GET"]}}],"collection":[{"href":"https:\/\/sites-formations.univ-rennes2.fr\/master-eaosp\/wp-json\/wp\/v2\/pages"}],"about":[{"href":"https:\/\/sites-formations.univ-rennes2.fr\/master-eaosp\/wp-json\/wp\/v2\/types\/page"}],"author":[{"embeddable":true,"href":"https:\/\/sites-formations.univ-rennes2.fr\/master-eaosp\/wp-json\/wp\/v2\/users\/1"}],"replies":[{"embeddable":true,"href":"https:\/\/sites-formations.univ-rennes2.fr\/master-eaosp\/wp-json\/wp\/v2\/comments?post=95"}],"version-history":[{"count":8,"href":"https:\/\/sites-formations.univ-rennes2.fr\/master-eaosp\/wp-json\/wp\/v2\/pages\/95\/revisions"}],"predecessor-version":[{"id":448,"href":"https:\/\/sites-formations.univ-rennes2.fr\/master-eaosp\/wp-json\/wp\/v2\/pages\/95\/revisions\/448"}],"wp:attachment":[{"href":"https:\/\/sites-formations.univ-rennes2.fr\/master-eaosp\/wp-json\/wp\/v2\/media?parent=95"}],"curies":[{"name":"wp","href":"https:\/\/api.w.org\/{rel}","templated":true}]}}