{"id":86,"date":"2020-02-06T10:35:45","date_gmt":"2020-02-06T09:35:45","guid":{"rendered":"https:\/\/sites-formations.univ-rennes2.fr\/master-eaosp\/?page_id=86"},"modified":"2024-05-01T12:46:48","modified_gmt":"2024-05-01T10:46:48","slug":"commission-pedagogique","status":"publish","type":"page","link":"https:\/\/sites-formations.univ-rennes2.fr\/master-eaosp\/commission-pedagogique\/","title":{"rendered":"Commission P\u00e9dagogique"},"content":{"rendered":"\n<p>La commission p\u00e9dagogique est compos\u00e9e de : <\/p>\n\n\n\n<ul class=\"wp-block-list\">\n<li>Maud BESANCON<\/li>\n\n\n\n<li>Sophie BRUNOT<\/li>\n\n\n\n<li>Olivier LE BOHEC<\/li>\n\n\n\n<li>Lise LEMOINE<\/li>\n\n\n\n<li>Nathalie MAREC-BRETON<\/li>\n\n\n\n<li>G\u00e9raldine ROUXEL<\/li>\n<\/ul>\n\n\n\n<p>Elle s&rsquo;assure, notamment, de la coh\u00e9rence p\u00e9dagogique des actions de formations propos\u00e9es dans le cadre de ce Master. <\/p>\n\n\n\n<p><\/p>\n","protected":false},"excerpt":{"rendered":"<p>La commission p\u00e9dagogique est compos\u00e9e de : Elle s&rsquo;assure, notamment, de la coh\u00e9rence p\u00e9dagogique des actions de formations propos\u00e9es dans le cadre de ce Master.<\/p>\n","protected":false},"author":1,"featured_media":0,"parent":0,"menu_order":0,"comment_status":"closed","ping_status":"closed","template":"","meta":{"footnotes":""},"class_list":["post-86","page","type-page","status-publish","hentry"],"_links":{"self":[{"href":"https:\/\/sites-formations.univ-rennes2.fr\/master-eaosp\/wp-json\/wp\/v2\/pages\/86","targetHints":{"allow":["GET"]}}],"collection":[{"href":"https:\/\/sites-formations.univ-rennes2.fr\/master-eaosp\/wp-json\/wp\/v2\/pages"}],"about":[{"href":"https:\/\/sites-formations.univ-rennes2.fr\/master-eaosp\/wp-json\/wp\/v2\/types\/page"}],"author":[{"embeddable":true,"href":"https:\/\/sites-formations.univ-rennes2.fr\/master-eaosp\/wp-json\/wp\/v2\/users\/1"}],"replies":[{"embeddable":true,"href":"https:\/\/sites-formations.univ-rennes2.fr\/master-eaosp\/wp-json\/wp\/v2\/comments?post=86"}],"version-history":[{"count":9,"href":"https:\/\/sites-formations.univ-rennes2.fr\/master-eaosp\/wp-json\/wp\/v2\/pages\/86\/revisions"}],"predecessor-version":[{"id":447,"href":"https:\/\/sites-formations.univ-rennes2.fr\/master-eaosp\/wp-json\/wp\/v2\/pages\/86\/revisions\/447"}],"wp:attachment":[{"href":"https:\/\/sites-formations.univ-rennes2.fr\/master-eaosp\/wp-json\/wp\/v2\/media?parent=86"}],"curies":[{"name":"wp","href":"https:\/\/api.w.org\/{rel}","templated":true}]}}