{"id":55,"date":"2020-02-06T09:30:36","date_gmt":"2020-02-06T08:30:36","guid":{"rendered":"https:\/\/sites-formations.univ-rennes2.fr\/master-eaosp\/?page_id=55"},"modified":"2020-02-06T09:30:36","modified_gmt":"2020-02-06T08:30:36","slug":"insertion-professionnelle","status":"publish","type":"page","link":"https:\/\/sites-formations.univ-rennes2.fr\/master-eaosp\/insertion-professionnelle\/","title":{"rendered":"Insertion professionnelle"},"content":{"rendered":"\n<p>A l&rsquo;issue de notre formation, nos anciens \u00e9tudiants ont trouv\u00e9 un emploi assez rapidement. <\/p>\n\n\n\n<figure class=\"wp-block-image\"><img loading=\"lazy\" decoding=\"async\" width=\"1024\" height=\"401\" src=\"https:\/\/sites-formations.univ-rennes2.fr\/master-eaosp\/wp-content\/uploads\/2020\/02\/Capture-d\u2019\u00e9cran-2020-02-06-\u00e0-08.59.10-1024x401.png\" alt=\"\" class=\"wp-image-57\" srcset=\"https:\/\/sites-formations.univ-rennes2.fr\/master-eaosp\/wp-content\/uploads\/2020\/02\/Capture-d\u2019\u00e9cran-2020-02-06-\u00e0-08.59.10-1024x401.png 1024w, https:\/\/sites-formations.univ-rennes2.fr\/master-eaosp\/wp-content\/uploads\/2020\/02\/Capture-d\u2019\u00e9cran-2020-02-06-\u00e0-08.59.10-300x118.png 300w, https:\/\/sites-formations.univ-rennes2.fr\/master-eaosp\/wp-content\/uploads\/2020\/02\/Capture-d\u2019\u00e9cran-2020-02-06-\u00e0-08.59.10-768x301.png 768w, https:\/\/sites-formations.univ-rennes2.fr\/master-eaosp\/wp-content\/uploads\/2020\/02\/Capture-d\u2019\u00e9cran-2020-02-06-\u00e0-08.59.10.png 1450w\" sizes=\"auto, (max-width: 767px) 89vw, (max-width: 1000px) 54vw, (max-width: 1071px) 543px, 580px\" \/><figcaption>Enqu\u00eate r\u00e9alis\u00e9e aupr\u00e8s des 16 \u00e9tudiants sortant du Master EAOSP en 2019 <\/figcaption><\/figure>\n\n\n\n<p>La majorit\u00e9 exerce en tant que <strong>psychologues<\/strong>.  <\/p>\n\n\n\n<figure class=\"wp-block-image\"><img loading=\"lazy\" decoding=\"async\" width=\"1024\" height=\"401\" src=\"https:\/\/sites-formations.univ-rennes2.fr\/master-eaosp\/wp-content\/uploads\/2020\/02\/Capture-d\u2019\u00e9cran-2020-02-06-\u00e0-09.21.31-1024x401.png\" alt=\"\" class=\"wp-image-58\" srcset=\"https:\/\/sites-formations.univ-rennes2.fr\/master-eaosp\/wp-content\/uploads\/2020\/02\/Capture-d\u2019\u00e9cran-2020-02-06-\u00e0-09.21.31-1024x401.png 1024w, https:\/\/sites-formations.univ-rennes2.fr\/master-eaosp\/wp-content\/uploads\/2020\/02\/Capture-d\u2019\u00e9cran-2020-02-06-\u00e0-09.21.31-300x118.png 300w, https:\/\/sites-formations.univ-rennes2.fr\/master-eaosp\/wp-content\/uploads\/2020\/02\/Capture-d\u2019\u00e9cran-2020-02-06-\u00e0-09.21.31-768x301.png 768w, https:\/\/sites-formations.univ-rennes2.fr\/master-eaosp\/wp-content\/uploads\/2020\/02\/Capture-d\u2019\u00e9cran-2020-02-06-\u00e0-09.21.31.png 1496w\" sizes=\"auto, (max-width: 767px) 89vw, (max-width: 1000px) 54vw, (max-width: 1071px) 543px, 580px\" \/><figcaption><em>Enqu\u00eate r\u00e9alis\u00e9e aupr\u00e8s des 16 \u00e9tudiants sortant du Master EAOSP en 2019 <\/em><\/figcaption><\/figure>\n\n\n\n<p>Certains de nos anciens \u00e9tudiants ont fait le choix de se pr\u00e9senter au concours de l&rsquo;Education Nationale. Sur la promotion de 2018-2019, 5 de nos \u00e9tudiants ont r\u00e9ussi le concours et exercent, actuellement, comme Psychologues de l&rsquo;Education Nationale.<\/p>\n\n\n\n<figure class=\"wp-block-image\"><img loading=\"lazy\" decoding=\"async\" width=\"756\" height=\"350\" src=\"https:\/\/sites-formations.univ-rennes2.fr\/master-eaosp\/wp-content\/uploads\/2020\/02\/Capture-d\u2019\u00e9cran-2020-02-06-\u00e0-09.06.31.png\" alt=\"\" class=\"wp-image-56\" srcset=\"https:\/\/sites-formations.univ-rennes2.fr\/master-eaosp\/wp-content\/uploads\/2020\/02\/Capture-d\u2019\u00e9cran-2020-02-06-\u00e0-09.06.31.png 756w, https:\/\/sites-formations.univ-rennes2.fr\/master-eaosp\/wp-content\/uploads\/2020\/02\/Capture-d\u2019\u00e9cran-2020-02-06-\u00e0-09.06.31-300x139.png 300w\" sizes=\"auto, (max-width: 706px) 89vw, (max-width: 767px) 82vw, 740px\" \/><figcaption>Concours de Psychologue de l&rsquo;Education Nationale<\/figcaption><\/figure>\n\n\n\n<p>D&rsquo;autres exercent \u00e9galement  au sein des CIO (<em>Centres d\u2019Information et d\u2019Orientation<\/em>) ou des RASED (<em>R\u00e9seaux d\u2019Aides Sp\u00e9cialis\u00e9s aux \u00c9l\u00e8ves\u00a0en Difficult\u00e9<\/em>) comme psychologues contractuels. Ils envisagent de se pr\u00e9senter au concours l&rsquo;ann\u00e9e qui suit leur sortie de formation.<\/p>\n\n\n\n<p>Certains de nos anciens \u00e9tudiants exercent comme psychologues au sein de SESSAD, d&rsquo;IME, au CNAHP&#8230;<\/p>\n\n\n\n<p>Leurs connaissances des probl\u00e9matiques \u00e9ducatives ont contribu\u00e9 \u00e0 leurs recrutements sur ces postes.  <\/p>\n\n\n\n<p>Enfin, certains ont fait le choix de s&rsquo;installer en lib\u00e9ral.<\/p>\n\n\n\n<p><\/p>\n","protected":false},"excerpt":{"rendered":"<p>A l&rsquo;issue de notre formation, nos anciens \u00e9tudiants ont trouv\u00e9 un emploi assez rapidement. La majorit\u00e9 exerce en tant que psychologues. Certains de nos anciens \u00e9tudiants ont fait le choix de se pr\u00e9senter au concours de l&rsquo;Education Nationale. Sur la promotion de 2018-2019, 5 de nos \u00e9tudiants ont r\u00e9ussi le concours et exercent, actuellement, comme &hellip; <\/p>\n<p class=\"link-more\"><a href=\"https:\/\/sites-formations.univ-rennes2.fr\/master-eaosp\/insertion-professionnelle\/\" class=\"more-link\">Continuer la lecture<span class=\"screen-reader-text\"> de &laquo;&nbsp;Insertion professionnelle&nbsp;&raquo;<\/span><\/a><\/p>\n","protected":false},"author":1,"featured_media":0,"parent":0,"menu_order":0,"comment_status":"closed","ping_status":"closed","template":"","meta":{"footnotes":""},"class_list":["post-55","page","type-page","status-publish","hentry"],"_links":{"self":[{"href":"https:\/\/sites-formations.univ-rennes2.fr\/master-eaosp\/wp-json\/wp\/v2\/pages\/55","targetHints":{"allow":["GET"]}}],"collection":[{"href":"https:\/\/sites-formations.univ-rennes2.fr\/master-eaosp\/wp-json\/wp\/v2\/pages"}],"about":[{"href":"https:\/\/sites-formations.univ-rennes2.fr\/master-eaosp\/wp-json\/wp\/v2\/types\/page"}],"author":[{"embeddable":true,"href":"https:\/\/sites-formations.univ-rennes2.fr\/master-eaosp\/wp-json\/wp\/v2\/users\/1"}],"replies":[{"embeddable":true,"href":"https:\/\/sites-formations.univ-rennes2.fr\/master-eaosp\/wp-json\/wp\/v2\/comments?post=55"}],"version-history":[{"count":1,"href":"https:\/\/sites-formations.univ-rennes2.fr\/master-eaosp\/wp-json\/wp\/v2\/pages\/55\/revisions"}],"predecessor-version":[{"id":59,"href":"https:\/\/sites-formations.univ-rennes2.fr\/master-eaosp\/wp-json\/wp\/v2\/pages\/55\/revisions\/59"}],"wp:attachment":[{"href":"https:\/\/sites-formations.univ-rennes2.fr\/master-eaosp\/wp-json\/wp\/v2\/media?parent=55"}],"curies":[{"name":"wp","href":"https:\/\/api.w.org\/{rel}","templated":true}]}}