{"id":53,"date":"2020-02-06T08:32:40","date_gmt":"2020-02-06T07:32:40","guid":{"rendered":"https:\/\/sites-formations.univ-rennes2.fr\/master-eaosp\/?page_id=53"},"modified":"2023-01-27T09:44:37","modified_gmt":"2023-01-27T08:44:37","slug":"selection-des-dossiers","status":"publish","type":"page","link":"https:\/\/sites-formations.univ-rennes2.fr\/master-eaosp\/selection-des-dossiers\/","title":{"rendered":"S\u00e9lection des dossiers"},"content":{"rendered":"\n<p><strong>Phase 1&nbsp;: Recevabilit\u00e9 du dossier<\/strong><\/p>\n\n\n\n<ul class=\"wp-block-list\">\n<li>Peuvent pr\u00e9senter leur candidature \u00e0 l\u2019entr\u00e9e en Master 1 (parcours APE &#8211; IO) les \u00e9tudiants titulaires d\u2019une <span style=\"text-decoration: underline;\">Licence de psychologie<\/span> d\u00e9livr\u00e9e par une Universit\u00e9 fran\u00e7aise.<\/li>\n\n\n\n<li>Pour une Licence d\u00e9livr\u00e9e par une Universit\u00e9 \u00e9trang\u00e8re, l\u2019avis de la commission p\u00e9dagogique est n\u00e9cessaire.<\/li>\n\n\n\n<li>Pour un \u00e9tudiant \u00e9tranger, une ma\u00eetrise de la langue fran\u00e7aise d\u2019un niveau minimal B2 est requise.<\/li>\n<\/ul>\n\n\n\n<p><strong>Phase 2&nbsp;: Admissibilit\u00e9<\/strong><\/p>\n\n\n\n<p>Au cours de cette phase, le jury appr\u00e9cie les \u00e9l\u00e9ments suivants&nbsp;: Indicateurs acad\u00e9miques g\u00e9n\u00e9raux (50%)&nbsp;; Coh\u00e9rence du parcours de l\u2019\u00e9tudiant(e) avec la formation vis\u00e9e (30%)&nbsp;; Motivation de l\u2019\u00e9tudiant(e), ad\u00e9quation du projet de formation et du projet professionnel avec la formation vis\u00e9e (20%)<\/p>\n\n\n\n<p><strong>Phase 3&nbsp;: Admission<\/strong><\/p>\n\n\n\n<p>La phase d\u2019admission comporte (pour les candidats \u00e0 l&rsquo;entr\u00e9e directe en M2) une audition permettant d\u2019\u00e9valuer les candidats admissibles et de classer les candidats admis sur les trois crit\u00e8res g\u00e9n\u00e9raux suivants\u00a0: Qualit\u00e9 globale de la prestation orale\u00a0; Connaissance du domaine de l\u2019\u00e9ducation, de la formation et de l\u2019orientation et des concepts et m\u00e9thodologies en lien avec ce domaine\u00a0; Maturit\u00e9 du projet professionnel.<\/p>\n\n\n\n<p><\/p>\n\n\n\n<p><\/p>\n","protected":false},"excerpt":{"rendered":"<p>Phase 1&nbsp;: Recevabilit\u00e9 du dossier Phase 2&nbsp;: Admissibilit\u00e9 Au cours de cette phase, le jury appr\u00e9cie les \u00e9l\u00e9ments suivants&nbsp;: Indicateurs acad\u00e9miques g\u00e9n\u00e9raux (50%)&nbsp;; Coh\u00e9rence du parcours de l\u2019\u00e9tudiant(e) avec la formation vis\u00e9e (30%)&nbsp;; Motivation de l\u2019\u00e9tudiant(e), ad\u00e9quation du projet de formation et du projet professionnel avec la formation vis\u00e9e (20%) Phase 3&nbsp;: Admission La phase &hellip; <\/p>\n<p class=\"link-more\"><a href=\"https:\/\/sites-formations.univ-rennes2.fr\/master-eaosp\/selection-des-dossiers\/\" class=\"more-link\">Continuer la lecture<span class=\"screen-reader-text\"> de &laquo;&nbsp;S\u00e9lection des dossiers&nbsp;&raquo;<\/span><\/a><\/p>\n","protected":false},"author":1,"featured_media":0,"parent":0,"menu_order":0,"comment_status":"closed","ping_status":"closed","template":"","meta":{"footnotes":""},"class_list":["post-53","page","type-page","status-publish","hentry"],"_links":{"self":[{"href":"https:\/\/sites-formations.univ-rennes2.fr\/master-eaosp\/wp-json\/wp\/v2\/pages\/53","targetHints":{"allow":["GET"]}}],"collection":[{"href":"https:\/\/sites-formations.univ-rennes2.fr\/master-eaosp\/wp-json\/wp\/v2\/pages"}],"about":[{"href":"https:\/\/sites-formations.univ-rennes2.fr\/master-eaosp\/wp-json\/wp\/v2\/types\/page"}],"author":[{"embeddable":true,"href":"https:\/\/sites-formations.univ-rennes2.fr\/master-eaosp\/wp-json\/wp\/v2\/users\/1"}],"replies":[{"embeddable":true,"href":"https:\/\/sites-formations.univ-rennes2.fr\/master-eaosp\/wp-json\/wp\/v2\/comments?post=53"}],"version-history":[{"count":6,"href":"https:\/\/sites-formations.univ-rennes2.fr\/master-eaosp\/wp-json\/wp\/v2\/pages\/53\/revisions"}],"predecessor-version":[{"id":420,"href":"https:\/\/sites-formations.univ-rennes2.fr\/master-eaosp\/wp-json\/wp\/v2\/pages\/53\/revisions\/420"}],"wp:attachment":[{"href":"https:\/\/sites-formations.univ-rennes2.fr\/master-eaosp\/wp-json\/wp\/v2\/media?parent=53"}],"curies":[{"name":"wp","href":"https:\/\/api.w.org\/{rel}","templated":true}]}}