{"id":49,"date":"2020-02-06T08:27:05","date_gmt":"2020-02-06T07:27:05","guid":{"rendered":"https:\/\/sites-formations.univ-rennes2.fr\/master-eaosp\/?page_id=49"},"modified":"2024-05-01T12:46:21","modified_gmt":"2024-05-01T10:46:21","slug":"calendrier-selection","status":"publish","type":"page","link":"https:\/\/sites-formations.univ-rennes2.fr\/master-eaosp\/calendrier-selection\/","title":{"rendered":"Calendrier s\u00e9lection"},"content":{"rendered":"\n<p>Le d\u00e9p\u00f4t des candidatures doit \u00eatre r\u00e9alis\u00e9 sur la plateforme Mon Master. Pour la rentr\u00e9e 2024-2025, les candidatures seront ouvertes en fonction du calendrier officiel communiqu\u00e9 au niveau national.<\/p>\n\n\n\n<p>Aucun dossier adress\u00e9 par mail ne sera trait\u00e9. <\/p>\n\n\n\n<p><\/p>\n","protected":false},"excerpt":{"rendered":"<p>Le d\u00e9p\u00f4t des candidatures doit \u00eatre r\u00e9alis\u00e9 sur la plateforme Mon Master. Pour la rentr\u00e9e 2024-2025, les candidatures seront ouvertes en fonction du calendrier officiel communiqu\u00e9 au niveau national. Aucun dossier adress\u00e9 par mail ne sera trait\u00e9.<\/p>\n","protected":false},"author":1,"featured_media":0,"parent":0,"menu_order":0,"comment_status":"closed","ping_status":"closed","template":"","meta":{"footnotes":""},"class_list":["post-49","page","type-page","status-publish","hentry"],"_links":{"self":[{"href":"https:\/\/sites-formations.univ-rennes2.fr\/master-eaosp\/wp-json\/wp\/v2\/pages\/49","targetHints":{"allow":["GET"]}}],"collection":[{"href":"https:\/\/sites-formations.univ-rennes2.fr\/master-eaosp\/wp-json\/wp\/v2\/pages"}],"about":[{"href":"https:\/\/sites-formations.univ-rennes2.fr\/master-eaosp\/wp-json\/wp\/v2\/types\/page"}],"author":[{"embeddable":true,"href":"https:\/\/sites-formations.univ-rennes2.fr\/master-eaosp\/wp-json\/wp\/v2\/users\/1"}],"replies":[{"embeddable":true,"href":"https:\/\/sites-formations.univ-rennes2.fr\/master-eaosp\/wp-json\/wp\/v2\/comments?post=49"}],"version-history":[{"count":9,"href":"https:\/\/sites-formations.univ-rennes2.fr\/master-eaosp\/wp-json\/wp\/v2\/pages\/49\/revisions"}],"predecessor-version":[{"id":446,"href":"https:\/\/sites-formations.univ-rennes2.fr\/master-eaosp\/wp-json\/wp\/v2\/pages\/49\/revisions\/446"}],"wp:attachment":[{"href":"https:\/\/sites-formations.univ-rennes2.fr\/master-eaosp\/wp-json\/wp\/v2\/media?parent=49"}],"curies":[{"name":"wp","href":"https:\/\/api.w.org\/{rel}","templated":true}]}}