{"id":46,"date":"2020-02-06T08:20:28","date_gmt":"2020-02-06T07:20:28","guid":{"rendered":"https:\/\/sites-formations.univ-rennes2.fr\/master-eaosp\/?page_id=46"},"modified":"2024-05-01T12:40:07","modified_gmt":"2024-05-01T10:40:07","slug":"entree-selective","status":"publish","type":"page","link":"https:\/\/sites-formations.univ-rennes2.fr\/master-eaosp\/entree-selective\/","title":{"rendered":"Entr\u00e9e s\u00e9lective"},"content":{"rendered":"\n<p>L&rsquo;acc\u00e8s \u00e0 ce Master de psychologie est s\u00e9lectif. Comme il pr\u00e9pare au titre de psychologue, ce Master est r\u00e9serv\u00e9 <strong>exclusivement<\/strong> aux \u00e9tudiants titulaires d\u2019une <strong>Licence de Psychologie<\/strong>.<\/p>\n\n\n\n<p>Il est \u00e9galement possible de faire une demande d&rsquo;acc\u00e8s au titre de la formation continue. <\/p>\n\n\n\n<p>Toutes les candidatures sont examin\u00e9es par la commission p\u00e9dagogique et des auditions seront r\u00e9alis\u00e9es pour les candidats invit\u00e9s \u00e0 poursuivre le concours d&rsquo;entr\u00e9e pour le M2. (aucune audition ne sera r\u00e9alis\u00e9e pour les candidats \u00e0 l&rsquo;entr\u00e9e en M1).<\/p>\n\n\n\n<p>Capacit\u00e9s d\u2019accueil&nbsp;: 20 \u00e9tudiants en M1 et 20 \u00e9tudiants en M2.<\/p>\n\n\n\n<p>Pour d\u00e9poser votre candidature, il faut aller sur le site d\u00e9di\u00e9 <a href=\"https:\/\/candidatures.univ-rennes2.fr\/#!accueilView\">ecandidat<\/a> . Vous trouverez \u00e9galement des \u00e9l\u00e9ments sur les modalit\u00e9s de candidature sur le site de l&rsquo;universit\u00e9 : <a rel=\"noreferrer noopener\" href=\"https:\/\/intranet.univ-rennes2.fr\/psychologie\/formations-psychologie#PEF\" target=\"_blank\">https:\/\/intranet.univ-rennes2.fr\/psychologie\/formations-psychologie#PEF<\/a><\/p>\n\n\n\n<p>Les d\u00e9p\u00f4ts des candidatures pour la promotion de 2024-2025 se feront via la plateforme Mon Master (les dates de candidature sont nationales). Les r\u00e9ponses seront apport\u00e9es via la plateforme.<\/p>\n\n\n\n<p><\/p>\n\n\n\n<p><\/p>\n","protected":false},"excerpt":{"rendered":"<p>L&rsquo;acc\u00e8s \u00e0 ce Master de psychologie est s\u00e9lectif. Comme il pr\u00e9pare au titre de psychologue, ce Master est r\u00e9serv\u00e9 exclusivement aux \u00e9tudiants titulaires d\u2019une Licence de Psychologie. Il est \u00e9galement possible de faire une demande d&rsquo;acc\u00e8s au titre de la formation continue. Toutes les candidatures sont examin\u00e9es par la commission p\u00e9dagogique et des auditions seront &hellip; <\/p>\n<p class=\"link-more\"><a href=\"https:\/\/sites-formations.univ-rennes2.fr\/master-eaosp\/entree-selective\/\" class=\"more-link\">Continuer la lecture<span class=\"screen-reader-text\"> de &laquo;&nbsp;Entr\u00e9e s\u00e9lective&nbsp;&raquo;<\/span><\/a><\/p>\n","protected":false},"author":1,"featured_media":0,"parent":0,"menu_order":0,"comment_status":"closed","ping_status":"closed","template":"","meta":{"footnotes":""},"class_list":["post-46","page","type-page","status-publish","hentry"],"_links":{"self":[{"href":"https:\/\/sites-formations.univ-rennes2.fr\/master-eaosp\/wp-json\/wp\/v2\/pages\/46","targetHints":{"allow":["GET"]}}],"collection":[{"href":"https:\/\/sites-formations.univ-rennes2.fr\/master-eaosp\/wp-json\/wp\/v2\/pages"}],"about":[{"href":"https:\/\/sites-formations.univ-rennes2.fr\/master-eaosp\/wp-json\/wp\/v2\/types\/page"}],"author":[{"embeddable":true,"href":"https:\/\/sites-formations.univ-rennes2.fr\/master-eaosp\/wp-json\/wp\/v2\/users\/1"}],"replies":[{"embeddable":true,"href":"https:\/\/sites-formations.univ-rennes2.fr\/master-eaosp\/wp-json\/wp\/v2\/comments?post=46"}],"version-history":[{"count":9,"href":"https:\/\/sites-formations.univ-rennes2.fr\/master-eaosp\/wp-json\/wp\/v2\/pages\/46\/revisions"}],"predecessor-version":[{"id":443,"href":"https:\/\/sites-formations.univ-rennes2.fr\/master-eaosp\/wp-json\/wp\/v2\/pages\/46\/revisions\/443"}],"wp:attachment":[{"href":"https:\/\/sites-formations.univ-rennes2.fr\/master-eaosp\/wp-json\/wp\/v2\/media?parent=46"}],"curies":[{"name":"wp","href":"https:\/\/api.w.org\/{rel}","templated":true}]}}