{"id":437,"date":"2024-05-01T12:34:56","date_gmt":"2024-05-01T10:34:56","guid":{"rendered":"https:\/\/sites-formations.univ-rennes2.fr\/master-eaosp\/?page_id=437"},"modified":"2024-05-01T12:45:57","modified_gmt":"2024-05-01T10:45:57","slug":"accessibilite","status":"publish","type":"page","link":"https:\/\/sites-formations.univ-rennes2.fr\/master-eaosp\/accessibilite\/","title":{"rendered":"Accessibilit\u00e9"},"content":{"rendered":"\n<p><\/p>\n\n\n\n<p>L\u2019<strong>Universit\u00e9 Rennes 2<\/strong>&nbsp;s\u2019engage \u00e0 rendre ses sites internet, intranet, extranet et ses progiciels accessibles (et ses applications mobiles et mobilier urbain num\u00e9rique) conform\u00e9ment \u00e0 l\u2019article 47 de la loi n\u00b02005-102 du 11 f\u00e9vrier 2005.<\/p>\n\n\n\n<p>\u00c0 cette fin, l\u2019Universit\u00e9 Rennes 2 travaille met en \u0153uvre la strat\u00e9gie et les actions suivantes&nbsp;:<\/p>\n\n\n\n<ul class=\"wp-block-list\">\n<li><a href=\"https:\/\/www.univ-rennes2.fr\/SPAN\">Sch\u00e9ma pluriannuel de mise en accessibilit\u00e9 num\u00e9rique 2023-2025<\/a><\/li>\n\n\n\n<li><a href=\"https:\/\/www.univ-rennes2.fr\/SPAN#plan\">Plan d\u2019actions 2023-2024<\/a>&nbsp;(int\u00e9gr\u00e9 au SPAN)<\/li>\n<\/ul>\n\n\n\n<p><\/p>\n\n\n\n<h2 class=\"wp-block-heading\">\u00c9tat de conformit\u00e9<\/h2>\n\n\n\n<p>Le site du master APEIO h\u00e9berg\u00e9 par l\u2019Universit\u00e9 Rennes 2 est actuellement non conforme avec le r\u00e9f\u00e9rentiel g\u00e9n\u00e9ral d\u2019am\u00e9lioration de l\u2019accessibilit\u00e9 (RGAA), version 4 en raison de l\u2019absence d\u2019audit r\u00e9alis\u00e9 \u00e0 ce jour. <\/p>\n\n\n\n<p>Nous allons nous atteler tr\u00e8s prochainement \u00e0 la mise en conformit\u00e9 de notre site. N&rsquo;h\u00e9sitez pas \u00e0 nous remonter vos soucis ou \u00e0 nous apporter des conseils pour am\u00e9liorer notre accessibilit\u00e9.<\/p>\n\n\n\n<h2 class=\"wp-block-heading\">\u00c9tablissement de cette d\u00e9claration d\u2019accessibilit\u00e9<\/h2>\n\n\n\n<p>Cette d\u00e9claration a \u00e9t\u00e9 \u00e9tablie le 1\/03\/2023 et valid\u00e9e par les instances \u00e9lues de l\u2019Universit\u00e9 Rennes 2.<\/p>\n\n\n\n<h2 class=\"wp-block-heading\">Retour d\u2019information et contact<\/h2>\n\n\n\n<p>Si vous n\u2019arrivez pas \u00e0 acc\u00e9der \u00e0 un contenu ou \u00e0 un service, vous pouvez contacter le comit\u00e9 accessibilit\u00e9 num\u00e9rique de l\u2019Universit\u00e9 Rennes 2 pour \u00eatre orient\u00e9 vers une alternative accessible ou obtenir le contenu sous une autre forme&nbsp;:<\/p>\n\n\n\n<ul class=\"wp-block-list\">\n<li>Envoyer un message \u00e0 notre webmaster : nathalie.marec-breton@univ-rennes2.fr<\/li>\n\n\n\n<li>Envoyer un message via ce formulaire&nbsp;:&nbsp;<a href=\"https:\/\/www.univ-rennes2.fr\/contact\">https:\/\/www.univ-rennes2.fr\/contact<\/a><\/li>\n\n\n\n<li>Contacter le Comit\u00e9 Accessibilit\u00e9 Num\u00e9rique \u00e0 cette adresse&nbsp;:&nbsp;<a href=\"mailto:accessibilite-numerique@univ-rennes2.fr\">accessibilite-numerique@univ-rennes2.fr<\/a><\/li>\n<\/ul>\n\n\n\n<h2 class=\"wp-block-heading\">Voies de recours<\/h2>\n\n\n\n<p>Si vous constatez un d\u00e9faut d\u2019accessibilit\u00e9 vous emp\u00eachant d\u2019acc\u00e9der \u00e0 un contenu ou une fonctionnalit\u00e9 du site, que vous nous le signalez et que vous ne parvenez pas \u00e0 obtenir une r\u00e9ponse de notre part, vous \u00eates en droit de faire parvenir vos dol\u00e9ances ou une demande de saisine au D\u00e9fenseur des droits.<\/p>\n\n\n\n<p>Plusieurs moyens sont \u00e0 votre disposition&nbsp;:<\/p>\n\n\n\n<ul class=\"wp-block-list\">\n<li>\u00c9crire un message au D\u00e9fenseur des droits<\/li>\n\n\n\n<li>Contacter le d\u00e9l\u00e9gu\u00e9 du D\u00e9fenseur des droits dans votre r\u00e9gion<\/li>\n\n\n\n<li>Envoyer un courrier par la poste (gratuit, ne pas mettre de timbre) D\u00e9fenseur des droits Libre r\u00e9ponse 71120 75342 Paris CEDEX 07<\/li>\n<\/ul>\n\n\n\n<p><\/p>\n\n\n\n<p><\/p>\n\n\n\n<p><\/p>\n","protected":false},"excerpt":{"rendered":"<p>L\u2019Universit\u00e9 Rennes 2&nbsp;s\u2019engage \u00e0 rendre ses sites internet, intranet, extranet et ses progiciels accessibles (et ses applications mobiles et mobilier urbain num\u00e9rique) conform\u00e9ment \u00e0 l\u2019article 47 de la loi n\u00b02005-102 du 11 f\u00e9vrier 2005. \u00c0 cette fin, l\u2019Universit\u00e9 Rennes 2 travaille met en \u0153uvre la strat\u00e9gie et les actions suivantes&nbsp;: \u00c9tat de conformit\u00e9 Le site &hellip; <\/p>\n<p class=\"link-more\"><a href=\"https:\/\/sites-formations.univ-rennes2.fr\/master-eaosp\/accessibilite\/\" class=\"more-link\">Continuer la lecture<span class=\"screen-reader-text\"> de &laquo;&nbsp;Accessibilit\u00e9&nbsp;&raquo;<\/span><\/a><\/p>\n","protected":false},"author":1,"featured_media":0,"parent":0,"menu_order":0,"comment_status":"closed","ping_status":"closed","template":"","meta":{"footnotes":""},"class_list":["post-437","page","type-page","status-publish","hentry"],"_links":{"self":[{"href":"https:\/\/sites-formations.univ-rennes2.fr\/master-eaosp\/wp-json\/wp\/v2\/pages\/437","targetHints":{"allow":["GET"]}}],"collection":[{"href":"https:\/\/sites-formations.univ-rennes2.fr\/master-eaosp\/wp-json\/wp\/v2\/pages"}],"about":[{"href":"https:\/\/sites-formations.univ-rennes2.fr\/master-eaosp\/wp-json\/wp\/v2\/types\/page"}],"author":[{"embeddable":true,"href":"https:\/\/sites-formations.univ-rennes2.fr\/master-eaosp\/wp-json\/wp\/v2\/users\/1"}],"replies":[{"embeddable":true,"href":"https:\/\/sites-formations.univ-rennes2.fr\/master-eaosp\/wp-json\/wp\/v2\/comments?post=437"}],"version-history":[{"count":3,"href":"https:\/\/sites-formations.univ-rennes2.fr\/master-eaosp\/wp-json\/wp\/v2\/pages\/437\/revisions"}],"predecessor-version":[{"id":445,"href":"https:\/\/sites-formations.univ-rennes2.fr\/master-eaosp\/wp-json\/wp\/v2\/pages\/437\/revisions\/445"}],"wp:attachment":[{"href":"https:\/\/sites-formations.univ-rennes2.fr\/master-eaosp\/wp-json\/wp\/v2\/media?parent=437"}],"curies":[{"name":"wp","href":"https:\/\/api.w.org\/{rel}","templated":true}]}}