{"id":188,"date":"2020-02-06T14:57:40","date_gmt":"2020-02-06T13:57:40","guid":{"rendered":"https:\/\/sites-formations.univ-rennes2.fr\/master-eaosp\/?page_id=188"},"modified":"2022-06-23T08:09:55","modified_gmt":"2022-06-23T06:09:55","slug":"nos-promos","status":"publish","type":"page","link":"https:\/\/sites-formations.univ-rennes2.fr\/master-eaosp\/nos-promos\/","title":{"rendered":"Nos promos"},"content":{"rendered":"\n<p>Le master EAOSP a ouvert ses portes en septembre 2017.<\/p>\n\n\n\n<p>La premi\u00e8re promotion compl\u00e8te (ayant suivi le M1 et le M2 EAOSP), nomm\u00e9e promo FLYNN, est sortie en 2019. <\/p>\n\n\n\n<figure class=\"wp-block-image\"><img loading=\"lazy\" decoding=\"async\" width=\"310\" height=\"428\" src=\"https:\/\/sites-formations.univ-rennes2.fr\/master-eaosp\/wp-content\/uploads\/2020\/02\/Capture-d\u2019\u00e9cran-2020-02-06-\u00e0-16.14.59.png\" alt=\"\" class=\"wp-image-225\" srcset=\"https:\/\/sites-formations.univ-rennes2.fr\/master-eaosp\/wp-content\/uploads\/2020\/02\/Capture-d\u2019\u00e9cran-2020-02-06-\u00e0-16.14.59.png 310w, https:\/\/sites-formations.univ-rennes2.fr\/master-eaosp\/wp-content\/uploads\/2020\/02\/Capture-d\u2019\u00e9cran-2020-02-06-\u00e0-16.14.59-217x300.png 217w\" sizes=\"auto, (max-width: 310px) 100vw, 310px\" \/><figcaption>Promo FLYNN &#8211; 2017-2019<\/figcaption><\/figure>\n\n\n\n<p>En octobre 2019, ils \u00e9taient l\u00e0 pour leur c\u00e9r\u00e9monie de remise des dipl\u00f4mes. <\/p>\n\n\n\n<figure class=\"wp-block-image\"><img loading=\"lazy\" decoding=\"async\" width=\"868\" height=\"1024\" src=\"https:\/\/sites-formations.univ-rennes2.fr\/master-eaosp\/wp-content\/uploads\/2020\/02\/Capture-d\u2019\u00e9cran-2020-02-06-\u00e0-16.26.13-868x1024.png\" alt=\"\" class=\"wp-image-232\" srcset=\"https:\/\/sites-formations.univ-rennes2.fr\/master-eaosp\/wp-content\/uploads\/2020\/02\/Capture-d\u2019\u00e9cran-2020-02-06-\u00e0-16.26.13-868x1024.png 868w, https:\/\/sites-formations.univ-rennes2.fr\/master-eaosp\/wp-content\/uploads\/2020\/02\/Capture-d\u2019\u00e9cran-2020-02-06-\u00e0-16.26.13-254x300.png 254w, https:\/\/sites-formations.univ-rennes2.fr\/master-eaosp\/wp-content\/uploads\/2020\/02\/Capture-d\u2019\u00e9cran-2020-02-06-\u00e0-16.26.13-768x906.png 768w, https:\/\/sites-formations.univ-rennes2.fr\/master-eaosp\/wp-content\/uploads\/2020\/02\/Capture-d\u2019\u00e9cran-2020-02-06-\u00e0-16.26.13.png 936w\" sizes=\"auto, (max-width: 767px) 89vw, (max-width: 1000px) 54vw, (max-width: 1071px) 543px, 580px\" \/><figcaption>Premi\u00e8re c\u00e9r\u00e9monie de remise des dipl\u00f4mes du master EAOSP<\/figcaption><\/figure>\n\n\n\n<figure class=\"wp-block-image\"><img loading=\"lazy\" decoding=\"async\" width=\"1024\" height=\"683\" src=\"https:\/\/sites-formations.univ-rennes2.fr\/master-eaosp\/wp-content\/uploads\/2020\/09\/received_2732645103414263-1024x683.jpeg\" alt=\"\" class=\"wp-image-263\" srcset=\"https:\/\/sites-formations.univ-rennes2.fr\/master-eaosp\/wp-content\/uploads\/2020\/09\/received_2732645103414263-1024x683.jpeg 1024w, https:\/\/sites-formations.univ-rennes2.fr\/master-eaosp\/wp-content\/uploads\/2020\/09\/received_2732645103414263-300x200.jpeg 300w, https:\/\/sites-formations.univ-rennes2.fr\/master-eaosp\/wp-content\/uploads\/2020\/09\/received_2732645103414263-768x512.jpeg 768w\" sizes=\"auto, (max-width: 767px) 89vw, (max-width: 1000px) 54vw, (max-width: 1071px) 543px, 580px\" \/><figcaption>Promo BINET &#8211; 2018-2020<\/figcaption><\/figure>\n\n\n\n<figure class=\"wp-block-image\"><img loading=\"lazy\" decoding=\"async\" width=\"960\" height=\"720\" src=\"https:\/\/sites-formations.univ-rennes2.fr\/master-eaosp\/wp-content\/uploads\/2021\/02\/promotion.jpg\" alt=\"\" class=\"wp-image-277\" srcset=\"https:\/\/sites-formations.univ-rennes2.fr\/master-eaosp\/wp-content\/uploads\/2021\/02\/promotion.jpg 960w, https:\/\/sites-formations.univ-rennes2.fr\/master-eaosp\/wp-content\/uploads\/2021\/02\/promotion-300x225.jpg 300w, https:\/\/sites-formations.univ-rennes2.fr\/master-eaosp\/wp-content\/uploads\/2021\/02\/promotion-768x576.jpg 768w\" sizes=\"auto, (max-width: 767px) 89vw, (max-width: 1000px) 54vw, (max-width: 1071px) 543px, 580px\" \/><figcaption>Promo TREISMAN &#8211; 2019-2021<\/figcaption><\/figure>\n\n\n\n<p>La promo TREISMAN a soutenu en juillet 2021. <\/p>\n\n\n\n<p>La promotion 2020-2022 a \u00e9t\u00e9 nomm\u00e9e la promo PIERON. Les soutenances sont en cours&#8230;<\/p>\n\n\n\n<p><\/p>\n\n\n\n<p>La promo \u00ab\u00a0masqu\u00e9e\u00a0\u00bb 2021-2023<\/p>\n\n\n\n<figure class=\"wp-block-image size-large\"><img loading=\"lazy\" decoding=\"async\" width=\"1024\" height=\"768\" src=\"https:\/\/sites-formations.univ-rennes2.fr\/master-eaosp\/wp-content\/uploads\/2022\/02\/IMG_20211216_122928-1024x768.jpg\" alt=\"\" class=\"wp-image-367\" srcset=\"https:\/\/sites-formations.univ-rennes2.fr\/master-eaosp\/wp-content\/uploads\/2022\/02\/IMG_20211216_122928-1024x768.jpg 1024w, https:\/\/sites-formations.univ-rennes2.fr\/master-eaosp\/wp-content\/uploads\/2022\/02\/IMG_20211216_122928-300x225.jpg 300w, https:\/\/sites-formations.univ-rennes2.fr\/master-eaosp\/wp-content\/uploads\/2022\/02\/IMG_20211216_122928-768x576.jpg 768w, https:\/\/sites-formations.univ-rennes2.fr\/master-eaosp\/wp-content\/uploads\/2022\/02\/IMG_20211216_122928-1536x1152.jpg 1536w, https:\/\/sites-formations.univ-rennes2.fr\/master-eaosp\/wp-content\/uploads\/2022\/02\/IMG_20211216_122928-2048x1536.jpg 2048w\" sizes=\"auto, (max-width: 767px) 89vw, (max-width: 1000px) 54vw, (max-width: 1071px) 543px, 580px\" \/><\/figure>\n","protected":false},"excerpt":{"rendered":"<p>Le master EAOSP a ouvert ses portes en septembre 2017. La premi\u00e8re promotion compl\u00e8te (ayant suivi le M1 et le M2 EAOSP), nomm\u00e9e promo FLYNN, est sortie en 2019. En octobre 2019, ils \u00e9taient l\u00e0 pour leur c\u00e9r\u00e9monie de remise des dipl\u00f4mes. La promo TREISMAN a soutenu en juillet 2021. La promotion 2020-2022 a \u00e9t\u00e9 &hellip; <\/p>\n<p class=\"link-more\"><a href=\"https:\/\/sites-formations.univ-rennes2.fr\/master-eaosp\/nos-promos\/\" class=\"more-link\">Continuer la lecture<span class=\"screen-reader-text\"> de &laquo;&nbsp;Nos promos&nbsp;&raquo;<\/span><\/a><\/p>\n","protected":false},"author":1,"featured_media":0,"parent":0,"menu_order":0,"comment_status":"closed","ping_status":"closed","template":"","meta":{"footnotes":""},"class_list":["post-188","page","type-page","status-publish","hentry"],"_links":{"self":[{"href":"https:\/\/sites-formations.univ-rennes2.fr\/master-eaosp\/wp-json\/wp\/v2\/pages\/188","targetHints":{"allow":["GET"]}}],"collection":[{"href":"https:\/\/sites-formations.univ-rennes2.fr\/master-eaosp\/wp-json\/wp\/v2\/pages"}],"about":[{"href":"https:\/\/sites-formations.univ-rennes2.fr\/master-eaosp\/wp-json\/wp\/v2\/types\/page"}],"author":[{"embeddable":true,"href":"https:\/\/sites-formations.univ-rennes2.fr\/master-eaosp\/wp-json\/wp\/v2\/users\/1"}],"replies":[{"embeddable":true,"href":"https:\/\/sites-formations.univ-rennes2.fr\/master-eaosp\/wp-json\/wp\/v2\/comments?post=188"}],"version-history":[{"count":16,"href":"https:\/\/sites-formations.univ-rennes2.fr\/master-eaosp\/wp-json\/wp\/v2\/pages\/188\/revisions"}],"predecessor-version":[{"id":400,"href":"https:\/\/sites-formations.univ-rennes2.fr\/master-eaosp\/wp-json\/wp\/v2\/pages\/188\/revisions\/400"}],"wp:attachment":[{"href":"https:\/\/sites-formations.univ-rennes2.fr\/master-eaosp\/wp-json\/wp\/v2\/media?parent=188"}],"curies":[{"name":"wp","href":"https:\/\/api.w.org\/{rel}","templated":true}]}}