{"id":184,"date":"2020-02-06T14:53:32","date_gmt":"2020-02-06T13:53:32","guid":{"rendered":"https:\/\/sites-formations.univ-rennes2.fr\/master-eaosp\/?page_id=184"},"modified":"2020-02-06T14:53:32","modified_gmt":"2020-02-06T13:53:32","slug":"formations-continues","status":"publish","type":"page","link":"https:\/\/sites-formations.univ-rennes2.fr\/master-eaosp\/formations-continues\/","title":{"rendered":"Formations continues"},"content":{"rendered":"\n<p>Chaque ann\u00e9e, en marge de notre formation, nous organisons des actions de formation pour des professionnels. <\/p>\n\n\n\n<p>En 2019-2020, plusieurs journ\u00e9es de formation ont \u00e9t\u00e9 ouvertes : <\/p>\n\n\n\n<ul class=\"wp-block-list\"><li> WISC V<\/li><li>Dyslexie<\/li><li>Troubles des apprentissages<\/li><li>Dyspraxie<\/li><li>Fonctions ex\u00e9cutives<\/li><\/ul>\n\n\n\n<p><\/p>\n","protected":false},"excerpt":{"rendered":"<p>Chaque ann\u00e9e, en marge de notre formation, nous organisons des actions de formation pour des professionnels. En 2019-2020, plusieurs journ\u00e9es de formation ont \u00e9t\u00e9 ouvertes : WISC V Dyslexie Troubles des apprentissages Dyspraxie Fonctions ex\u00e9cutives<\/p>\n","protected":false},"author":1,"featured_media":0,"parent":0,"menu_order":0,"comment_status":"closed","ping_status":"closed","template":"","meta":{"footnotes":""},"class_list":["post-184","page","type-page","status-publish","hentry"],"_links":{"self":[{"href":"https:\/\/sites-formations.univ-rennes2.fr\/master-eaosp\/wp-json\/wp\/v2\/pages\/184","targetHints":{"allow":["GET"]}}],"collection":[{"href":"https:\/\/sites-formations.univ-rennes2.fr\/master-eaosp\/wp-json\/wp\/v2\/pages"}],"about":[{"href":"https:\/\/sites-formations.univ-rennes2.fr\/master-eaosp\/wp-json\/wp\/v2\/types\/page"}],"author":[{"embeddable":true,"href":"https:\/\/sites-formations.univ-rennes2.fr\/master-eaosp\/wp-json\/wp\/v2\/users\/1"}],"replies":[{"embeddable":true,"href":"https:\/\/sites-formations.univ-rennes2.fr\/master-eaosp\/wp-json\/wp\/v2\/comments?post=184"}],"version-history":[{"count":1,"href":"https:\/\/sites-formations.univ-rennes2.fr\/master-eaosp\/wp-json\/wp\/v2\/pages\/184\/revisions"}],"predecessor-version":[{"id":187,"href":"https:\/\/sites-formations.univ-rennes2.fr\/master-eaosp\/wp-json\/wp\/v2\/pages\/184\/revisions\/187"}],"wp:attachment":[{"href":"https:\/\/sites-formations.univ-rennes2.fr\/master-eaosp\/wp-json\/wp\/v2\/media?parent=184"}],"curies":[{"name":"wp","href":"https:\/\/api.w.org\/{rel}","templated":true}]}}