{"id":177,"date":"2020-02-06T14:44:14","date_gmt":"2020-02-06T13:44:14","guid":{"rendered":"https:\/\/sites-formations.univ-rennes2.fr\/master-eaosp\/?page_id=177"},"modified":"2022-01-06T10:23:00","modified_gmt":"2022-01-06T09:23:00","slug":"nos-projets","status":"publish","type":"page","link":"https:\/\/sites-formations.univ-rennes2.fr\/master-eaosp\/nos-projets\/","title":{"rendered":"Nos projets"},"content":{"rendered":"\n<p>Chaque ann\u00e9e, les \u00e9tudiants du Master EAOSP sont impliqu\u00e9s dans des projets de recherche (en 2021-2022 ; les projets propos\u00e9s port\u00e9es sur des questions en lien avec l&rsquo;accompagnement \u00e0 l&rsquo;orientation (ex. caract\u00e9ristiques des ambassadeurs pour les lyc\u00e9ens). Ces projets nous sont propos\u00e9s par des institutions partenaires (ex. Soie, MLDS, \u00e9cole, association&#8230;). <\/p>\n\n\n\n<p>Les \u00e9tudiants de M2 ont, \u00e9galement, en charge de pr\u00e9parer la journ\u00e9e d&rsquo;\u00e9tudes annuelle. <\/p>\n\n\n\n<p><\/p>\n","protected":false},"excerpt":{"rendered":"<p>Chaque ann\u00e9e, les \u00e9tudiants du Master EAOSP sont impliqu\u00e9s dans des projets de recherche (en 2021-2022 ; les projets propos\u00e9s port\u00e9es sur des questions en lien avec l&rsquo;accompagnement \u00e0 l&rsquo;orientation (ex. caract\u00e9ristiques des ambassadeurs pour les lyc\u00e9ens). Ces projets nous sont propos\u00e9s par des institutions partenaires (ex. Soie, MLDS, \u00e9cole, association&#8230;). Les \u00e9tudiants de M2 &hellip; <\/p>\n<p class=\"link-more\"><a href=\"https:\/\/sites-formations.univ-rennes2.fr\/master-eaosp\/nos-projets\/\" class=\"more-link\">Continuer la lecture<span class=\"screen-reader-text\"> de &laquo;&nbsp;Nos projets&nbsp;&raquo;<\/span><\/a><\/p>\n","protected":false},"author":1,"featured_media":0,"parent":0,"menu_order":0,"comment_status":"closed","ping_status":"closed","template":"","meta":{"footnotes":""},"class_list":["post-177","page","type-page","status-publish","hentry"],"_links":{"self":[{"href":"https:\/\/sites-formations.univ-rennes2.fr\/master-eaosp\/wp-json\/wp\/v2\/pages\/177","targetHints":{"allow":["GET"]}}],"collection":[{"href":"https:\/\/sites-formations.univ-rennes2.fr\/master-eaosp\/wp-json\/wp\/v2\/pages"}],"about":[{"href":"https:\/\/sites-formations.univ-rennes2.fr\/master-eaosp\/wp-json\/wp\/v2\/types\/page"}],"author":[{"embeddable":true,"href":"https:\/\/sites-formations.univ-rennes2.fr\/master-eaosp\/wp-json\/wp\/v2\/users\/1"}],"replies":[{"embeddable":true,"href":"https:\/\/sites-formations.univ-rennes2.fr\/master-eaosp\/wp-json\/wp\/v2\/comments?post=177"}],"version-history":[{"count":3,"href":"https:\/\/sites-formations.univ-rennes2.fr\/master-eaosp\/wp-json\/wp\/v2\/pages\/177\/revisions"}],"predecessor-version":[{"id":354,"href":"https:\/\/sites-formations.univ-rennes2.fr\/master-eaosp\/wp-json\/wp\/v2\/pages\/177\/revisions\/354"}],"wp:attachment":[{"href":"https:\/\/sites-formations.univ-rennes2.fr\/master-eaosp\/wp-json\/wp\/v2\/media?parent=177"}],"curies":[{"name":"wp","href":"https:\/\/api.w.org\/{rel}","templated":true}]}}