{"id":151,"date":"2020-02-06T14:18:23","date_gmt":"2020-02-06T13:18:23","guid":{"rendered":"https:\/\/sites-formations.univ-rennes2.fr\/master-eaosp\/?page_id=151"},"modified":"2023-01-27T09:49:49","modified_gmt":"2023-01-27T08:49:49","slug":"semestre-9","status":"publish","type":"page","link":"https:\/\/sites-formations.univ-rennes2.fr\/master-eaosp\/semestre-9\/","title":{"rendered":"Semestre 9"},"content":{"rendered":"\n<p>Les enseignements propos\u00e9s pour la seconde ann\u00e9e du master ont pour finalit\u00e9s de poursuivre la sp\u00e9cialisation pour l&rsquo;exercice du m\u00e9tier de psychologue :<\/p>\n\n\n\n<p><span style=\"text-decoration: underline;\">Regards actuels sur le contexte scolaire et l&rsquo;insertion professionnelle<\/span> : structur\u00e9 autour de 5 enseignements : \u00ab\u00a0Psychopathologie de l&rsquo;\u00e9cole\u00a0\u00bb, \u00ab\u00a0De l&rsquo;int\u00e9gration \u00e0 l&rsquo;inclusion\u00a0\u00bb, \u00ab\u00a0Nouvelles technologies dans le contexte scolaire\u00a0\u00bb, &lsquo;Politiques \u00e9ducatives et sociologie de l&rsquo;\u00e9cole\u00a0\u00bb, \u00ab\u00a0Repr\u00e9sentations sociales des m\u00e9tiers et du monde du travail\u00a0\u00bb <\/p>\n\n\n\n<p><span style=\"text-decoration: underline;\">Pratiques psychologiques en institution<\/span> : avec des enseignements sur le \u00ab\u00a0cadre l\u00e9gal et la connaissance des secteurs\u00a0\u00bb et d&rsquo;autres sur \u00ab\u00a0les dispositifs individuels\/collectifs d&rsquo;accompagnement scolaire\u00a0\u00bb<\/p>\n\n\n\n<p>Un autre module sur la pratique du psychologue : <span style=\"text-decoration: underline;\">Analyse de la demande et diagnostic diff\u00e9rentiel<\/span> : avec des cours sur \u00ab\u00a0la conduite de bilan : du bilan pour le diagnostic et l&rsquo;accompagnement au bilan de comp\u00e9tence\u00a0\u00bb et des cours sur \u00ab\u00a0l&rsquo;accompagnement psychologique\u00a0\u00bb  (notamment cibl\u00e9s sur la mise en place de m\u00e9diations et de groupes de parole \/ suivi th\u00e9rapeutique \/ rem\u00e9diation cognitive)<\/p>\n\n\n\n<p><span style=\"text-decoration: underline;\">Recherches en psychologie de l&rsquo;\u00e9ducation <\/span>: avec l&rsquo;investissement dans un projet de recherche collaboratif dans le champ de l&rsquo;\u00e9ducation et l&rsquo;organisation d&rsquo;une journ\u00e9e d&rsquo;\u00e9tudes.<\/p>\n\n\n\n<p><\/p>\n","protected":false},"excerpt":{"rendered":"<p>Les enseignements propos\u00e9s pour la seconde ann\u00e9e du master ont pour finalit\u00e9s de poursuivre la sp\u00e9cialisation pour l&rsquo;exercice du m\u00e9tier de psychologue : Regards actuels sur le contexte scolaire et l&rsquo;insertion professionnelle : structur\u00e9 autour de 5 enseignements : \u00ab\u00a0Psychopathologie de l&rsquo;\u00e9cole\u00a0\u00bb, \u00ab\u00a0De l&rsquo;int\u00e9gration \u00e0 l&rsquo;inclusion\u00a0\u00bb, \u00ab\u00a0Nouvelles technologies dans le contexte scolaire\u00a0\u00bb, &lsquo;Politiques \u00e9ducatives et &hellip; <\/p>\n<p class=\"link-more\"><a href=\"https:\/\/sites-formations.univ-rennes2.fr\/master-eaosp\/semestre-9\/\" class=\"more-link\">Continuer la lecture<span class=\"screen-reader-text\"> de &laquo;&nbsp;Semestre 9&nbsp;&raquo;<\/span><\/a><\/p>\n","protected":false},"author":1,"featured_media":0,"parent":0,"menu_order":0,"comment_status":"closed","ping_status":"closed","template":"","meta":{"footnotes":""},"class_list":["post-151","page","type-page","status-publish","hentry"],"_links":{"self":[{"href":"https:\/\/sites-formations.univ-rennes2.fr\/master-eaosp\/wp-json\/wp\/v2\/pages\/151","targetHints":{"allow":["GET"]}}],"collection":[{"href":"https:\/\/sites-formations.univ-rennes2.fr\/master-eaosp\/wp-json\/wp\/v2\/pages"}],"about":[{"href":"https:\/\/sites-formations.univ-rennes2.fr\/master-eaosp\/wp-json\/wp\/v2\/types\/page"}],"author":[{"embeddable":true,"href":"https:\/\/sites-formations.univ-rennes2.fr\/master-eaosp\/wp-json\/wp\/v2\/users\/1"}],"replies":[{"embeddable":true,"href":"https:\/\/sites-formations.univ-rennes2.fr\/master-eaosp\/wp-json\/wp\/v2\/comments?post=151"}],"version-history":[{"count":4,"href":"https:\/\/sites-formations.univ-rennes2.fr\/master-eaosp\/wp-json\/wp\/v2\/pages\/151\/revisions"}],"predecessor-version":[{"id":426,"href":"https:\/\/sites-formations.univ-rennes2.fr\/master-eaosp\/wp-json\/wp\/v2\/pages\/151\/revisions\/426"}],"wp:attachment":[{"href":"https:\/\/sites-formations.univ-rennes2.fr\/master-eaosp\/wp-json\/wp\/v2\/media?parent=151"}],"curies":[{"name":"wp","href":"https:\/\/api.w.org\/{rel}","templated":true}]}}