{"id":133,"date":"2020-02-06T13:52:53","date_gmt":"2020-02-06T12:52:53","guid":{"rendered":"https:\/\/sites-formations.univ-rennes2.fr\/master-eaosp\/?page_id=133"},"modified":"2022-01-06T10:20:57","modified_gmt":"2022-01-06T09:20:57","slug":"m2","status":"publish","type":"page","link":"https:\/\/sites-formations.univ-rennes2.fr\/master-eaosp\/m2\/","title":{"rendered":"M2"},"content":{"rendered":"\n<p>Au cours du M2, la professionnalisation se poursuit. Les enseignements propos\u00e9s visent \u00e0 pr\u00e9parer nos \u00e9tudiants \u00e0 l&rsquo;exercice du m\u00e9tier de psychologue. <\/p>\n\n\n\n<p>Certains de nos enseignements du semestre 1 sont mutualis\u00e9s avec le parcours MEEF-CPE de l&rsquo;Universit\u00e9 Rennes 2 . <\/p>\n\n\n\n<p>Au cours de l&rsquo;ann\u00e9e de M2, les \u00e9tudiants r\u00e9alisent un stage de 500h aupr\u00e8s d&rsquo;un psychologue, exer\u00e7ant depuis plus de 3 ans. <\/p>\n\n\n\n<p>Pour l&rsquo;ann\u00e9e de M2, les \u00e9tudiants sont investis collectivement sur des projets de recherche (ex. en 2021-2022 : plusieurs projets ont \u00e9t\u00e9 propos\u00e9s autour de l&rsquo;orientation : caract\u00e9ristiques de personnalit\u00e9 des tuteurs de L1 sur rennes 1, caract\u00e9ristiques des ambassadeurs des lyc\u00e9ens, caract\u00e9ristiques des \u00e9tudiants sur les DU s&rsquo;Orienter, r\u00e9fl\u00e9chir, Agir &#8211; ORA).<\/p>\n","protected":false},"excerpt":{"rendered":"<p>Au cours du M2, la professionnalisation se poursuit. Les enseignements propos\u00e9s visent \u00e0 pr\u00e9parer nos \u00e9tudiants \u00e0 l&rsquo;exercice du m\u00e9tier de psychologue. Certains de nos enseignements du semestre 1 sont mutualis\u00e9s avec le parcours MEEF-CPE de l&rsquo;Universit\u00e9 Rennes 2 . Au cours de l&rsquo;ann\u00e9e de M2, les \u00e9tudiants r\u00e9alisent un stage de 500h aupr\u00e8s d&rsquo;un &hellip; <\/p>\n<p class=\"link-more\"><a href=\"https:\/\/sites-formations.univ-rennes2.fr\/master-eaosp\/m2\/\" class=\"more-link\">Continuer la lecture<span class=\"screen-reader-text\"> de &laquo;&nbsp;M2&nbsp;&raquo;<\/span><\/a><\/p>\n","protected":false},"author":1,"featured_media":0,"parent":0,"menu_order":0,"comment_status":"closed","ping_status":"closed","template":"","meta":{"footnotes":""},"class_list":["post-133","page","type-page","status-publish","hentry"],"_links":{"self":[{"href":"https:\/\/sites-formations.univ-rennes2.fr\/master-eaosp\/wp-json\/wp\/v2\/pages\/133","targetHints":{"allow":["GET"]}}],"collection":[{"href":"https:\/\/sites-formations.univ-rennes2.fr\/master-eaosp\/wp-json\/wp\/v2\/pages"}],"about":[{"href":"https:\/\/sites-formations.univ-rennes2.fr\/master-eaosp\/wp-json\/wp\/v2\/types\/page"}],"author":[{"embeddable":true,"href":"https:\/\/sites-formations.univ-rennes2.fr\/master-eaosp\/wp-json\/wp\/v2\/users\/1"}],"replies":[{"embeddable":true,"href":"https:\/\/sites-formations.univ-rennes2.fr\/master-eaosp\/wp-json\/wp\/v2\/comments?post=133"}],"version-history":[{"count":4,"href":"https:\/\/sites-formations.univ-rennes2.fr\/master-eaosp\/wp-json\/wp\/v2\/pages\/133\/revisions"}],"predecessor-version":[{"id":352,"href":"https:\/\/sites-formations.univ-rennes2.fr\/master-eaosp\/wp-json\/wp\/v2\/pages\/133\/revisions\/352"}],"wp:attachment":[{"href":"https:\/\/sites-formations.univ-rennes2.fr\/master-eaosp\/wp-json\/wp\/v2\/media?parent=133"}],"curies":[{"name":"wp","href":"https:\/\/api.w.org\/{rel}","templated":true}]}}