{"id":122,"date":"2020-02-06T12:17:35","date_gmt":"2020-02-06T11:17:35","guid":{"rendered":"https:\/\/sites-formations.univ-rennes2.fr\/master-eaosp\/?page_id=122"},"modified":"2023-01-27T09:51:05","modified_gmt":"2023-01-27T08:51:05","slug":"m1","status":"publish","type":"page","link":"https:\/\/sites-formations.univ-rennes2.fr\/master-eaosp\/m1\/","title":{"rendered":"M1"},"content":{"rendered":"\n<p>Le M1 a pour objectif de commencer \u00e0 pr\u00e9parer la professionnalisation de nos \u00e9tudiants. Les enseignements propos\u00e9s visent \u00e0 sensibiliser nos \u00e9tudiants aux concepts th\u00e9oriques dont ils auront besoin pour leur future pratique et \u00e0 certains savoirs m\u00e9thodologiques. <\/p>\n\n\n\n<p>Certains enseignements de M1 sont mutualis\u00e9s avec d&rsquo;autres parcours de l&rsquo;Universit\u00e9 Rennes 2 (HTN, VRV, IPC et PTO). <\/p>\n\n\n\n<p>Au cours de l&rsquo;ann\u00e9e de M1, les \u00e9tudiants r\u00e9aliseront un stage de 200h aupr\u00e8s d&rsquo;un psychologue, exer\u00e7ant depuis plus de 3 ans. Ils travaillent \u00e9galement, sous l&rsquo;accompagnement d&rsquo;un enseignant-chercheur du laboratoire porteur (LP3C) sur un projet de recherche qui fera l&rsquo;objet d&rsquo;un m\u00e9moire. <\/p>\n\n\n\n<p>Le rapport de stage et le m\u00e9moire de recherche feront chacun l&rsquo;objet d&rsquo;une soutenance en fin d&rsquo;ann\u00e9e universitaire. <\/p>\n\n\n\n<p><\/p>\n","protected":false},"excerpt":{"rendered":"<p>Le M1 a pour objectif de commencer \u00e0 pr\u00e9parer la professionnalisation de nos \u00e9tudiants. Les enseignements propos\u00e9s visent \u00e0 sensibiliser nos \u00e9tudiants aux concepts th\u00e9oriques dont ils auront besoin pour leur future pratique et \u00e0 certains savoirs m\u00e9thodologiques. Certains enseignements de M1 sont mutualis\u00e9s avec d&rsquo;autres parcours de l&rsquo;Universit\u00e9 Rennes 2 (HTN, VRV, IPC et &hellip; <\/p>\n<p class=\"link-more\"><a href=\"https:\/\/sites-formations.univ-rennes2.fr\/master-eaosp\/m1\/\" class=\"more-link\">Continuer la lecture<span class=\"screen-reader-text\"> de &laquo;&nbsp;M1&nbsp;&raquo;<\/span><\/a><\/p>\n","protected":false},"author":1,"featured_media":0,"parent":0,"menu_order":0,"comment_status":"closed","ping_status":"closed","template":"","meta":{"footnotes":""},"class_list":["post-122","page","type-page","status-publish","hentry"],"_links":{"self":[{"href":"https:\/\/sites-formations.univ-rennes2.fr\/master-eaosp\/wp-json\/wp\/v2\/pages\/122","targetHints":{"allow":["GET"]}}],"collection":[{"href":"https:\/\/sites-formations.univ-rennes2.fr\/master-eaosp\/wp-json\/wp\/v2\/pages"}],"about":[{"href":"https:\/\/sites-formations.univ-rennes2.fr\/master-eaosp\/wp-json\/wp\/v2\/types\/page"}],"author":[{"embeddable":true,"href":"https:\/\/sites-formations.univ-rennes2.fr\/master-eaosp\/wp-json\/wp\/v2\/users\/1"}],"replies":[{"embeddable":true,"href":"https:\/\/sites-formations.univ-rennes2.fr\/master-eaosp\/wp-json\/wp\/v2\/comments?post=122"}],"version-history":[{"count":8,"href":"https:\/\/sites-formations.univ-rennes2.fr\/master-eaosp\/wp-json\/wp\/v2\/pages\/122\/revisions"}],"predecessor-version":[{"id":428,"href":"https:\/\/sites-formations.univ-rennes2.fr\/master-eaosp\/wp-json\/wp\/v2\/pages\/122\/revisions\/428"}],"wp:attachment":[{"href":"https:\/\/sites-formations.univ-rennes2.fr\/master-eaosp\/wp-json\/wp\/v2\/media?parent=122"}],"curies":[{"name":"wp","href":"https:\/\/api.w.org\/{rel}","templated":true}]}}