{"id":106,"date":"2020-02-06T11:52:49","date_gmt":"2020-02-06T10:52:49","guid":{"rendered":"https:\/\/sites-formations.univ-rennes2.fr\/master-eaosp\/?page_id=106"},"modified":"2020-02-06T14:02:16","modified_gmt":"2020-02-06T13:02:16","slug":"stages","status":"publish","type":"page","link":"https:\/\/sites-formations.univ-rennes2.fr\/master-eaosp\/stages\/","title":{"rendered":"Stages"},"content":{"rendered":"\n<p>La professionnalisation de nos \u00e9tudiants se construit, notamment, au travers de leurs exp\u00e9riences de stages. <\/p>\n\n\n\n<p>La formation comprend un stage obligatoire de 140h r\u00e9alis\u00e9 au cours de l&rsquo;ann\u00e9e de M1 et un autre de 500h r\u00e9alis\u00e9 au cours de l&rsquo;ann\u00e9e de M2. Ces stages doivent \u00eatre r\u00e9alis\u00e9s aupr\u00e8s de psychologues exer\u00e7ant depuis plus de 3 ans. <\/p>\n\n\n\n<p>Une r\u00e9gulation des stages est assur\u00e9e par des psychologues partenaires de la formation. <\/p>\n\n\n\n<p>Quelques structures ayant accueillis nos \u00e9tudiants en stage : MLDS, CIO, RASED, CRA, IME, SESSAD, SOIE Rennes 1&#8230;.<\/p>\n","protected":false},"excerpt":{"rendered":"<p>La professionnalisation de nos \u00e9tudiants se construit, notamment, au travers de leurs exp\u00e9riences de stages. La formation comprend un stage obligatoire de 140h r\u00e9alis\u00e9 au cours de l&rsquo;ann\u00e9e de M1 et un autre de 500h r\u00e9alis\u00e9 au cours de l&rsquo;ann\u00e9e de M2. Ces stages doivent \u00eatre r\u00e9alis\u00e9s aupr\u00e8s de psychologues exer\u00e7ant depuis plus de 3 &hellip; <\/p>\n<p class=\"link-more\"><a href=\"https:\/\/sites-formations.univ-rennes2.fr\/master-eaosp\/stages\/\" class=\"more-link\">Continuer la lecture<span class=\"screen-reader-text\"> de &laquo;&nbsp;Stages&nbsp;&raquo;<\/span><\/a><\/p>\n","protected":false},"author":1,"featured_media":0,"parent":0,"menu_order":0,"comment_status":"closed","ping_status":"closed","template":"","meta":{"footnotes":""},"class_list":["post-106","page","type-page","status-publish","hentry"],"_links":{"self":[{"href":"https:\/\/sites-formations.univ-rennes2.fr\/master-eaosp\/wp-json\/wp\/v2\/pages\/106","targetHints":{"allow":["GET"]}}],"collection":[{"href":"https:\/\/sites-formations.univ-rennes2.fr\/master-eaosp\/wp-json\/wp\/v2\/pages"}],"about":[{"href":"https:\/\/sites-formations.univ-rennes2.fr\/master-eaosp\/wp-json\/wp\/v2\/types\/page"}],"author":[{"embeddable":true,"href":"https:\/\/sites-formations.univ-rennes2.fr\/master-eaosp\/wp-json\/wp\/v2\/users\/1"}],"replies":[{"embeddable":true,"href":"https:\/\/sites-formations.univ-rennes2.fr\/master-eaosp\/wp-json\/wp\/v2\/comments?post=106"}],"version-history":[{"count":4,"href":"https:\/\/sites-formations.univ-rennes2.fr\/master-eaosp\/wp-json\/wp\/v2\/pages\/106\/revisions"}],"predecessor-version":[{"id":139,"href":"https:\/\/sites-formations.univ-rennes2.fr\/master-eaosp\/wp-json\/wp\/v2\/pages\/106\/revisions\/139"}],"wp:attachment":[{"href":"https:\/\/sites-formations.univ-rennes2.fr\/master-eaosp\/wp-json\/wp\/v2\/media?parent=106"}],"curies":[{"name":"wp","href":"https:\/\/api.w.org\/{rel}","templated":true}]}}