{"id":79,"date":"2019-09-18T13:32:03","date_gmt":"2019-09-18T11:32:03","guid":{"rendered":"https:\/\/sites-formations.univ-rennes2.fr\/licence-pro-design-graphique-multimedia\/?page_id=79"},"modified":"2025-12-15T14:50:25","modified_gmt":"2025-12-15T13:50:25","slug":"pratique-plastique-et-graphique","status":"publish","type":"page","link":"https:\/\/sites-formations.univ-rennes2.fr\/licence-pro-design-graphique-multimedia\/cours-412h\/pratique-plastique-et-graphique\/","title":{"rendered":"Pratique plastique et graphique"},"content":{"rendered":"\n<h3 class=\"wp-block-heading\">Design graphique&#160;: fondamentaux \u2013 33 h<\/h3>\n\n\n\n<p>Cet atelier vise \u00e0 d\u00e9velopper la compr\u00e9hension et la manipulation des formes, des structures en jeu dans les objets de design graphique. Au cours de chaque s\u00e9ance, nous \u00e9tudierons un corpus de r\u00e9f\u00e9rences rassembl\u00e9es sous une th\u00e9matique formelle ou conceptuelle donn\u00e9e. Nous pourrons ainsi l&rsquo;observer \u00e0 travers une diversit\u00e9 d&rsquo;approches d&rsquo;auteurs, de contextes d&rsquo;\u00e9mergence, d&rsquo;effets produits sur la transmission des messages et leur r\u00e9ception, etc. L&rsquo;ensemble sera rythm\u00e9 d&rsquo;\u00e9changes d\u00e9di\u00e9s \u00e0 l&rsquo;apprentissage des outils logiciels pour la manipulation des diff\u00e9rentes composantes graphiques. Des exercices permettront d&rsquo;activer la compr\u00e9hension des \u00e9l\u00e9ments \u00e9tudi\u00e9s par leur utilisation au service d&rsquo;intentions. Nous favoriserons le dialogue entre exp\u00e9rimentations, d\u00e9veloppement, aboutissement des formes et questionnement critique. \u2014 <strong>Thomas Hanus<\/strong><\/p>\n\n\n\n<h3 class=\"wp-block-heading\">Composition typographique \u2013 16 h<\/h3>\n\n\n\n<p>Atelier d&rsquo;initiation \u00e0 la question de la composition typographique dans le champ du design \u00e9ditorial \u00e0 travers une s\u00e9rie de mises en situation croisant lectures th\u00e9oriques, exercices pratiques et approfondissement des connaissances sur les logiciels d\u00e9di\u00e9 \u00e0 la mise en page. \u2014 <strong>Anthony Folliard<\/strong><\/p>\n\n\n\n<h3 class=\"wp-block-heading\">Design \u00e9ditorial \u2013 16 h<\/h3>\n\n\n\n<p>Atelier d&rsquo;introduction \u00e0 la question de la publication par le d\u00e9veloppement d&rsquo;un projet de cr\u00e9ation mettant en jeu les questions de formes \u00e9ditoriales contemporaines, d&rsquo;exp\u00e9rience de lecture interactive et de rapport texte\/image dans un objet graphique s\u00e9quentiel. \u2014 <strong>Anthony Folliard<\/strong><\/p>\n\n\n\n<h3 class=\"wp-block-heading\">Pratique plastique \u2013 24 h<\/h3>\n\n\n\n<p>Cet atelier explore de nombreuses formes plastiques au sein d\u2019un projet graphique (affiche, d\u00e9pliant, etc.) par une pratique de techniques vari\u00e9es&#160;: dessin, collage, photographie&#8230; Un atelier qui vise \u00e0 d\u00e9velopper la sensibilit\u00e9 artistique des \u00e9tudiant\u00b7e\u00b7s en design graphique en r\u00e9interrogeant les outils du graphisme (image, typographie, couleur, etc.) de mani\u00e8re ouverte. \u2014 <strong>Jocelyn Cottencin,\u00a0Camille Depalle<\/strong><\/p>\n","protected":false},"excerpt":{"rendered":"<p>Design graphique&#160;: fondamentaux \u2013 33 h Cet atelier vise \u00e0 d\u00e9velopper la compr\u00e9hension et la manipulation des formes, des structures en jeu dans les objets de design graphique. Au cours de chaque\u2026<\/p>\n","protected":false},"author":1,"featured_media":0,"parent":83,"menu_order":0,"comment_status":"closed","ping_status":"closed","template":"","meta":{"footnotes":""},"class_list":["post-79","page","type-page","status-publish","hentry"],"_links":{"self":[{"href":"https:\/\/sites-formations.univ-rennes2.fr\/licence-pro-design-graphique-multimedia\/wp-json\/wp\/v2\/pages\/79","targetHints":{"allow":["GET"]}}],"collection":[{"href":"https:\/\/sites-formations.univ-rennes2.fr\/licence-pro-design-graphique-multimedia\/wp-json\/wp\/v2\/pages"}],"about":[{"href":"https:\/\/sites-formations.univ-rennes2.fr\/licence-pro-design-graphique-multimedia\/wp-json\/wp\/v2\/types\/page"}],"author":[{"embeddable":true,"href":"https:\/\/sites-formations.univ-rennes2.fr\/licence-pro-design-graphique-multimedia\/wp-json\/wp\/v2\/users\/1"}],"replies":[{"embeddable":true,"href":"https:\/\/sites-formations.univ-rennes2.fr\/licence-pro-design-graphique-multimedia\/wp-json\/wp\/v2\/comments?post=79"}],"version-history":[{"count":24,"href":"https:\/\/sites-formations.univ-rennes2.fr\/licence-pro-design-graphique-multimedia\/wp-json\/wp\/v2\/pages\/79\/revisions"}],"predecessor-version":[{"id":750,"href":"https:\/\/sites-formations.univ-rennes2.fr\/licence-pro-design-graphique-multimedia\/wp-json\/wp\/v2\/pages\/79\/revisions\/750"}],"up":[{"embeddable":true,"href":"https:\/\/sites-formations.univ-rennes2.fr\/licence-pro-design-graphique-multimedia\/wp-json\/wp\/v2\/pages\/83"}],"wp:attachment":[{"href":"https:\/\/sites-formations.univ-rennes2.fr\/licence-pro-design-graphique-multimedia\/wp-json\/wp\/v2\/media?parent=79"}],"curies":[{"name":"wp","href":"https:\/\/api.w.org\/{rel}","templated":true}]}}