{"id":234,"date":"2021-02-10T12:04:05","date_gmt":"2021-02-10T11:04:05","guid":{"rendered":"https:\/\/sites-formations.univ-rennes2.fr\/licence-pro-design-graphique-multimedia\/?page_id=234"},"modified":"2025-12-15T14:31:30","modified_gmt":"2025-12-15T13:31:30","slug":"lequipe-pedagogique","status":"publish","type":"page","link":"https:\/\/sites-formations.univ-rennes2.fr\/licence-pro-design-graphique-multimedia\/lequipe-pedagogique\/","title":{"rendered":"L&rsquo;\u00e9quipe p\u00e9dagogique"},"content":{"rendered":"\n<h2 class=\"wp-block-heading\">Responsables p\u00e9dagogiques<\/h2>\n\n\n\n<ul class=\"wp-block-list\">\n<li><a rel=\"noreferrer noopener\" aria-label=\"Jocelyn Cottencin (s\u2019ouvre dans un nouvel onglet)\" href=\"https:\/\/www.jocelyncottencin.com\/\" target=\"_blank\"><strong>Jocelyn Cottencin<\/strong><\/a>, artiste et graphiste (studio <a rel=\"noreferrer noopener\" href=\"http:\/\/www.lieuxcommuns.com\/\" target=\"_blank\">Lieux Communs<\/a>), professionnel associ\u00e9 \u00e0 la formation.<\/li>\n\n\n\n<li><a rel=\"noreferrer noopener\" href=\"https:\/\/perso.univ-rennes2.fr\/yann.serandour\" target=\"_blank\"><strong>Yann S\u00e9randour<\/strong><\/a>, artiste et enseignant-chercheur en arts plastiques \u00e0 l&rsquo;universit\u00e9 Rennes 2<\/li>\n<\/ul>\n\n\n\n<h2 class=\"wp-block-heading\">Ateliers hebdomadaires<\/h2>\n\n\n\n<ul class=\"wp-block-list\">\n<li><strong>Jean-Luc Chalopin<\/strong>, enseignant dans le d\u00e9partement Industries graphiques du Lyc\u00e9e professionnel Co\u00ebtlogon <\/li>\n\n\n\n<li><a rel=\"noreferrer noopener\" href=\"http:\/\/www.buroloco.fr\/\" target=\"_blank\"><strong>Florian Chevillard<\/strong><\/a>, graphiste<\/li>\n\n\n\n<li><a href=\"https:\/\/camilledepalle.com\/\" target=\"_blank\" rel=\"noreferrer noopener\"><strong>Camille Depalle<\/strong><\/a>, graphiste<\/li>\n\n\n\n<li><a href=\"https:\/\/anthonyfolliard.fr\/\" target=\"_blank\" rel=\"noreferrer noopener\"><strong>Anthony Folliard<\/strong><\/a>, graphiste<\/li>\n\n\n\n<li><a href=\"https:\/\/thdg.info\/\" target=\"_blank\" rel=\"noreferrer noopener\"><strong>Thomas Hanus<\/strong><\/a>, graphiste<\/li>\n\n\n\n<li><a rel=\"noreferrer noopener\" aria-label=\"Waldeck N\u00e9el (s\u2019ouvre dans un nouvel onglet)\" href=\"https:\/\/www.waldeckneel.com\/\" target=\"_blank\"><strong>Waldeck N\u00e9el<\/strong><\/a>, designer et d\u00e9veloppeur web<\/li>\n\n\n\n<li><strong><a href=\"https:\/\/collectifnode.fr\/\" target=\"_blank\" rel=\"noreferrer noopener\">collectif Node<\/a><\/strong>, web design<\/li>\n\n\n\n<li><a rel=\"noreferrer noopener\" href=\"https:\/\/www.gildasp.fr\/\" target=\"_blank\"><strong>Gildas Paubert<\/strong><\/a>, designer, d\u00e9veloppeur web, professionnel associ\u00e9 \u00e0 la formation<\/li>\n<\/ul>\n\n\n\n<h2 class=\"wp-block-heading\">Workshops<\/h2>\n\n\n\n<ul class=\"wp-block-list\">\n<li><strong>Lucille Bataille<\/strong>, graphiste, studio <a href=\"https:\/\/www.b-a-t-o-n-s.fr\/\" target=\"_blank\" rel=\"noreferrer noopener\">Structure B\u00e2tons<\/a><\/li>\n\n\n\n<li><a href=\"https:\/\/www.atelierbaudelaire.com\/fr\"><strong>Atelier Baudelaire<\/strong><\/a><\/li>\n\n\n\n<li><strong><a href=\"https:\/\/www.instagram.com\/atelier.temeraire\/\" target=\"_blank\" rel=\"noreferrer noopener\">Atelier t\u00e9m\u00e9raire<\/a><\/strong><\/li>\n\n\n\n<li><a href=\"https:\/\/benoitb.studio\/\" target=\"_blank\" rel=\"noreferrer noopener\"><strong>Benoit B\u00f6hnke<\/strong><\/a>, designer graphique et d\u00e9veloppeur<\/li>\n\n\n\n<li><strong>Vincent Campagna<\/strong>, motion designer<\/li>\n\n\n\n<li><a rel=\"noreferrer noopener\" href=\"http:\/\/vdesclaux.com\/\" target=\"_blank\"><strong>Vincent Desclaux<\/strong><\/a>, designer graphique<\/li>\n\n\n\n<li><strong>Simon Higelin<\/strong>, motion designer, <a href=\"https:\/\/smoh.xyz\/about\/\" target=\"_blank\" rel=\"noreferrer noopener\">SMOH&#160;! design<\/a><\/li>\n\n\n\n<li><a href=\"https:\/\/s-y-n-d-i-c-a-t.eu\/\" target=\"_blank\" rel=\"noreferrer noopener\"><strong>S-y-n-d-i-c-a-t<\/strong><\/a> (Sacha L\u00e9opold, Fran\u00e7ois Havegeer et C\u00e9lestine Claudin)<\/li>\n\n\n\n<li><a href=\"http:\/\/www.luuse.io\/\" target=\"_blank\" rel=\"noreferrer noopener\"><strong>Luuse<\/strong><\/a> (Baptiste Tosi, Natalia Pageau, Antoine Gelgon, Etienne Ozeray)<\/li>\n\n\n\n<li><strong><a href=\"https:\/\/www.instagram.com\/roxannemaillet\/\" target=\"_blank\" rel=\"noreferrer noopener\">Roxanne Maillet<\/a><\/strong>, designeuse graphique<\/li>\n\n\n\n<li><strong>J\u00e9r\u00e9my Algave<\/strong>, <a rel=\"noreferrer noopener\" href=\"http:\/\/www.polysemique.fr\/\" data-type=\"URL\" data-id=\"http:\/\/www.polysemique.fr\/\" target=\"_blank\">Polys\u00e9mique<\/a><\/li>\n\n\n\n<li><strong>Laurel Parker<\/strong>, directrice artistique <a rel=\"noreferrer noopener\" href=\"https:\/\/www.laurelparkerbook.com\/fr\/\" target=\"_blank\">Laurel Parker Book<\/a><\/li>\n\n\n\n<li><strong>Morgane Pierson<\/strong>, typographe<\/li>\n\n\n\n<li><strong>\u00c9milie Rigaud<\/strong>, typographe, <a rel=\"noreferrer noopener\" aria-label=\"A is for fonts (s\u2019ouvre dans un nouvel onglet)\" href=\"https:\/\/aisforfonts.com\/\" target=\"_blank\">A is for fonts<\/a><\/li>\n\n\n\n<li><strong><a href=\"https:\/\/www.eddyterki.fr\/index\">Eddy Terki<\/a><\/strong>, designer graphique<\/li>\n\n\n\n<li><a rel=\"noreferrer noopener\" aria-label=\" Charles Villa (s\u2019ouvre dans un nouvel onglet)\" href=\"https:\/\/www.charlesvilla.fr\/\" target=\"_blank\"><strong>Charles Villa<\/strong><\/a>, graphiste<\/li>\n<\/ul>\n\n\n\n<h2 class=\"wp-block-heading\">Enseignements th\u00e9oriques<\/h2>\n\n\n\n<ul class=\"wp-block-list\">\n<li><strong> Jil Daniel<\/strong>, graphiste et chercheur en design graphique<\/li>\n\n\n\n<li><a aria-label=\" Bruno Elisabeth (s\u2019ouvre dans un nouvel onglet)\" href=\"https:\/\/perso.univ-rennes2.fr\/bruno.elisabeth\" target=\"_blank\" rel=\"noreferrer noopener\"><strong> Bruno Elisabeth<\/strong><\/a>, enseignant-chercheur en arts plastiques (art vid\u00e9o et photographie)<\/li>\n\n\n\n<li><strong>Anne Langlois<\/strong>, curatrice, critique d&rsquo;art et directrice artistique de <a aria-label=\"40mcube (s\u2019ouvre dans un nouvel onglet)\" href=\"https:\/\/www.40mcube.org\" target=\"_blank\" rel=\"noreferrer noopener\">40mcube<\/a><\/li>\n\n\n\n<li><a aria-label=\" St\u00e9phanie Le Cam (s\u2019ouvre dans un nouvel onglet)\" href=\"https:\/\/perso.univ-rennes2.fr\/stephanie.lecam\" target=\"_blank\" rel=\"noreferrer noopener\"><strong>St\u00e9phanie Le Cam<\/strong><\/a>, enseignante-chercheuse en droit priv\u00e9 (droit de la propri\u00e9t\u00e9 intellectuelle, droit social)<\/li>\n\n\n\n<li><strong>Caroll Mar\u00e9chal<\/strong>, graphiste et chercheuse en design graphique<\/li>\n\n\n\n<li><strong>Anne-Lyse Renon<\/strong>, enseignante-chercheuse en design graphique et humanit\u00e9s num\u00e9riques<\/li>\n<\/ul>\n\n\n\n<h2 class=\"wp-block-heading\">Anglais<\/h2>\n\n\n\n<ul class=\"wp-block-list\">\n<li><strong>Taylor Still<\/strong>, enseignante d&rsquo;anglais<\/li>\n<\/ul>\n","protected":false},"excerpt":{"rendered":"<p>Responsables p\u00e9dagogiques Ateliers hebdomadaires Workshops Enseignements th\u00e9oriques Anglais<\/p>\n","protected":false},"author":3,"featured_media":0,"parent":0,"menu_order":0,"comment_status":"closed","ping_status":"closed","template":"","meta":{"footnotes":""},"class_list":["post-234","page","type-page","status-publish","hentry"],"_links":{"self":[{"href":"https:\/\/sites-formations.univ-rennes2.fr\/licence-pro-design-graphique-multimedia\/wp-json\/wp\/v2\/pages\/234","targetHints":{"allow":["GET"]}}],"collection":[{"href":"https:\/\/sites-formations.univ-rennes2.fr\/licence-pro-design-graphique-multimedia\/wp-json\/wp\/v2\/pages"}],"about":[{"href":"https:\/\/sites-formations.univ-rennes2.fr\/licence-pro-design-graphique-multimedia\/wp-json\/wp\/v2\/types\/page"}],"author":[{"embeddable":true,"href":"https:\/\/sites-formations.univ-rennes2.fr\/licence-pro-design-graphique-multimedia\/wp-json\/wp\/v2\/users\/3"}],"replies":[{"embeddable":true,"href":"https:\/\/sites-formations.univ-rennes2.fr\/licence-pro-design-graphique-multimedia\/wp-json\/wp\/v2\/comments?post=234"}],"version-history":[{"count":40,"href":"https:\/\/sites-formations.univ-rennes2.fr\/licence-pro-design-graphique-multimedia\/wp-json\/wp\/v2\/pages\/234\/revisions"}],"predecessor-version":[{"id":746,"href":"https:\/\/sites-formations.univ-rennes2.fr\/licence-pro-design-graphique-multimedia\/wp-json\/wp\/v2\/pages\/234\/revisions\/746"}],"wp:attachment":[{"href":"https:\/\/sites-formations.univ-rennes2.fr\/licence-pro-design-graphique-multimedia\/wp-json\/wp\/v2\/media?parent=234"}],"curies":[{"name":"wp","href":"https:\/\/api.w.org\/{rel}","templated":true}]}}