{"id":217,"date":"2021-02-10T09:59:47","date_gmt":"2021-02-10T08:59:47","guid":{"rendered":"https:\/\/sites-formations.univ-rennes2.fr\/licence-pro-design-graphique-multimedia\/?page_id=217"},"modified":"2026-03-24T16:29:36","modified_gmt":"2026-03-24T15:29:36","slug":"comment-candidater","status":"publish","type":"page","link":"https:\/\/sites-formations.univ-rennes2.fr\/licence-pro-design-graphique-multimedia\/comment-candidater\/","title":{"rendered":"Comment candidater&#160;?"},"content":{"rendered":"\n<h4 class=\"wp-block-heading\">Recommandations aux candidat\u00b7e\u00b7s<\/h4>\n\n\n\n<p>Chaque ann\u00e9e, la licence professionnelle <em>M\u00e9tiers du design&#160;: design graphique, \u00e9ditorial et multim\u00e9dia<\/em> accueille jusqu&rsquo;\u00e0 15 \u00e9tudiant\u00b7e\u00b7s pour les pr\u00e9parer \u00e0 une insertion professionnelle rapide. Cette formation courte et s\u00e9lective exige des bases en design graphique (niveau bac +2 minimum).<\/p>\n\n\n\n<h4 class=\"wp-block-heading\">Le portfolio<\/h4>\n\n\n\n<p>Votre candidature doit imp\u00e9rativement \u00eatre accompagn\u00e9e d\u2019un portfolio d\u2019environ vingt pages, pr\u00e9sentant vos r\u00e9alisations personnelles et t\u00e9moignant de votre int\u00e9r\u00eat pour les approches cr\u00e9atives du graphisme et des arts visuels contemporains.<\/p>\n\n\n\n<p>Le portfolio doit \u00eatre fourni au format num\u00e9rique (PDF, orientation paysage pour une lecture optimale \u00e0 l\u2019\u00e9cran). Il doit mettre l\u2019accent sur vos projets graphiques, visuels et typographiques \u00e0 travers des supports vari\u00e9s&#160;: affiches, livres, signal\u00e9tique, interventions dans l\u2019espace public, identit\u00e9s visuelles, multim\u00e9dia, animation, motion design, etc. Il permettra au jury d&rsquo;\u00e9valuer la qualit\u00e9 et la singularit\u00e9 de votre d\u00e9marche.<\/p>\n\n\n\n<p>En compl\u00e9ment de vos travaux graphiques, vous pouvez inclure des r\u00e9alisations plastiques (illustration, dessin, peinture, photographie, vid\u00e9o, sculpture, installation, etc.) qui t\u00e9moignent d&rsquo;une approche exploratoire et sensible des images et des signes qui composent notre environnement culturel.<\/p>\n\n\n\n<p>Dans l&rsquo;ensemble de vos travaux, le jury sera attentif aux crit\u00e8res suivants&#160;:<\/p>\n\n\n\n<ul class=\"wp-block-list\">\n<li>qualit\u00e9s graphiques, visuelles et plastiques&#160;;<\/li>\n\n\n\n<li>cr\u00e9ativit\u00e9 et singularit\u00e9 de la d\u00e9marche&#160;;<\/li>\n\n\n\n<li>ma\u00eetrise des outils et logiciels.<\/li>\n<\/ul>\n\n\n\n<h4 class=\"wp-block-heading\">Les r\u00e9f\u00e9rences graphiques<\/h4>\n\n\n\n<p>Nous attendons des candidat\u00b7e\u00b7s une curiosit\u00e9 active pour la production graphique contemporaine. La connaissance d&rsquo;\u00e9v\u00e9nements, de lieux et de figures marquantes du design graphique actuel constituera un atout lors des entretiens de s\u00e9lection.<\/p>\n\n\n\n<p>En fin de portfolio, vous pouvez reproduire et commenter deux r\u00e9f\u00e9rences graphiques actuelles et professionnelles, en lien avec votre projet de formation (\u00e9dition, affiche, identit\u00e9 visuelle, site web, signal\u00e9tique, etc.). Pour chaque r\u00e9f\u00e9rence, vous pr\u00e9ciserez&#160;:<\/p>\n\n\n\n<ul class=\"wp-block-list\">\n<li>le nom du ou de la graphiste&#160;;<\/li>\n\n\n\n<li>la date de r\u00e9alisation&#160;;<\/li>\n\n\n\n<li>le support&#160;;<\/li>\n\n\n\n<li>le cadre de la commande (commanditaire et public cibl\u00e9).<\/li>\n<\/ul>\n\n\n\n<h4 class=\"wp-block-heading\">Quelques ressources<\/h4>\n\n\n\n<p>Pour nourrir votre culture graphique et pr\u00e9parer vos r\u00e9f\u00e9rences, voici quelques pistes&#160;:<\/p>\n\n\n\n<ul class=\"wp-block-list\">\n<li><a href=\"https:\/\/www.cnap.fr\/actualites\/graphisme-en-france\/revues\" target=\"_blank\" rel=\"noreferrer noopener\">Graphisme en France<\/a> \u2014 revue annuelle de r\u00e9f\u00e9rence sur le design graphique fran\u00e7ais<\/li>\n\n\n\n<li><a href=\"https:\/\/www.centrenationaldugraphisme.fr\/\" target=\"_blank\" rel=\"noreferrer noopener\">Le Signe<\/a> \u2014 centre national du graphisme, \u00e0 Chaumont<\/li>\n\n\n\n<li>Les <a aria-label=\"\u00e9ditions B42 (s\u2019ouvre dans un nouvel onglet)\" href=\"https:\/\/editions-b42.com\/\" target=\"_blank\" rel=\"noreferrer noopener\">\u00c9ditions B42<\/a> \u2014 maison d&rsquo;\u00e9dition sp\u00e9cialis\u00e9e en design, art et culture visuelle<\/li>\n\n\n\n<li>Revue <a href=\"https:\/\/strabic.fr\/\" target=\"_blank\" rel=\"noreferrer noopener\">Strabic.fr<\/a> \u2014 revue en ligne consacr\u00e9e aux cultures et pratiques du design<\/li>\n<\/ul>\n\n\n\n<h2 class=\"wp-block-heading\" id=\"ou-et-quand-candidater\">O\u00f9 et quand candidater&#160;?<\/h2>\n\n\n\n<p>Le d\u00e9p\u00f4t des candidatures se fait <strong>exclusivement<\/strong> sur l&rsquo;application <a aria-label=\"eCandidat (s\u2019ouvre dans un nouvel onglet)\" href=\"https:\/\/candidatures.univ-rennes2.fr\" target=\"_blank\" rel=\"noreferrer noopener\">eCandidat<\/a> du 10 f\u00e9vrier au 3 mars 2026 (1re campagne) et du 22 avril au 19 mai 2026 (2e campagne)<\/p>\n\n\n\n<p> Les \u00e9tudiant\u00b7e\u00b7s internationaux\u00b7ales doivent candidater par le biais de la plateforme <a aria-label=\"\u00c9tudes en France (s\u2019ouvre dans un nouvel onglet)\" href=\"https:\/\/pastel.diplomatie.gouv.fr\/etudesenfrance\/dyn\/public\/authentification\/login.html\" target=\"_blank\" rel=\"noreferrer noopener\">\u00c9tudes en France<\/a>\/<a aria-label=\"Campus France (s\u2019ouvre dans un nouvel onglet)\" href=\"https:\/\/www.campusfrance.org\" target=\"_blank\" rel=\"noreferrer noopener\">Campus France<\/a>.<\/p>\n\n\n\n<p><a href=\"https:\/\/www.univ-rennes2.fr\/formation\/inscriptions-candidatures\/licence-professionnelle\" target=\"_blank\" rel=\"noreferrer noopener\" aria-label=\"Proc\u00e9dures d'inscriptions pour entrer en Licence professionnelle (s\u2019ouvre dans un nouvel onglet)\">Proc\u00e9dures d&rsquo;inscriptions pour entrer en Licence professionnelle<\/a><\/p>\n\n\n\n<p><a href=\"https:\/\/candidatures.uhb.fr\/#!offreFormationView\" target=\"_blank\" rel=\"noreferrer noopener\">Dates des campagnes de candidature en Licence professionnelle<\/a><\/p>\n\n\n\n<h4 class=\"wp-block-heading\">Calendrier de s\u00e9lection<\/h4>\n\n\n\n<p>La s\u00e9lection se d\u00e9roule en trois temps&#160;:<br><br><strong>1. Examen des dossiers<\/strong> <br>Le portfolio de r\u00e9alisations est d\u00e9terminant dans la pr\u00e9s\u00e9lection. Le jury y \u00e9value la cr\u00e9ativit\u00e9 ainsi que les comp\u00e9tences plastiques, graphiques et techniques des candidat\u00b7e\u00b7s.<br><br><strong>2. Entretien individuel<\/strong> <br>Un entretien en visioconf\u00e9rence d&rsquo;une dizaine de minutes, portant sur les motivations, le projet professionnel, les acquis, ainsi que la culture graphique et artistique du ou de la candidat\u00b7e. Il s&rsquo;appuie sur la pr\u00e9sentation orale de quelques travaux repr\u00e9sentatifs joints au dossier.<br><br><strong>3. R\u00e9ponse aux candidat\u00b7e\u00b7s <\/strong><br>Les candidat\u00b7e\u00b7s retenu\u00b7e\u00b7s sont invit\u00e9\u00b7e\u00b7s \u00e0 confirmer leur inscription.<\/p>\n","protected":false},"excerpt":{"rendered":"<p>Recommandations aux candidat\u00b7e\u00b7s Chaque ann\u00e9e, la licence professionnelle M\u00e9tiers du design&#160;: design graphique, \u00e9ditorial et multim\u00e9dia accueille jusqu&rsquo;\u00e0 15 \u00e9tudiant\u00b7e\u00b7s pour les pr\u00e9parer \u00e0 une insertion professionnelle rapide. Cette formation courte et\u2026<\/p>\n","protected":false},"author":3,"featured_media":0,"parent":0,"menu_order":0,"comment_status":"closed","ping_status":"closed","template":"","meta":{"footnotes":""},"class_list":["post-217","page","type-page","status-publish","hentry"],"_links":{"self":[{"href":"https:\/\/sites-formations.univ-rennes2.fr\/licence-pro-design-graphique-multimedia\/wp-json\/wp\/v2\/pages\/217","targetHints":{"allow":["GET"]}}],"collection":[{"href":"https:\/\/sites-formations.univ-rennes2.fr\/licence-pro-design-graphique-multimedia\/wp-json\/wp\/v2\/pages"}],"about":[{"href":"https:\/\/sites-formations.univ-rennes2.fr\/licence-pro-design-graphique-multimedia\/wp-json\/wp\/v2\/types\/page"}],"author":[{"embeddable":true,"href":"https:\/\/sites-formations.univ-rennes2.fr\/licence-pro-design-graphique-multimedia\/wp-json\/wp\/v2\/users\/3"}],"replies":[{"embeddable":true,"href":"https:\/\/sites-formations.univ-rennes2.fr\/licence-pro-design-graphique-multimedia\/wp-json\/wp\/v2\/comments?post=217"}],"version-history":[{"count":69,"href":"https:\/\/sites-formations.univ-rennes2.fr\/licence-pro-design-graphique-multimedia\/wp-json\/wp\/v2\/pages\/217\/revisions"}],"predecessor-version":[{"id":800,"href":"https:\/\/sites-formations.univ-rennes2.fr\/licence-pro-design-graphique-multimedia\/wp-json\/wp\/v2\/pages\/217\/revisions\/800"}],"wp:attachment":[{"href":"https:\/\/sites-formations.univ-rennes2.fr\/licence-pro-design-graphique-multimedia\/wp-json\/wp\/v2\/media?parent=217"}],"curies":[{"name":"wp","href":"https:\/\/api.w.org\/{rel}","templated":true}]}}