
{"id":79,"date":"2016-01-21T09:45:20","date_gmt":"2016-01-21T08:45:20","guid":{"rendered":"http:\/\/sites-formations.univ-rennes2.fr\/lea-cfttr\/web\/?page_id=79"},"modified":"2016-01-21T09:45:20","modified_gmt":"2016-01-21T08:45:20","slug":"proposer-un-stage","status":"publish","type":"page","link":"https:\/\/sites-formations.univ-rennes2.fr\/lea-cfttr\/proposer-un-stage\/","title":{"rendered":"Proposer un stage"},"content":{"rendered":"\n<div class=\"wpcf7 no-js\" id=\"wpcf7-f128-o1\" lang=\"fr-FR\" dir=\"ltr\" data-wpcf7-id=\"128\">\n<div class=\"screen-reader-response\"><p role=\"status\" aria-live=\"polite\" aria-atomic=\"true\"><\/p> <ul><\/ul><\/div>\n<form action=\"\/lea-cfttr\/wp-json\/wp\/v2\/pages\/79#wpcf7-f128-o1\" method=\"post\" class=\"wpcf7-form init\" aria-label=\"Formulaire de contact\" enctype=\"multipart\/form-data\" novalidate=\"novalidate\" data-status=\"init\">\n<fieldset class=\"hidden-fields-container\"><input type=\"hidden\" name=\"_wpcf7\" value=\"128\" \/><input type=\"hidden\" name=\"_wpcf7_version\" value=\"6.1.5\" \/><input type=\"hidden\" name=\"_wpcf7_locale\" value=\"fr_FR\" \/><input type=\"hidden\" name=\"_wpcf7_unit_tag\" value=\"wpcf7-f128-o1\" \/><input type=\"hidden\" name=\"_wpcf7_container_post\" value=\"0\" \/><input type=\"hidden\" name=\"_wpcf7_posted_data_hash\" value=\"\" \/><input type=\"hidden\" name=\"_wpcf7_recaptcha_response\" value=\"\" \/>\n<\/fieldset>\n<h2>Informations obligatoires (*)\n<\/h2>\n<h4>Pi\u00e8ce jointe (fichier PDF de 2 Mo max)\n<\/h4>\n<p><span class=\"wpcf7-form-control-wrap\" data-name=\"offre_stage\"><input size=\"40\" class=\"wpcf7-form-control wpcf7-file\" accept=\".pdf\" aria-invalid=\"false\" type=\"file\" name=\"offre_stage\" \/><\/span>\n<\/p>\n<h4>Nom de l'entreprise\n\t<font color=\"red\">*\n\t<\/font>\n<\/h4>\n<p><span class=\"wpcf7-form-control-wrap\" data-name=\"your-name\"><input size=\"40\" maxlength=\"400\" class=\"wpcf7-form-control wpcf7-text wpcf7-validates-as-required\" aria-required=\"true\" aria-invalid=\"false\" value=\"\" type=\"text\" name=\"your-name\" \/><\/span>\n<\/p>\n<h4>Nom et pr\u00e9nom du contact\n\t<font color=\"red\">*\n\t<\/font>\n<\/h4>\n<p><span class=\"wpcf7-form-control-wrap\" data-name=\"your-contact\"><input size=\"40\" maxlength=\"400\" class=\"wpcf7-form-control wpcf7-text wpcf7-validates-as-required\" aria-required=\"true\" aria-invalid=\"false\" value=\"\" type=\"text\" name=\"your-contact\" \/><\/span>\n<\/p>\n<h4>E-mail du contact\n\t<font color=\"red\">*\n\t<\/font>\n<\/h4>\n<p><span class=\"wpcf7-form-control-wrap\" data-name=\"your-email\"><input size=\"40\" maxlength=\"400\" class=\"wpcf7-form-control wpcf7-email wpcf7-validates-as-required wpcf7-text wpcf7-validates-as-email\" aria-required=\"true\" aria-invalid=\"false\" value=\"\" type=\"email\" name=\"your-email\" \/><\/span>\n<\/p>\n<h4>Num\u00e9ro de t\u00e9l\u00e9phone du contact\n\t<font color=\"red\">*\n\t<\/font>\n<\/h4>\n<p><span class=\"wpcf7-form-control-wrap\" data-name=\"your-numero\"><input size=\"40\" maxlength=\"400\" class=\"wpcf7-form-control wpcf7-text wpcf7-validates-as-required\" aria-required=\"true\" aria-invalid=\"false\" value=\"\" type=\"text\" name=\"your-numero\" \/><\/span>\n<\/p>\n<h4>Pays\n\t<font color=\"red\">*\n\t<\/font>\n<\/h4>\n<p><span class=\"wpcf7-form-control-wrap\" data-name=\"your-country\"><input size=\"40\" maxlength=\"400\" class=\"wpcf7-form-control wpcf7-text wpcf7-validates-as-required\" aria-required=\"true\" aria-invalid=\"false\" value=\"\" type=\"text\" name=\"your-country\" \/><\/span>\n<\/p>\n<h4>Ville\n\t<font color=\"red\">*\n\t<\/font>\n<\/h4>\n<p><span class=\"wpcf7-form-control-wrap\" data-name=\"your-city\"><input size=\"40\" maxlength=\"400\" class=\"wpcf7-form-control wpcf7-text wpcf7-validates-as-required\" aria-required=\"true\" aria-invalid=\"false\" value=\"\" type=\"text\" name=\"your-city\" \/><\/span>\n<\/p>\n<h4>Montant de la gratification\n\t<font color=\"red\">*\n\t<\/font>\n<\/h4>\n<p><span class=\"wpcf7-form-control-wrap\" data-name=\"your-salary\"><input size=\"40\" maxlength=\"400\" class=\"wpcf7-form-control wpcf7-text wpcf7-validates-as-required\" aria-required=\"true\" aria-invalid=\"false\" value=\"\" type=\"text\" name=\"your-salary\" \/><\/span>\n<\/p>\n<h4>Niveau minimal requis\n\t<font color=\"red\">*\n\t<\/font>\n<\/h4>\n<p><span class=\"wpcf7-form-control-wrap\" data-name=\"your-niveau\"><select class=\"wpcf7-form-control wpcf7-select wpcf7-validates-as-required\" aria-required=\"true\" aria-invalid=\"false\" name=\"your-niveau\"><option value=\"Licence 3\">Licence 3<\/option><option value=\"Master 1\">Master 1<\/option><option value=\"Master 2\">Master 2<\/option><\/select><\/span>\n<\/p>\n<h2>Informations compl\u00e9mentaires\n<\/h2>\n<h4>Site Internet de l'entreprise\n<\/h4>\n<p><span class=\"wpcf7-form-control-wrap\" data-name=\"your-website\"><input size=\"40\" maxlength=\"400\" class=\"wpcf7-form-control wpcf7-text\" aria-invalid=\"false\" value=\"\" type=\"text\" name=\"your-website\" \/><\/span>\n<\/p>\n<h4>Type de stage :\n<\/h4>\n<p><span class=\"wpcf7-form-control-wrap\" data-name=\"your-stage\"><span class=\"wpcf7-form-control wpcf7-checkbox\"><span class=\"wpcf7-list-item first\"><input type=\"checkbox\" name=\"your-stage[]\" value=\"R\u00e9daction technique\" \/><span class=\"wpcf7-list-item-label\">R\u00e9daction technique<\/span><\/span><span class=\"wpcf7-list-item\"><input type=\"checkbox\" name=\"your-stage[]\" value=\"Traduction technique\" \/><span class=\"wpcf7-list-item-label\">Traduction technique<\/span><\/span><span class=\"wpcf7-list-item\"><input type=\"checkbox\" name=\"your-stage[]\" value=\"Gestion de projets\" \/><span class=\"wpcf7-list-item-label\">Gestion de projets<\/span><\/span><span class=\"wpcf7-list-item\"><input type=\"checkbox\" name=\"your-stage[]\" value=\"Localisation\" \/><span class=\"wpcf7-list-item-label\">Localisation<\/span><\/span><span class=\"wpcf7-list-item\"><input type=\"checkbox\" name=\"your-stage[]\" value=\"Terminologie\" \/><span class=\"wpcf7-list-item-label\">Terminologie<\/span><\/span><span class=\"wpcf7-list-item last has-free-text\"><input type=\"checkbox\" name=\"your-stage[]\" value=\"Autre :\" \/><span class=\"wpcf7-list-item-label\">Autre :<\/span> <input type=\"text\" name=\"_wpcf7_free_text_your-stage\" class=\"wpcf7-free-text\" \/><\/span><\/span><\/span>\n<\/p>\n<h4>Commentaire\n<\/h4>\n<p><span class=\"wpcf7-form-control-wrap\" data-name=\"your-message\"><textarea cols=\"40\" rows=\"10\" maxlength=\"2000\" class=\"wpcf7-form-control wpcf7-textarea\" aria-invalid=\"false\" name=\"your-message\"><\/textarea><\/span>\n<\/p>\n<p><input class=\"wpcf7-form-control wpcf7-submit has-spinner\" type=\"submit\" value=\"Proposer offre\" \/>\n<\/p><div class=\"wpcf7-response-output\" aria-hidden=\"true\"><\/div>\n<\/form>\n<\/div>\n\n","protected":false},"excerpt":{"rendered":"","protected":false},"author":1,"featured_media":0,"parent":0,"menu_order":0,"comment_status":"closed","ping_status":"closed","template":"","meta":{"footnotes":""},"class_list":["post-79","page","type-page","status-publish","hentry"],"_links":{"self":[{"href":"https:\/\/sites-formations.univ-rennes2.fr\/lea-cfttr\/wp-json\/wp\/v2\/pages\/79","targetHints":{"allow":["GET"]}}],"collection":[{"href":"https:\/\/sites-formations.univ-rennes2.fr\/lea-cfttr\/wp-json\/wp\/v2\/pages"}],"about":[{"href":"https:\/\/sites-formations.univ-rennes2.fr\/lea-cfttr\/wp-json\/wp\/v2\/types\/page"}],"author":[{"embeddable":true,"href":"https:\/\/sites-formations.univ-rennes2.fr\/lea-cfttr\/wp-json\/wp\/v2\/users\/1"}],"replies":[{"embeddable":true,"href":"https:\/\/sites-formations.univ-rennes2.fr\/lea-cfttr\/wp-json\/wp\/v2\/comments?post=79"}],"version-history":[{"count":0,"href":"https:\/\/sites-formations.univ-rennes2.fr\/lea-cfttr\/wp-json\/wp\/v2\/pages\/79\/revisions"}],"wp:attachment":[{"href":"https:\/\/sites-formations.univ-rennes2.fr\/lea-cfttr\/wp-json\/wp\/v2\/media?parent=79"}],"curies":[{"name":"wp","href":"https:\/\/api.w.org\/{rel}","templated":true}]}}