
{"id":77,"date":"2016-01-21T09:44:59","date_gmt":"2016-01-21T08:44:59","guid":{"rendered":"http:\/\/sites-formations.univ-rennes2.fr\/lea-cfttr\/web\/?page_id=77"},"modified":"2016-01-21T09:44:59","modified_gmt":"2016-01-21T08:44:59","slug":"taxe-dapprentissage","status":"publish","type":"page","link":"https:\/\/sites-formations.univ-rennes2.fr\/lea-cfttr\/taxe-dapprentissage\/","title":{"rendered":"Taxe d&rsquo;apprentissage"},"content":{"rendered":"<h2>Soutenez le d\u00e9veloppement du CFTTR !<\/h2>\n<h3>Qu&rsquo;est-ce que la taxe d&rsquo;apprentissage ?<\/h3>\n<p>La taxe d&rsquo;apprentissage permet de financer par les entreprises les d\u00e9penses de l&rsquo;apprentissage et des formations technologiques et professionnelles. Son montant est calcul\u00e9 sur la base des r\u00e9mun\u00e9rations vers\u00e9es. Son versement est par ailleurs accompagn\u00e9 de la contribution suppl\u00e9mentaire \u00e0 l&rsquo;apprentissage (CSA), assise sur la m\u00eame base.<\/p>\n<h3>Comment verser ma taxe d\u2019apprentissage au CFTTR ?<\/h3>\n<p>T\u00e9l\u00e9chargez le <a href=\"https:\/\/professionnels.univ-rennes2.fr\/sites\/professionnels.univ-rennes2.fr\/files\/PUBLIC\/SE_FORMER\/promesse-versement-R2-formulaire.pdf\">formulaire de promesse de versement<\/a> et notez le dipl\u00f4me suivant comme b\u00e9n\u00e9ficiaire :<\/p>\n<p style=\"text-align: center;\"><em>Master mention Traduction et Interpr\u00e9tation<br \/>\n<\/em><\/p>\n<p>Puis renvoyez ce formulaire \u00e0 : <a class=\"spamspan\" href=\"mailto:sfca-alternance@univ-rennes2.fr\">sfca-alternance@univ-rennes2.fr<\/a><\/p>\n<h3>Quels sont les d\u00e9lais ?<\/h3>\n<p>La taxe d\u2019apprentissage est \u00e0 verser avant le <strong>28 f\u00e9vrier<\/strong> de chaque ann\u00e9e.<\/p>\n<h3>En savoir plus<\/h3>\n<ul>\n<li>La <a href=\"https:\/\/professionnels.univ-rennes2.fr\/simpliquer\/taxe-dapprentissage\">taxe d&rsquo;apprentissage<\/a> sur le site de l&rsquo;Universit\u00e9 Rennes 2.<\/li>\n<li>La <a href=\"https:\/\/www.bretagne.cci.fr\/formation\/taxe-d-apprentissage\" target=\"_blank\" rel=\"noopener\">taxe d\u2019apprentissage<\/a> sur le site du CCI Bretagne.<\/li>\n<li>La <a href=\"https:\/\/www.service-public.fr\/professionnels-entreprises\/vosdroits\/F22574\" target=\"_blank\" rel=\"noopener\">fiche pratique<\/a> sur le site des services publiques.<\/li>\n<li>Simulez votre taxe d\u2019apprentissage <a href=\"https:\/\/www.bretagne.cci.fr\/simulation-taxe-apprentissage\">ici<\/a>.<\/li>\n<\/ul>\n<h3>Contact<\/h3>\n<p>Pour plus d&rsquo;informations, contactez le secr\u00e9tariat des alternances de l&rsquo;universit\u00e9 Rennes 2 :<\/p>\n<div class=\"paragraph paragraph--type--adresse-postale paragraph--view-mode--default paragraph--id--1156\">\n<div class=\"field field--name-field-adresse field--type-address field--label-visually_hidden\">\n<div class=\"field--item\">\n<p class=\"address\" translate=\"no\"><span class=\"address-line1\">B\u00e2timent I<\/span><br \/>\n<span class=\"address-line2\">Place du Recteur Henri Le Moal<\/span><br \/>\n<span class=\"postal-code\">35043<\/span> <span class=\"locality\">Rennes<\/span><br \/>\n<a class=\"spamspan\" href=\"mailto:sfca-alternance@univ-rennes2.fr\">sfca-alternance@univ-rennes2.fr<\/a><br \/>\n02 99 14 20 62<\/p>\n<\/div>\n<\/div>\n<\/div>\n<div class=\"item item-3 item-field-contact item-paragraph-type-email\">\n<div class=\"paragraph paragraph--type--email paragraph--view-mode--default\">\n<div class=\"field field--name-field-email field--type-email field--label-visually_hidden\">\n<div class=\"field--label sr-only\">Courriel<a class=\"spamspan\" href=\"mailto:sfca-alternance@univ-rennes2.fr\">sfca-alternance@univ-rennes2.fr<\/a><\/div>\n<\/div>\n<\/div>\n<\/div>\n<div class=\"item item-4 item-field-contact item-paragraph-type-telephone\">\n<div class=\"paragraph paragraph--type--telephone paragraph--view-mode--default paragraph--id--1158\">\n<div class=\"field field--name-field-telephone field--type-telephone field--label-visually_hidden\">\n<div class=\"field--label sr-only\">T\u00e9l\u00e9phone<\/div>\n<\/div>\n<\/div>\n<\/div>\n","protected":false},"excerpt":{"rendered":"<p>Soutenez le d\u00e9veloppement du CFTTR ! Qu&rsquo;est-ce que la taxe d&rsquo;apprentissage ? La taxe d&rsquo;apprentissage permet de financer par les entreprises les d\u00e9penses de l&rsquo;apprentissage et des formations technologiques et professionnelles. Son montant est calcul\u00e9 sur la base des r\u00e9mun\u00e9rations vers\u00e9es. Son versement est par ailleurs accompagn\u00e9 de la contribution suppl\u00e9mentaire \u00e0 l&rsquo;apprentissage (CSA), assise [&hellip;]<\/p>\n","protected":false},"author":1,"featured_media":0,"parent":0,"menu_order":0,"comment_status":"closed","ping_status":"closed","template":"","meta":{"footnotes":""},"class_list":["post-77","page","type-page","status-publish","hentry"],"_links":{"self":[{"href":"https:\/\/sites-formations.univ-rennes2.fr\/lea-cfttr\/wp-json\/wp\/v2\/pages\/77","targetHints":{"allow":["GET"]}}],"collection":[{"href":"https:\/\/sites-formations.univ-rennes2.fr\/lea-cfttr\/wp-json\/wp\/v2\/pages"}],"about":[{"href":"https:\/\/sites-formations.univ-rennes2.fr\/lea-cfttr\/wp-json\/wp\/v2\/types\/page"}],"author":[{"embeddable":true,"href":"https:\/\/sites-formations.univ-rennes2.fr\/lea-cfttr\/wp-json\/wp\/v2\/users\/1"}],"replies":[{"embeddable":true,"href":"https:\/\/sites-formations.univ-rennes2.fr\/lea-cfttr\/wp-json\/wp\/v2\/comments?post=77"}],"version-history":[{"count":1,"href":"https:\/\/sites-formations.univ-rennes2.fr\/lea-cfttr\/wp-json\/wp\/v2\/pages\/77\/revisions"}],"predecessor-version":[{"id":5091,"href":"https:\/\/sites-formations.univ-rennes2.fr\/lea-cfttr\/wp-json\/wp\/v2\/pages\/77\/revisions\/5091"}],"wp:attachment":[{"href":"https:\/\/sites-formations.univ-rennes2.fr\/lea-cfttr\/wp-json\/wp\/v2\/media?parent=77"}],"curies":[{"name":"wp","href":"https:\/\/api.w.org\/{rel}","templated":true}]}}