
{"id":506,"date":"2016-03-03T10:27:28","date_gmt":"2016-03-03T09:27:28","guid":{"rendered":"http:\/\/sites-formations.univ-rennes2.fr\/lea-cfttr\/web\/?page_id=506"},"modified":"2016-03-03T10:27:28","modified_gmt":"2016-03-03T09:27:28","slug":"qui-sommes-nous","status":"publish","type":"page","link":"https:\/\/sites-formations.univ-rennes2.fr\/lea-cfttr\/qui-sommes-nous\/","title":{"rendered":"Qui sommes-nous ?"},"content":{"rendered":"<p>Le CFTTR (Centre de Formation des Traducteurs-localisateurs, Terminologues et R\u00e9dacteurs techniques) de l\u2019Universit\u00e9 de Rennes 2 forme de futurs professionnels des industries langagi\u00e8res. Pour plus de d\u00e9tails :\u00a0<a href=\"http:\/\/sites-formations.univ-rennes2.fr\/lea-cfttr\/le-cfttr\/\">Le CFTTR<\/a>.<\/p>\n<p>L\u2019\u00e9quipe p\u00e9dagogique du CFTTR est compos\u00e9e d\u2019enseignants-chercheurs titulaires de l\u2019Universit\u00e9 Rennes 2 et de professionnels issus des secteurs de la traduction, de la localisation et de la r\u00e9daction technique. Pour en savoir plus sur eux : <a href=\"https:\/\/sites-formations.univ-rennes2.fr\/lea-cfttr-old\/qui-sommes-nous\/equipe-pedagogique\/\">\u00c9quipe p\u00e9dagogique<\/a>.<\/p>\n<p>Depuis sa cr\u00e9ation le CFTTR s&rsquo;est attach\u00e9 \u00e0 se constituer un r\u00e9seau de partenaires. Retrouvez-les dans la section : <a href=\"http:\/\/sites-formations.univ-rennes2.fr\/lea-cfttr\/reseaux\/\">R\u00e9seaux<\/a>.<\/p>\n<p>Le CFTTR tend \u00e0 se faire conna\u00eetre en participant \u00e0 divers \u00e9v\u00e8nements. Pour en savoir plus sur les \u00e9v\u00e8nements \u00e0 venir : <a href=\"http:\/\/sites-formations.univ-rennes2.fr\/lea-cfttr\/evenements\/\">\u00c9v\u00e9nements<\/a>.<\/p>\n<p>Le CFTTR vit au travers des \u00e9v\u00e8nements organis\u00e9s entre les promotions. Ils sont, pour la plupart, \u00e0 l&rsquo;initiative des \u00e9tudiants. Pour en savoir plus : <a href=\"http:\/\/sites-formations.univ-rennes2.fr\/lea-cfttr\/vie-etudiante\/\">Vie \u00e9tudiante<\/a>.<\/p>\n<p>Pour avoir plus d&rsquo;informations, n&rsquo;h\u00e9sitez \u00e0 prendre contact directement avec nos responsables de formation : <a href=\"http:\/\/sites-formations.univ-rennes2.fr\/lea-cfttr\/coordonnees-des-responsables\/\">Coordonn\u00e9es des responsables<\/a>.<\/p>\n","protected":false},"excerpt":{"rendered":"<p>Le CFTTR (Centre de Formation des Traducteurs-localisateurs, Terminologues et R\u00e9dacteurs techniques) de l\u2019Universit\u00e9 de Rennes 2 forme de futurs professionnels des industries langagi\u00e8res. Pour plus de d\u00e9tails :\u00a0Le CFTTR. L\u2019\u00e9quipe p\u00e9dagogique du CFTTR est compos\u00e9e d\u2019enseignants-chercheurs titulaires de l\u2019Universit\u00e9 Rennes 2 et de professionnels issus des secteurs de la traduction, de la localisation et de [&hellip;]<\/p>\n","protected":false},"author":1,"featured_media":0,"parent":0,"menu_order":0,"comment_status":"closed","ping_status":"closed","template":"","meta":{"footnotes":""},"class_list":["post-506","page","type-page","status-publish","hentry"],"_links":{"self":[{"href":"https:\/\/sites-formations.univ-rennes2.fr\/lea-cfttr\/wp-json\/wp\/v2\/pages\/506","targetHints":{"allow":["GET"]}}],"collection":[{"href":"https:\/\/sites-formations.univ-rennes2.fr\/lea-cfttr\/wp-json\/wp\/v2\/pages"}],"about":[{"href":"https:\/\/sites-formations.univ-rennes2.fr\/lea-cfttr\/wp-json\/wp\/v2\/types\/page"}],"author":[{"embeddable":true,"href":"https:\/\/sites-formations.univ-rennes2.fr\/lea-cfttr\/wp-json\/wp\/v2\/users\/1"}],"replies":[{"embeddable":true,"href":"https:\/\/sites-formations.univ-rennes2.fr\/lea-cfttr\/wp-json\/wp\/v2\/comments?post=506"}],"version-history":[{"count":0,"href":"https:\/\/sites-formations.univ-rennes2.fr\/lea-cfttr\/wp-json\/wp\/v2\/pages\/506\/revisions"}],"wp:attachment":[{"href":"https:\/\/sites-formations.univ-rennes2.fr\/lea-cfttr\/wp-json\/wp\/v2\/media?parent=506"}],"curies":[{"name":"wp","href":"https:\/\/api.w.org\/{rel}","templated":true}]}}