
{"id":4487,"date":"2024-03-28T18:23:16","date_gmt":"2024-03-28T17:23:16","guid":{"rendered":"https:\/\/sites-formations.univ-rennes2.fr\/lea-cfttr\/?page_id=4487"},"modified":"2026-01-30T12:44:07","modified_gmt":"2026-01-30T11:44:07","slug":"alternances","status":"publish","type":"page","link":"https:\/\/sites-formations.univ-rennes2.fr\/lea-cfttr\/alternances\/","title":{"rendered":"Alternances"},"content":{"rendered":"\n<h2 class=\"wp-block-heading\">Master 2 en alternance<\/h2>\n\n\n\n<p>Le Master mention \u00ab Traduction et Interpr\u00e9tation \u00bb offre la possibilit\u00e9 d&rsquo;effectuer la deuxi\u00e8me ann\u00e9e (M2) en alternance \u00e0 la place du stage de 6 mois. Cela permet aux \u00e9tudiant\u00b7e\u00b7s d&rsquo;acqu\u00e9rir une exp\u00e9rience suppl\u00e9mentaire en entreprise et apporte de nombreux avantages \u00e0 celles et ceux qui choisissent cette possibilit\u00e9. Celle-ci n&rsquo;est cependant pas obligatoire.<\/p>\n\n\n\n<p>Les \u00e9tudiant\u00b7e\u00b7s peuvent effectuer une alternance quel que soit leur profil (Traduction, R\u00e9daction ou Ing\u00e9nierie linguistique et gestion de projets).<\/p>\n\n\n\n<h3 class=\"wp-block-heading\">D\u00e9roulement de l&rsquo;alternance<\/h3>\n\n\n\n<p>L&rsquo;alternance se d\u00e9roule sur un rythme mensuel : un mois pass\u00e9 \u00e0 l&rsquo;universit\u00e9, un mois en entreprise jusqu&rsquo;\u00e0 la fin du deuxi\u00e8me semestre en avril. Les \u00e9tudiant\u00b7e\u00b7s sont alors \u00e0 plein temps en entreprise, en g\u00e9n\u00e9ral jusqu&rsquo;en septembre (la date exacte peut d\u00e9pendre du contrat sign\u00e9 avec l&rsquo;entreprise). Ce calendrier comporte plusieurs avantages. En effet, les alternant\u00b7e\u00b7s peuvent pleinement s&rsquo;immerger dans la vie en entreprise pendant le mois, et cela permet \u00e9galement d&rsquo;effectuer son alternance dans une entreprise plus \u00e9loign\u00e9e g\u00e9ographiquement de l&rsquo;universit\u00e9.<\/p>\n\n\n\n<h3 class=\"wp-block-heading\">Avantages de l&rsquo;alternance pour les \u00e9tudiant\u00b7e\u00b7s<\/h3>\n\n\n\n<p>Un contrat d&rsquo;alternance offre des avantages suppl\u00e9mentaires par rapport \u00e0 un stage classique :<\/p>\n\n\n\n<ol class=\"wp-block-list\">\n<li>\n<ol class=\"wp-block-list\">\n<li>Exp\u00e9rience en entreprise plus longue (environ 3 mois suppl\u00e9mentaires) et reconnue par le monde professionnel ;<\/li>\n\n\n\n<li>Meilleure r\u00e9mun\u00e9ration ;<\/li>\n\n\n\n<li>Statut identique ou quasi-identique \u00e0 un salari\u00e9 : cong\u00e9s pay\u00e9s, tickets restaurant, t\u00e9l\u00e9travail&#8230;<\/li>\n<\/ol>\n<\/li>\n<\/ol>\n\n\n\n<h4 class=\"wp-block-heading\">L&rsquo;exp\u00e9rience<\/h4>\n\n\n\n<p>L&rsquo;alternance vous permet d&rsquo;avoir une exp\u00e9rience en entreprise plus longue par rapport \u00e0 un stage de six mois. En effet, les contrats d&rsquo;alternance durent souvent un an. Une fois dipl\u00f4m\u00e9\u00b7e, vous pouvez ainsi faire valoir votre ann\u00e9e d&rsquo;exp\u00e9rience sur votre CV lorsque vous cherchez un emploi. Par ailleurs, il n&rsquo;est pas rare qu&rsquo;une entreprise embauche les personnes ayant pr\u00e9alablement effectu\u00e9 une alternance en son sein.<\/p>\n\n\n\n<h4 class=\"wp-block-heading\">La r\u00e9mun\u00e9ration<\/h4>\n\n\n\n<p>La r\u00e9mun\u00e9ration minimale l\u00e9gale varie selon votre \u00e2ge et votre type de contrat (contrat d&rsquo;apprentissage ou contrat de professionnalisation) mais elle est plus \u00e9lev\u00e9e que la r\u00e9mun\u00e9ration minimale l\u00e9gale d&rsquo;un stage de 6 mois.<\/p>\n\n\n\n<div style=\"padding: 1em; border: 2px solid #c97b77; margin-bottom: 1em; font-style: italic;\">\n<p>Exemple de comparaison pour un \u00e9tudiant de 23 ans au 1<sup>er<\/sup> janvier 2024 effectuant son stage \u00e0 temps plein (35 heures \/ semaine) dans la r\u00e9gion Bretagne :<\/p>\n<table style=\"border: 2px solid black; border-collapse: collapse;\">\n<tbody>\n<tr>\n<td style=\"border: 2px solid black;\" colspan=\"2\">Stage de 6 mois d&rsquo;avril \u00e0 septembre 2024<\/td>\n<td style=\"border: 2px solid black;\" colspan=\"2\">Alternance d&rsquo;un an de septembre 2024 \u00e0 septembre 2025<\/td>\n<\/tr>\n<tr>\n<td style=\"border: 2px solid black;\">Gratification totale pour 125 jours (875 heures)<\/td>\n<td style=\"border: 2px solid black;\">3 806,25 \u20ac<\/td>\n<td style=\"border: 2px solid black;\">Annuel<\/td>\n<td style=\"border: 2px solid black;\">11 238 \u20ac brut<\/td>\n<\/tr>\n<tr>\n<td style=\"border: 2px solid black;\">Liss\u00e9 sur le mois<\/td>\n<td style=\"border: 2px solid black;\">634,38 \u20ac<\/td>\n<td style=\"border: 2px solid black;\">Mensuel<\/td>\n<td style=\"border: 2px solid black;\">937 \u20ac brut<\/td>\n<\/tr>\n<\/tbody>\n<\/table>\n<p>Ces r\u00e9sultats ont \u00e9t\u00e9 obtenus gr\u00e2ce au <a href=\"https:\/\/entreprendre.service-public.fr\/simulateur\/calcul\/gratification-stagiaire\">Simulateur &#8211; Calcul de la gratification minimale d&rsquo;un stagiaire<\/a> et <a href=\"https:\/\/www.alternance.emploi.gouv.fr\/simulateur-alternant\/etape-1\">Simulateur de calcul de r\u00e9mun\u00e9ration des alternants<\/a>.<\/p>\n<\/div>\n\n\n\n<p>En tant qu&rsquo;alternant\u00b7e, vous \u00eates consid\u00e9r\u00e9 comme salari\u00e9\u00b7e de l&rsquo;entreprise, y compris sur les temps de cours, et \u00eates donc r\u00e9mun\u00e9r\u00e9\u00b7e aussi lors des mois \u00e0 l&rsquo;universit\u00e9 (mais devez en contrepartie \u00eatre assidu\u00b7e en cours).<br>Pour des informations sur les r\u00e8gles qui r\u00e9gissent l&rsquo;alternance au niveau national, rendez-vous sur le site <a href=\"https:\/\/www.alternance.emploi.gouv.fr\/accueil\">Portail de l&rsquo;alternance (site du gouvernement)<\/a>.<\/p>\n\n\n\n<h4 class=\"wp-block-heading\">Le statut<\/h4>\n\n\n\n<p>L&rsquo;alternant\u00b7e \u00e0 un statut proche de celui d&rsquo;un salari\u00e9 en CDD. Vous cumulez donc des cong\u00e9s pay\u00e9s, et pouvez en poser lors de vos p\u00e9riodes en entreprise ; vous b\u00e9n\u00e9ficiez \u00e9galement de la mutuelle d&rsquo;entreprise. De plus, si vous \u00eates embauch\u00e9\u00b7e par l&rsquo;entreprise \u00e0 la suite de votre contrat d&rsquo;alternance, vous n&rsquo;avez pas \u00e0 effectuer une p\u00e9riode d&rsquo;essai.<\/p>\n\n\n\n<h3 class=\"wp-block-heading\">Liste des entreprises qui recrutent ou ont recrut\u00e9 des alternants<\/h3>\n\n\n\n<div style=\"display: flex; flex-wrap: wrap; justify-content: center; gap: 40px 20px; padding: 20px; font-family: sans-serif;\">\n    \n    <div style=\"flex: 0 1 200px; display: flex; flex-direction: column; align-items: center;\">\n        <div style=\"height: 120px; display: flex; align-items: center; justify-content: center; width: 100%;\">\n            <a href=\"https:\/\/www.packr.com\/\">\n                <img decoding=\"async\" src=\"https:\/\/sites-formations.univ-rennes2.fr\/lea-cfttr\/wp-content\/uploads\/2024\/03\/Packr.png\" alt=\"Packr\" style=\"max-height: 100px; max-width: 180px; width: auto; height: auto;\">\n            <\/a>\n        <\/div>\n        <h4 style=\"text-align: center; margin: 15px 0 0 0; font-size: 1rem; line-height: 1.2;\">Packr<\/h4>\n    <\/div>\n\n    <div style=\"flex: 0 1 200px; display: flex; flex-direction: column; align-items: center;\">\n        <div style=\"height: 120px; display: flex; align-items: center; justify-content: center; width: 100%;\">\n            <img decoding=\"async\" src=\"https:\/\/sites-formations.univ-rennes2.fr\/lea-cfttr\/wp-content\/uploads\/2024\/03\/LogoREP_web.png\" alt=\"REP\" style=\"max-height: 100px; max-width: 150px; width: auto; height: auto;\">\n        <\/div>\n        <h4 style=\"text-align: center; margin: 15px 0 0 0; font-size: 1rem; line-height: 1.2;\">REP<\/h4>\n    <\/div>\n\n    <div style=\"flex: 0 1 200px; display: flex; flex-direction: column; align-items: center;\">\n        <div style=\"height: 120px; display: flex; align-items: center; justify-content: center; width: 100%;\">\n            <img decoding=\"async\" src=\"https:\/\/sites-formations.univ-rennes2.fr\/lea-cfttr\/wp-content\/uploads\/2024\/03\/LogoMirakl-300x159.png\" alt=\"Mirakl\" style=\"max-height: 100px; max-width: 180px; width: auto; height: auto;\">\n        <\/div>\n        <h4 style=\"text-align: center; margin: 15px 0 0 0; font-size: 1rem; line-height: 1.2;\">Mirakl<\/h4>\n    <\/div>\n\n    <div style=\"flex: 0 1 200px; display: flex; flex-direction: column; align-items: center;\">\n        <div style=\"height: 120px; display: flex; align-items: center; justify-content: center; width: 100%;\">\n            <img decoding=\"async\" src=\"https:\/\/sites-formations.univ-rennes2.fr\/lea-cfttr\/wp-content\/uploads\/2024\/03\/Palamatic-Process-300x300.png\" alt=\"Palamatic\" style=\"max-height: 100px; max-width: 100px; width: auto; height: auto;\">\n        <\/div>\n        <h4 style=\"text-align: center; margin: 15px 0 0 0; font-size: 1rem; line-height: 1.2;\">Palamatic Process<\/h4>\n    <\/div>\n\n    <div style=\"flex: 0 1 200px; display: flex; flex-direction: column; align-items: center;\">\n        <div style=\"height: 120px; display: flex; align-items: center; justify-content: center; width: 100%;\">\n            <img decoding=\"async\" src=\"https:\/\/sites-formations.univ-rennes2.fr\/lea-cfttr\/wp-content\/uploads\/2024\/03\/c9664e6fcd88c74logo-cegedim-business-services-rvb-300x84.png\" alt=\"Cegedim\" style=\"max-height: 100px; max-width: 180px; width: auto; height: auto;\">\n        <\/div>\n        <h4 style=\"text-align: center; margin: 15px 0 0 0; font-size: 1rem; line-height: 1.2;\">Cegedim Business Services<\/h4>\n    <\/div>\n\n    <div style=\"flex: 0 1 200px; display: flex; flex-direction: column; align-items: center;\">\n        <div style=\"height: 120px; display: flex; align-items: center; justify-content: center; width: 100%;\">\n            <img decoding=\"async\" src=\"https:\/\/sites-formations.univ-rennes2.fr\/lea-cfttr\/wp-content\/uploads\/2024\/03\/ovalt-300x127.png\" alt=\"Ovalt\" style=\"max-height: 100px; max-width: 180px; width: auto; height: auto;\">\n        <\/div>\n        <h4 style=\"text-align: center; margin: 15px 0 0 0; font-size: 1rem; line-height: 1.2;\">Groupe Ovalt<\/h4>\n    <\/div>\n\n    <div style=\"flex: 0 1 200px; display: flex; flex-direction: column; align-items: center;\">\n        <div style=\"height: 120px; display: flex; align-items: center; justify-content: center; width: 100%;\">\n            <img decoding=\"async\" src=\"https:\/\/sites-formations.univ-rennes2.fr\/lea-cfttr\/wp-content\/uploads\/2024\/03\/guillemot.jpg\" alt=\"Guillemot\" style=\"max-height: 100px; max-width: 100px; width: auto; height: auto;\">\n        <\/div>\n        <h4 style=\"text-align: center; margin: 15px 0 0 0; font-size: 1rem; line-height: 1.2;\">Guillemot<\/h4>\n    <\/div>\n\n    <div style=\"flex: 0 1 200px; display: flex; flex-direction: column; align-items: center;\">\n        <div style=\"height: 120px; display: flex; align-items: center; justify-content: center; width: 100%;\">\n            <img decoding=\"async\" src=\"https:\/\/sites-formations.univ-rennes2.fr\/lea-cfttr\/wp-content\/uploads\/2024\/03\/biochenevert-300x74.jpg\" alt=\"Bio ch\u00eane vert\" style=\"max-height: 100px; max-width: 180px; width: auto; height: auto;\">\n        <\/div>\n        <h4 style=\"text-align: center; margin: 15px 0 0 0; font-size: 1rem; line-height: 1.2;\">Bio ch\u00eane vert<\/h4>\n    <\/div>\n\n<\/div>\n\n\n\n<h2 class=\"wp-block-heading\">T\u00e9moignages d&rsquo;alternant\u00b7e\u00b7s<\/h2>\n\n\n\n<p>\u00e0 venir.<\/p>\n\n\n\n<p><\/p>\n","protected":false},"excerpt":{"rendered":"<p>Master 2 en alternance Le Master mention \u00ab Traduction et Interpr\u00e9tation \u00bb offre la possibilit\u00e9 d&rsquo;effectuer la deuxi\u00e8me ann\u00e9e (M2) en alternance \u00e0 la place du stage de 6 mois. Cela permet aux \u00e9tudiant\u00b7e\u00b7s d&rsquo;acqu\u00e9rir une exp\u00e9rience suppl\u00e9mentaire en entreprise et apporte de nombreux avantages \u00e0 celles et ceux qui choisissent cette possibilit\u00e9. Celle-ci n&rsquo;est [&hellip;]<\/p>\n","protected":false},"author":9,"featured_media":0,"parent":0,"menu_order":0,"comment_status":"closed","ping_status":"closed","template":"","meta":{"footnotes":""},"class_list":["post-4487","page","type-page","status-publish","hentry"],"_links":{"self":[{"href":"https:\/\/sites-formations.univ-rennes2.fr\/lea-cfttr\/wp-json\/wp\/v2\/pages\/4487","targetHints":{"allow":["GET"]}}],"collection":[{"href":"https:\/\/sites-formations.univ-rennes2.fr\/lea-cfttr\/wp-json\/wp\/v2\/pages"}],"about":[{"href":"https:\/\/sites-formations.univ-rennes2.fr\/lea-cfttr\/wp-json\/wp\/v2\/types\/page"}],"author":[{"embeddable":true,"href":"https:\/\/sites-formations.univ-rennes2.fr\/lea-cfttr\/wp-json\/wp\/v2\/users\/9"}],"replies":[{"embeddable":true,"href":"https:\/\/sites-formations.univ-rennes2.fr\/lea-cfttr\/wp-json\/wp\/v2\/comments?post=4487"}],"version-history":[{"count":23,"href":"https:\/\/sites-formations.univ-rennes2.fr\/lea-cfttr\/wp-json\/wp\/v2\/pages\/4487\/revisions"}],"predecessor-version":[{"id":5065,"href":"https:\/\/sites-formations.univ-rennes2.fr\/lea-cfttr\/wp-json\/wp\/v2\/pages\/4487\/revisions\/5065"}],"wp:attachment":[{"href":"https:\/\/sites-formations.univ-rennes2.fr\/lea-cfttr\/wp-json\/wp\/v2\/media?parent=4487"}],"curies":[{"name":"wp","href":"https:\/\/api.w.org\/{rel}","templated":true}]}}