
{"id":41,"date":"2016-01-14T11:48:20","date_gmt":"2016-01-14T10:48:20","guid":{"rendered":"http:\/\/sites-formations.univ-rennes2.fr\/lea-cfttr\/web\/?page_id=41"},"modified":"2023-03-18T09:17:21","modified_gmt":"2023-03-18T08:17:21","slug":"espace-entreprises","status":"publish","type":"page","link":"https:\/\/sites-formations.univ-rennes2.fr\/lea-cfttr\/espace-entreprises\/","title":{"rendered":"Espace entreprises"},"content":{"rendered":"<div style=\"display: inline-block;\">\n<div style=\"width: 30%;\"><img loading=\"lazy\" decoding=\"async\" class=\"alignright size-medium wp-image-1995\" src=\"https:\/\/sites-formations.univ-rennes2.fr\/lea-cfttr\/wp-content\/uploads\/2019\/01\/Alternance-300x230.jpg\" alt=\"Espace entreprises\" width=\"300\" height=\"230\"><\/div>\n<\/div>\n<p>Les \u00e9tudiants du parcours LEA de la licence 3 au master 2 se doivent d&rsquo;effectuer un stage de fin d&rsquo;ann\u00e9e. Vous \u00eates \u00e0 la recherche d&rsquo;un traducteur, d&rsquo;un chef de projet ou encore d&rsquo;un r\u00e9dacteur technique ? N&rsquo;h\u00e9sitez pas \u00e0 poster votre offre de stage en remplissant le formulaire suivant : <a href=\"http:\/\/sites-formations.univ-rennes2.fr\/lea-cfttr\/proposer-un-stage\/\">Proposer un stage<\/a>.<\/p>\n<p>\u00c0&nbsp;la fin de leur master, nos \u00e9tudiants sont pr\u00eats pour le monde professionnel et \u00e0 la recherche d&rsquo;un emploi ; n&rsquo;h\u00e9sitez pas \u00e0 faire passer vos offres d&#8217;emploi en remplissant le formulaire suivant : <a href=\"http:\/\/sites-formations.univ-rennes2.fr\/lea-cfttr\/proposer-un-emploi\/\">Proposer un emploi<\/a><\/p>\n<p>Lorsqu&rsquo;une entreprise accueille un \u00e9tudiant stagiaire, elle peut verser la taxe d&rsquo;apprentissage. Celle-ci est facultative mais permet de financer les d\u00e9penses n\u00e9cessaires au d\u00e9veloppement de l&rsquo;enseignement technologique et professionnel et de l&rsquo;apprentissage. Pour en savoir plus : <a href=\"https:\/\/www.univ-rennes2.fr\/partenaires-pro\/taxe-dapprentissage\" target=\"_blank\" rel=\"noopener\">Taxe d&rsquo;apprentissage<\/a>.<\/p>\n","protected":false},"excerpt":{"rendered":"<p>Les \u00e9tudiants du parcours LEA de la licence 3 au master 2 se doivent d&rsquo;effectuer un stage de fin d&rsquo;ann\u00e9e. Vous \u00eates \u00e0 la recherche d&rsquo;un traducteur, d&rsquo;un chef de projet ou encore d&rsquo;un r\u00e9dacteur technique ? N&rsquo;h\u00e9sitez pas \u00e0 poster votre offre de stage en remplissant le formulaire suivant : Proposer un stage. \u00c0&nbsp;la [&hellip;]<\/p>\n","protected":false},"author":1,"featured_media":0,"parent":0,"menu_order":0,"comment_status":"closed","ping_status":"closed","template":"","meta":{"footnotes":""},"class_list":["post-41","page","type-page","status-publish","hentry"],"_links":{"self":[{"href":"https:\/\/sites-formations.univ-rennes2.fr\/lea-cfttr\/wp-json\/wp\/v2\/pages\/41","targetHints":{"allow":["GET"]}}],"collection":[{"href":"https:\/\/sites-formations.univ-rennes2.fr\/lea-cfttr\/wp-json\/wp\/v2\/pages"}],"about":[{"href":"https:\/\/sites-formations.univ-rennes2.fr\/lea-cfttr\/wp-json\/wp\/v2\/types\/page"}],"author":[{"embeddable":true,"href":"https:\/\/sites-formations.univ-rennes2.fr\/lea-cfttr\/wp-json\/wp\/v2\/users\/1"}],"replies":[{"embeddable":true,"href":"https:\/\/sites-formations.univ-rennes2.fr\/lea-cfttr\/wp-json\/wp\/v2\/comments?post=41"}],"version-history":[{"count":1,"href":"https:\/\/sites-formations.univ-rennes2.fr\/lea-cfttr\/wp-json\/wp\/v2\/pages\/41\/revisions"}],"predecessor-version":[{"id":4233,"href":"https:\/\/sites-formations.univ-rennes2.fr\/lea-cfttr\/wp-json\/wp\/v2\/pages\/41\/revisions\/4233"}],"wp:attachment":[{"href":"https:\/\/sites-formations.univ-rennes2.fr\/lea-cfttr\/wp-json\/wp\/v2\/media?parent=41"}],"curies":[{"name":"wp","href":"https:\/\/api.w.org\/{rel}","templated":true}]}}