
{"id":3032,"date":"2022-03-30T10:43:25","date_gmt":"2022-03-30T08:43:25","guid":{"rendered":"https:\/\/sites-formations.univ-rennes2.fr\/lea-cfttr-old\/?page_id=3032"},"modified":"2024-02-01T18:25:17","modified_gmt":"2024-02-01T17:25:17","slug":"redactech","status":"publish","type":"page","link":"https:\/\/sites-formations.univ-rennes2.fr\/lea-cfttr\/redactech\/","title":{"rendered":"R\u00e9dactech"},"content":{"rendered":"\n<p><span class=\"color:black\">R\u00e9dactech est une session intensive d&rsquo;une semaine&nbsp;<\/span><span class=\"author-a-kz76zt1tz71zcz84zz82z9sdz67z5nz67z color:black\">durant laquelle les \u00e9tudiant\u00b7e\u00b7s de M2 du parcours R\u00e9daction technique travaillent en \u00e9quipe \u00e0 l&rsquo;image d&rsquo;une agence de r\u00e9daction.<\/span><span class=\"author-a-rhfaguz78zz71zz88zjz89zz83z7z80zz67zb color:black\">&nbsp;<\/span><span class=\"author-a-rhfaguz78zz71zz88zjz89zz83z7z80zz67zb\">Cette session se d\u00e9roule \u00e0 la fin de chaque semestre et permet aux \u00e9tudiant\u00b7e\u00b7s de participer \u00e0 toutes les \u00e9tapes d&rsquo;un projet de r\u00e9daction.<\/span><\/p>\n\n\n\n<h2 class=\"has-text-align-left wp-block-heading\">D\u00e9roulement des sessions R\u00e9dactech<\/h2>\n\n\n\n<p>R\u00e9dactech se d\u00e9roule en deux temps&nbsp;:<\/p>\n\n\n\n<ul class=\"wp-block-list\"><li>Une semaine de pr\u00e9paration&nbsp;durant laquelle les \u00e9tudiant\u00b7e\u00b7s d\u00e9couvrent le projet, le cahier des charges et organisent leur plan d&rsquo;attaque&nbsp;;<\/li><\/ul>\n\n\n\n<ul class=\"wp-block-list\"><li>Une semaine intensive pour r\u00e9aliser les diff\u00e9rents livrables du projet et pr\u00e9parer la pr\u00e9sentation finale devant les professeurs.<\/li><\/ul>\n\n\n\n<p>Dans la mesure du possible, R\u00e9dactech se d\u00e9roule en situation r\u00e9elle. En effet, gr\u00e2ce aux diff\u00e9rentes collaborations, notamment avec l&rsquo;EDULAB de Rennes 2, les \u00e9tudiant\u00b7e\u00b7s ont l&rsquo;occasion d&rsquo;exercer leurs comp\u00e9tences sur des projets r\u00e9els.<\/p>\n\n\n\n<p>Comme les projets sont assez vari\u00e9s, la documentation r\u00e9alis\u00e9e peut \u00eatre assez diff\u00e9rente d&rsquo;une session \u00e0 l&rsquo;autre. Le principe est le suivant : les professeurs ou un organisme r\u00e9el incarnent les clients et font part de leurs besoins en r\u00e9daction aux \u00e9tudiant\u00b7e\u00b7s. Ensuite, les \u00e9tudiant\u00b7e\u00b7s vont&nbsp;: <\/p>\n\n\n\n<ul class=\"wp-block-list\"><li>Analyser les besoins du \u00ab\u00a0client\u00a0\u00bb&nbsp;;<\/li><li>Proposer quels documents ils doivent fournir pour r\u00e9pondre \u00e0 ces besoins (manuels, posters, tutoriels etc.)&nbsp;;<\/li><li>R\u00e9diger, r\u00e9diger et encore r\u00e9diger !<\/li>\n<li>Publier et livrer les documents.<\/li><\/ul>\n\n\n\n<p>Au terme des deux semaines, le ou les groupes pr\u00e9sentent leur projet devant les \u00ab&nbsp;clients&nbsp;\u00bb lors d&rsquo;une pr\u00e9sentation finale.<\/p>\n\n\n\n<h2 class=\"has-text-align-left wp-block-heading\">Liens<\/h2>\n\n\n\n<p>Pour retrouver les travaux des \u00e9tudiant\u00b7e\u00b7s, rendez-vous sur <a rel=\"noreferrer noopener\" href=\"https:\/\/instagram.com\/cfttr_rennes2?igshid=YmMyMTA2M2Y=\" target=\"_blank\">Instagram<\/a>, <a rel=\"noreferrer noopener\" href=\"https:\/\/www.linkedin.com\/company\/cfttr\/\" target=\"_blank\">LinkedIn<\/a> et <a href=\"https:\/\/twitter.com\/CFTTR?ref_src=twsrc%5Egoogle%7Ctwcamp%5Eserp%7Ctwgr%5Eauthor\">Twitter<\/a>.<\/p>\n","protected":false},"excerpt":{"rendered":"<p>R\u00e9dactech est une session intensive d&rsquo;une semaine&nbsp;durant laquelle les \u00e9tudiant\u00b7e\u00b7s de M2 du parcours R\u00e9daction technique travaillent en \u00e9quipe \u00e0 l&rsquo;image d&rsquo;une agence de r\u00e9daction.&nbsp;Cette session se d\u00e9roule \u00e0 la fin de chaque semestre et permet aux \u00e9tudiant\u00b7e\u00b7s de participer \u00e0 toutes les \u00e9tapes d&rsquo;un projet de r\u00e9daction. D\u00e9roulement des sessions R\u00e9dactech R\u00e9dactech se d\u00e9roule [&hellip;]<\/p>\n","protected":false},"author":1,"featured_media":0,"parent":0,"menu_order":0,"comment_status":"closed","ping_status":"closed","template":"","meta":{"footnotes":""},"class_list":["post-3032","page","type-page","status-publish","hentry"],"_links":{"self":[{"href":"https:\/\/sites-formations.univ-rennes2.fr\/lea-cfttr\/wp-json\/wp\/v2\/pages\/3032","targetHints":{"allow":["GET"]}}],"collection":[{"href":"https:\/\/sites-formations.univ-rennes2.fr\/lea-cfttr\/wp-json\/wp\/v2\/pages"}],"about":[{"href":"https:\/\/sites-formations.univ-rennes2.fr\/lea-cfttr\/wp-json\/wp\/v2\/types\/page"}],"author":[{"embeddable":true,"href":"https:\/\/sites-formations.univ-rennes2.fr\/lea-cfttr\/wp-json\/wp\/v2\/users\/1"}],"replies":[{"embeddable":true,"href":"https:\/\/sites-formations.univ-rennes2.fr\/lea-cfttr\/wp-json\/wp\/v2\/comments?post=3032"}],"version-history":[{"count":2,"href":"https:\/\/sites-formations.univ-rennes2.fr\/lea-cfttr\/wp-json\/wp\/v2\/pages\/3032\/revisions"}],"predecessor-version":[{"id":4665,"href":"https:\/\/sites-formations.univ-rennes2.fr\/lea-cfttr\/wp-json\/wp\/v2\/pages\/3032\/revisions\/4665"}],"wp:attachment":[{"href":"https:\/\/sites-formations.univ-rennes2.fr\/lea-cfttr\/wp-json\/wp\/v2\/media?parent=3032"}],"curies":[{"name":"wp","href":"https:\/\/api.w.org\/{rel}","templated":true}]}}