
{"id":24,"date":"2016-01-14T11:43:18","date_gmt":"2016-01-14T10:43:18","guid":{"rendered":"http:\/\/sites-formations.univ-rennes2.fr\/lea-cfttr\/web\/?page_id=24"},"modified":"2024-01-18T17:36:02","modified_gmt":"2024-01-18T16:36:02","slug":"stages","status":"publish","type":"page","link":"https:\/\/sites-formations.univ-rennes2.fr\/lea-cfttr\/stages\/","title":{"rendered":"Stages"},"content":{"rendered":"<div id=\"tabs\">\n<ul class=\"tab-list\">\n<li><a href=\"#fragment-1\">Entreprises d&rsquo;accueil<\/a><\/li>\n<li><a href=\"#fragment-2\">Entreprises partenaires<\/a><\/li>\n<li><a href=\"#fragment-3\">T\u00e9moignages entreprises<\/a><\/li>\n<\/ul>\n<div class=\"tab-content\">\n<div id=\"fragment-1\">\n<h1><span class=\"formations__name\">Les entreprises qui nous font confiance<\/span><\/h1>\n<p>Chaque ann\u00e9e, les \u00e9tudiants du CFTTR effectuent des stages qui leur permettent d\u2019\u00eatre mieux pr\u00e9par\u00e9s \u00e0 la vie active. Ces stages durent au minimum six semaines pour les L3, trois mois pour les M1 et six mois pour les M2.<br \/>\nDe nombreuses entreprises accueillent chaque ann\u00e9e nos \u00e9tudiants pour des stages en r\u00e9daction technique, en traduction, en localisation ou encore en gestion de projets.<\/p>\n<h3 class=\"companies\">Voici une liste non exhaustive des entreprises qui font confiance aux \u00e9tudiants du CFTTR :<\/h3>\n<div class=\"acc-lvl1\">\n<h2>R\u00e9daction technique<\/h2>\n<div class=\"tobeslid\">\n<div style=\"float: left; width: 50%;\">\n<h3 class=\"companies\" style=\"text-align: center;\"><a href=\"http:\/\/www.biomerieux.fr\/\"><img decoding=\"async\" class=\"alignnone size-medium wp-image-659\" src=\"http:\/\/sites-formations.univ-rennes2.fr\/lea-cfttr\/wp-content\/uploads\/2016\/03\/biomerieux-300x200.png\" alt=\"biomerieux\" height=\"130\"><\/a><br \/>\nSolutions de diagnostic<\/h3>\n<\/div>\n<div style=\"float: right; width: 50%;\">\n<h3 class=\"companies\" style=\"text-align: center;\"><a href=\" https:\/\/www.talend.com\/fr\/\"><img decoding=\"async\" class=\"alignnone size-medium wp-image-659\" src=\"https:\/\/sites-formations.univ-rennes2.fr\/lea-cfttr\/wp-content\/uploads\/2021\/11\/logo_talend.png\" alt=\"talend\" height=\"130\"><\/a><br \/>\nInt\u00e9gration de donn\u00e9es cloud<\/h3>\n<\/div>\n<div style=\"float: right; width: 50%;\">\n<h3 class=\"companies\" style=\"text-align: center;\"><a href=\"http:\/\/www.airbus.com\/\"><img decoding=\"async\" class=\"alignnone size-medium wp-image-656\" src=\"http:\/\/sites-formations.univ-rennes2.fr\/lea-cfttr\/wp-content\/uploads\/2016\/03\/airbus-300x67.png\" alt=\"airbus\"><\/a><br \/>\nA\u00e9ronautique<\/h3>\n<\/div>\n<div style=\"float: left; width: 50%;\">\n<h3 class=\"companies\" style=\"text-align: center;\"><a href=\"https:\/\/www.shippeo.com\/\"><img decoding=\"async\" class=\"alignnone size-medium wp-image-656\" src=\"https:\/\/sites-formations.univ-rennes2.fr\/lea-cfttr\/wp-content\/uploads\/2021\/11\/shippeo_logo-1.png\" alt=\"shippeo\"><\/a><br \/>\n\u00c9diteur de logiciels<\/h3>\n<\/div>\n<div style=\"float: right; width: 50%;\">\n<h3 class=\"companies\" style=\"text-align: center;\"><a href=\"http:\/\/www.broadpeak.tv\/\"><img decoding=\"async\" class=\"alignnone size-medium wp-image-661\" src=\"http:\/\/sites-formations.univ-rennes2.fr\/lea-cfttr\/wp-content\/uploads\/2016\/03\/broadpeak-300x119.png\" alt=\"broadpeak\"><\/a><br \/>\nT\u00e9l\u00e9communications<\/h3>\n<\/div>\n<div style=\"float: right; width: 50%;\">\n<h3 class=\"companies\" style=\"text-align: center;\"><a href=\"http:\/\/www.3ds.com\/\"><img decoding=\"async\" class=\"aligncenter size-medium wp-image-300\" src=\"http:\/\/sites-formations.univ-rennes2.fr\/lea-cfttr\/wp-content\/uploads\/2016\/02\/dassault.png\" alt=\"dassault\"><\/a><br \/>\n\u00c9diteur de logiciels<\/h3>\n<\/div>\n<div style=\"float: left; width: 50%;\">\n<h3 class=\"companies\" style=\"text-align: center;\"><a href=\"http:\/\/www.bluekango.com\/\"><img decoding=\"async\" class=\"aligncenter size-medium wp-image-300\" src=\"https:\/\/sites-formations.univ-rennes2.fr\/lea-cfttr\/wp-content\/uploads\/2021\/11\/bluekango.jpg\" alt=\"BlueKango\"><br \/>\n<\/a>\u00c9diteur de logiciel<\/h3>\n<\/div>\n<div style=\"float: right; width: 50%;\">\n<h3 class=\"companies\" style=\"text-align: center;\"><a href=\"https:\/\/www.ateme.com\/fr\/\"><img decoding=\"async\" class=\"aligncenter size-medium wp-image-300\" src=\"https:\/\/sites-formations.univ-rennes2.fr\/lea-cfttr\/wp-content\/uploads\/2021\/11\/ateme_logo.png\" alt=\"ateme\"><\/a><br \/>\nT\u00e9l\u00e9communications<\/h3>\n<\/div>\n<div style=\"float: left; width: 50%;\">\n<h3 class=\"companies\" style=\"text-align: center;\"><a href=\" https:\/\/whpintl.com\/\"><img decoding=\"async\" class=\"aligncenter size-medium wp-image-300\" src=\"https:\/\/sites-formations.univ-rennes2.fr\/lea-cfttr\/wp-content\/uploads\/2021\/11\/whp_logo.jpg\" alt=\"WHP\"><br \/>\n<\/a>R\u00e9daction DITA<\/h3>\n<\/div>\n<div style=\"float: left; width: 50%;\">\n<h3 class=\"companies\" style=\"text-align: center;\"><a href=\"https:\/\/www.ergotech.fr\/\"><img decoding=\"async\" class=\"aligncenter size-medium wp-image-300\" src=\"https:\/\/sites-formations.univ-rennes2.fr\/lea-cfttr\/wp-content\/uploads\/2021\/11\/ergotech_logo.jpg\" alt=\"ergotech\"><\/a><br \/>\nFabricant d&rsquo;\u00e9quipements<\/h3>\n<\/div>\n<div style=\"clear: both;\"><\/div>\n<\/div>\n<h2>Traduction-Localisation<\/h2>\n<div class=\"acc-lvl1\">\n<div style=\"float: left; width: 49%;\">\n<h3 class=\"companies\" style=\"text-align: center;\"><a href=\"http:\/\/www.alphabets.fr\/\"><img decoding=\"async\" class=\"alignnone size-medium wp-image-657\" src=\"http:\/\/sites-formations.univ-rennes2.fr\/lea-cfttr\/wp-content\/uploads\/2016\/03\/alphabets-300x114.png\" alt=\"alphabets\"><\/a><br \/>\nServices linguistiques<\/h3>\n<\/div>\n<div style=\"float: right; width: 49%;\">\n<h3 class=\"companies\" style=\"text-align: center;\"><a href=\"https:\/\/www.lionbridge.com\/fr\/gaming\/\"><img decoding=\"async\" class=\"alignnone size-full wp-image-663\" src=\"https:\/\/sites-formations.univ-rennes2.fr\/lea-cfttr\/wp-content\/uploads\/2021\/11\/Lionbridge-2.png\" alt=\"Lionbridge Gaming\"><\/a><br \/>\nLocalisation de jeux vid\u00e9o<\/h3>\n<\/div>\n<div style=\"float: right; width: 49%;\">\n<h3 class=\"companies\" style=\"text-align: center;\"><a href=\"https:\/\/www.dubbing-brothers.com\/home\/\"><img decoding=\"async\" class=\"alignnone size-medium wp-image-662\" src=\"http:\/\/sites-formations.univ-rennes2.fr\/lea-cfttr\/wp-content\/uploads\/2016\/03\/DubbingBrothers-300x41.png\" alt=\"DubbingBrothers\"><\/a><br \/>\nServices audiovisuels<\/h3>\n<\/div>\n<div style=\"float: left; width: 49%;\">\n<h3 class=\"companies\" style=\"text-align: center;\"><a href=\"https:\/\/www.tradonline.fr\/\"><img decoding=\"async\" class=\"alignnone size-medium wp-image-655\" src=\"https:\/\/sites-formations.univ-rennes2.fr\/lea-cfttr\/wp-content\/uploads\/2021\/11\/TradOnline.png\" alt=\"Tradonline\"><\/a><br \/>\nServices linguistiques<\/h3>\n<\/div>\n<div style=\"float: right; width: 49%;\">\n<h3 class=\"companies\" style=\"text-align: center;\"><a href=\"https:\/\/www.id2m.fr\/ueber-uns\/\"><img loading=\"lazy\" decoding=\"async\" class=\"alignnone size-full wp-image-2531\" src=\"https:\/\/sites-formations.univ-rennes2.fr\/lea-cfttr\/wp-content\/uploads\/2021\/11\/id2m.png\" alt=\"id2m\" width=\"250\" height=\"159\"><\/a><br \/>\nServices linguistiques<\/h3>\n<\/div>\n<div style=\"float: left; width: 49%;\">\n<h3 class=\"companies\" style=\"text-align: center;\"><a href=\"https:\/\/ellipse-world.com\/\"><img loading=\"lazy\" decoding=\"async\" class=\"alignnone wp-image-3095 size-medium\" src=\"https:\/\/sites-formations.univ-rennes2.fr\/lea-cfttr\/wp-content\/uploads\/2022\/10\/ellipse-300x67.png\" alt=\"ellipseworld\" width=\"300\" height=\"67\"><\/a><br \/>\nServices linguistiques<\/h3>\n<\/div>\n<div style=\"float: right; width: 49%;\">\n<h3 class=\"companies\" style=\"text-align: center;\"><a href=\"https:\/\/www.keywordsstudios.com\"><img loading=\"lazy\" decoding=\"async\" class=\"alignnone size-medium wp-image-2537\" src=\"https:\/\/sites-formations.univ-rennes2.fr\/lea-cfttr\/wp-content\/uploads\/2021\/10\/logo_keywords_studio-300x77.png\" alt=\"\" width=\"300\" height=\"77\"><\/a><br \/>\nServices linguistiques<\/h3>\n<\/div>\n<div style=\"float: left; width: 49%;\">\n<h3 class=\"companies\" style=\"text-align: center;\"><a href=\"https:\/\/www.eureden.com\/fr\/\"><img decoding=\"async\" class=\"alignnone size-medium wp-image-2537\" src=\"https:\/\/sites-formations.univ-rennes2.fr\/lea-cfttr\/wp-content\/uploads\/2021\/11\/logo_eureden.png\" alt=\"Eureden\"><\/a><br \/>\nAgroalimentaire<\/h3>\n<\/div>\n<div style=\"float: right; width: 49%;\">\n<h3 class=\"companies\" style=\"text-align: center;\"><a href=\"https:\/\/overtheword.com\"><img decoding=\"async\" class=\"alignnone size-medium wp-image-2537\" src=\"https:\/\/sites-formations.univ-rennes2.fr\/lea-cfttr\/wp-content\/uploads\/2021\/11\/logo_over_the_word.jpg\" alt=\"OverTheWord\"><\/a><br \/>\nAgence de traduction<\/h3>\n<\/div>\n<div style=\"clear: both;\"><\/div>\n<\/div>\n<h2>Gestion de projets<\/h2>\n<div class=\"acc-lvl1\">\n<div style=\"float: left; width: 49%;\">\n<h3 class=\"companies\" style=\"text-align: center;\"><a href=\"https:\/\/www.novae-group.com\/fr\"><img loading=\"lazy\" decoding=\"async\" class=\"alignnone size-medium wp-image-2542\" src=\"https:\/\/sites-formations.univ-rennes2.fr\/lea-cfttr\/wp-content\/uploads\/2021\/10\/Logo_Novae-300x78.png\" alt=\"\" width=\"300\" height=\"78\"><\/a><br \/>\nServices linguistiques<\/h3>\n<\/div>\n<div style=\"float: right; width: 49%;\">\n<h3 class=\"companies\" style=\"text-align: center;\"><a href=\"https:\/\/www.ouitranslate.com\/fr\/\"><img decoding=\"async\" class=\"aligncenter size-medium wp-image-302\" src=\"https:\/\/sites-formations.univ-rennes2.fr\/lea-cfttr\/wp-content\/uploads\/2021\/11\/oui-translate.png\" alt=\"Oui translate\"><\/a><br \/>\nAgence de traduction<\/h3>\n<\/div>\n<div style=\"float: left; width: 49%;\">\n<h3 class=\"companies\" style=\"text-align: center;\"><a href=\"http:\/\/www.transperfect.com\/\"><img decoding=\"async\" class=\"alignnone size-medium wp-image-667\" src=\"http:\/\/sites-formations.univ-rennes2.fr\/lea-cfttr\/wp-content\/uploads\/2016\/03\/transperfect-300x175.png\" alt=\"transperfect\"><\/a><br \/>\nServices linguistiques<\/h3>\n<\/div>\n<div style=\"float: right; width: 49%;\">\n<h3 class=\"companies\" style=\"text-align: center;\"><a href=\"https:\/\/www.star-group.net\/fr\/societe\/le-groupestar-dans-le-monde\/france.html\"><img decoding=\"async\" class=\"alignnone size-medium wp-image-2551\" src=\"https:\/\/sites-formations.univ-rennes2.fr\/lea-cfttr\/wp-content\/uploads\/2021\/11\/star.png\" alt=\"Star group\"><\/a><br \/>\nServices linguistiques<\/h3>\n<\/div>\n<div style=\"float: left; width: 49%;\">\n<h3 class=\"companies\" style=\"text-align: center;\"><a href=\"https:\/\/fr.bandainamcoent.eu\"><img decoding=\"async\" class=\"alignnone size-medium wp-image-2551\" src=\"https:\/\/sites-formations.univ-rennes2.fr\/lea-cfttr\/wp-content\/uploads\/2021\/11\/logo_bandai_namco.jpg\" alt=\"\"><\/a><br \/>\nJeux vid\u00e9o<\/h3>\n<\/div>\n<div style=\"float: right; width: 49%;\">\n<h3 class=\"companies\" style=\"text-align: center;\"><a href=\"https:\/\/vidal-associes.com\/\"><img loading=\"lazy\" decoding=\"async\" class=\"aligncenter wp-image-308 size-medium\" src=\"https:\/\/sites-formations.univ-rennes2.fr\/lea-cfttr\/wp-content\/uploads\/2021\/11\/vidal-associes.png\" alt=\"Vidal associ\u00e9s\" width=\"300\" height=\"56\"><\/a><br \/>\nAgence de traduction<\/h3>\n<\/div>\n<div style=\"width: 49%; float: right;\">\n<h3 class=\"companies\" style=\"text-align: center;\"><a href=\"https:\/\/www.ubiqus.com\/fr\/\"><img decoding=\"async\" class=\"alignnone size-medium wp-image-2547\" src=\"https:\/\/sites-formations.univ-rennes2.fr\/lea-cfttr\/wp-content\/uploads\/2021\/10\/logo_ubiqus-300x131.jpg\" alt=\"\"><\/a><br \/>\nAgence de traduction<\/h3>\n<\/div>\n<div style=\"width: 49%; float: left;\">\n<h3 class=\"companies\" style=\"text-align: center;\"><a href=\"https:\/\/fastnet-translation.com\"><img decoding=\"async\" class=\"alignnone size-medium wp-image-2547\" src=\"https:\/\/sites-formations.univ-rennes2.fr\/lea-cfttr\/wp-content\/uploads\/2021\/11\/logo_fastnet_translation.png\" alt=\"Fastnet\"><\/a><br \/>\nAgence de traduction<\/h3>\n<\/div>\n<div style=\"width: 49%; float: right;\">\n<h3 class=\"companies\" style=\"text-align: center;\"><a href=\"https:\/\/www.lexcelera.com\/fr\/\"><img decoding=\"async\" class=\"alignnone size-medium wp-image-2547\" src=\"https:\/\/sites-formations.univ-rennes2.fr\/lea-cfttr\/wp-content\/uploads\/2021\/11\/logo_lexcelera.png\" alt=\"lexcelera\"><\/a><br \/>\nServices linguistiques<\/h3>\n<\/div>\n<div style=\"clear: both;\"><\/div>\n<\/div>\n<\/div>\n<\/div>\n<div id=\"fragment-2\">\n<h1><span class=\"formations__name\">Entreprises ayant une relation \u00e9troite avec le CFTTR<\/span><\/h1>\n<div>\n<h3>Bandai Namco Games Europe<\/h3>\n<p>\u00ab Dans le cadre de l\u2019activit\u00e9 du d\u00e9partement localisation au sein de la soci\u00e9t\u00e9 Bandai Namco Games Europe, j\u2019ai eu l\u2019opportunit\u00e9 d\u2019accueillir plusieurs \u00e9tudiants en qualit\u00e9 de stagiaire provenant de l\u2019Universit\u00e9 de Rennes 2.<\/p>\n<p>Les \u00e9tudiants sont des \u00e9l\u00e8ves de Master 1 (M1) ou bien Master 2 (M2). La diff\u00e9rence en dehors de l\u2019ann\u00e9e d\u2019\u00e9tude \u00e9tant la p\u00e9riode du stage qui est de cinq mois maximum pour un M1 et six mois pour un M2.<br \/>\nCes \u00e9tudiants ont exclusivement effectu\u00e9 un stage en qualit\u00e9 d\u2019Assistant Chef de Projet Localisation et non en qualit\u00e9 de traducteur et\/ou relecteur.<\/p>\n<p>Ce que je retiens des \u00e9tudiants, c\u2019est une bonne capacit\u00e9 \u00e0 s\u2019int\u00e9grer dans le d\u00e9partement et l\u2019entreprise dans son ensemble.<br \/>\nL\u2019un des points fort est la tr\u00e8s bonne m\u00e9thodologie dans le travail et la rigueur \u00e0 respecter les consignes donn\u00e9es.<br \/>\nUn autre aspect qu\u2019il faut souligner est la capacit\u00e9 des \u00e9tudiants \u00e0 progresser et \u00e0 monter en puissance au fil du stage jusqu\u2019\u00e0 l\u2019obtention de r\u00e9elles responsabilit\u00e9s.<\/p>\n<p>Les points \u00e0 am\u00e9liorer peuvent se r\u00e9sumer \u00e0 une meilleure pratique de l\u2019anglais en r\u00e9union (r\u00e9union t\u00e9l\u00e9phonique) impliquant des intervenants de plusieurs continents.<br \/>\nEn effet, on peut sentir que la compr\u00e9hension de l\u2019anglais dans ces conditions n\u2019est pas forcement ais\u00e9e ce qui peut cr\u00e9er des difficult\u00e9s de communication orale.<\/p>\n<p>Un autre aspect serait de sensibiliser un peu plus les \u00e9tudiants sur la r\u00e9alit\u00e9 \u00e9conomique des entreprises et la gestion budg\u00e9taire. Des efforts ont \u00e9t\u00e9 d\u00e9j\u00e0 fait dans ce sens et se sont traduits par des mises en situations lors de la formation. N\u00e9anmoins, je ressens toujours un manque dans ce domaine.<\/p>\n<p>En conclusion, pour des profils de \u00ab Chef de Projet Localisation \u00bb, je suis tr\u00e8s satisfait dans l\u2019ensemble des \u00e9tudiants provenant de l\u2019Universit\u00e9 de Rennes 2. \u00bb<\/p>\n<p>Franck Genty &#8211; Localisation Manager at Bandai Namco Games Europe<\/p>\n<\/div>\n<\/div>\n<div id=\"fragment-3\">\n<h1><span class=\"formations__name\">T\u00e9moignages provenant d&rsquo;entreprises ayant accueilli des \u00e9tudiants du CFTTR<\/span><\/h1>\n<div>\n<h3>Biom\u00e9rieux<\/h3>\n<p>\u00ab Notre soci\u00e9t\u00e9 con\u00e7oit des instruments d\u2019analyse de laboratoire exigeant des documentations techniques pr\u00e9cises et ma\u00eetris\u00e9es.<\/p>\n<p>Chaque ann\u00e9e, depuis plus de six ans, nous int\u00e9grons au sein de notre \u00e9quipe un ou plusieurs stagiaires.<\/p>\n<p>La polyvalence et la grande autonomie des \u00e9tudiants du CFTTR sont des points forts leur permettant de nous aider \u00e0 r\u00e9aliser nos missions de r\u00e9daction technique, localisation, gestion des publications.<\/p>\n<p>Par leur connaissance et formation, ils nous ont permis d\u2019initier de nouvelles m\u00e9thodes innovantes tel que la migration de nos contenus vers la r\u00e9daction structur\u00e9e selon la norme DITA. \u00bb<\/p>\n<p>Johan Develon &amp; Sophie Laisn\u00e9<br \/>\nResponsable R&amp;D Instruments &amp; Responsable P\u00f4le Documentation Technique<\/p>\n<h3>Alphabets<\/h3>\n<p>\u00ab La formation dispens\u00e9e par le CFTTR est probablement, parmi bien d\u2019autres formations du m\u00eame type, celle qui, depuis tr\u00e8s longtemps, colle le plus aux r\u00e9alit\u00e9s des m\u00e9tiers et du march\u00e9 de la traduction.<\/p>\n<p>Ayant toujours cherch\u00e9 \u00e0 \u00e9voluer en m\u00eame temps que la profession, elle forme des linguistes rigoureux et polyvalents, rompus aux divers outils et d\u00e9veloppements indispensables \u00e0 l\u2019exercice du m\u00e9tier, aguerris \u00e0 la pression des d\u00e9lais changeants et serr\u00e9s, habitu\u00e9s \u00e0 travailler en \u00e9quipes, et ainsi imm\u00e9diatement op\u00e9rationnels sur le march\u00e9 du travail.<\/p>\n<p>Autant d\u2019atouts particuli\u00e8rement appr\u00e9ci\u00e9s au sein d\u2019ALPHABETS qui, depuis sa cr\u00e9ation en 2002, a chaque ann\u00e9e accueilli en stage et\/ou embauch\u00e9 plusieurs traducteurs form\u00e9s au CFTTR. \u00bb<\/p>\n<p>Chantal QU\u00c9NIART, co-fondatrice et associ\u00e9e<\/p>\n<h3>Coheris<\/h3>\n<p>\u00ab En tant que Responsable Documentation, j&rsquo;ai toujours appr\u00e9ci\u00e9 de travailler avec des \u00e9tudiants du CFTTR. Ils ont le m\u00e9rite d&rsquo;\u00eatre op\u00e9rationnels de suite, ce qui est tout \u00e0 leur avantage dans le monde de l&rsquo;entreprise. Je renouvellerai sans h\u00e9sitation cette exp\u00e9rience, d\u00e8s que l&rsquo;occasion se pr\u00e9sentera. \u00bb<\/p>\n<p>Aur\u00e9lia Sarnowski<br \/>\nResponsable de l&rsquo;\u00e9quipe Documentation chez Coheris<\/p>\n<\/div>\n<\/div>\n<\/div>\n<\/div>\n","protected":false},"excerpt":{"rendered":"<p>Entreprises d&rsquo;accueil Entreprises partenaires T\u00e9moignages entreprises Les entreprises qui nous font confiance Chaque ann\u00e9e, les \u00e9tudiants du CFTTR effectuent des stages qui leur permettent d\u2019\u00eatre mieux pr\u00e9par\u00e9s \u00e0 la vie active. Ces stages durent au minimum six semaines pour les L3, trois mois pour les M1 et six mois pour les M2. De nombreuses entreprises [&hellip;]<\/p>\n","protected":false},"author":1,"featured_media":0,"parent":0,"menu_order":0,"comment_status":"closed","ping_status":"closed","template":"tabspage.php","meta":{"footnotes":""},"class_list":["post-24","page","type-page","status-publish","hentry"],"_links":{"self":[{"href":"https:\/\/sites-formations.univ-rennes2.fr\/lea-cfttr\/wp-json\/wp\/v2\/pages\/24","targetHints":{"allow":["GET"]}}],"collection":[{"href":"https:\/\/sites-formations.univ-rennes2.fr\/lea-cfttr\/wp-json\/wp\/v2\/pages"}],"about":[{"href":"https:\/\/sites-formations.univ-rennes2.fr\/lea-cfttr\/wp-json\/wp\/v2\/types\/page"}],"author":[{"embeddable":true,"href":"https:\/\/sites-formations.univ-rennes2.fr\/lea-cfttr\/wp-json\/wp\/v2\/users\/1"}],"replies":[{"embeddable":true,"href":"https:\/\/sites-formations.univ-rennes2.fr\/lea-cfttr\/wp-json\/wp\/v2\/comments?post=24"}],"version-history":[{"count":2,"href":"https:\/\/sites-formations.univ-rennes2.fr\/lea-cfttr\/wp-json\/wp\/v2\/pages\/24\/revisions"}],"predecessor-version":[{"id":5062,"href":"https:\/\/sites-formations.univ-rennes2.fr\/lea-cfttr\/wp-json\/wp\/v2\/pages\/24\/revisions\/5062"}],"wp:attachment":[{"href":"https:\/\/sites-formations.univ-rennes2.fr\/lea-cfttr\/wp-json\/wp\/v2\/media?parent=24"}],"curies":[{"name":"wp","href":"https:\/\/api.w.org\/{rel}","templated":true}]}}