
{"id":209,"date":"2016-02-04T10:13:25","date_gmt":"2016-02-04T09:13:25","guid":{"rendered":"http:\/\/sites-formations.univ-rennes2.fr\/lea-cfttr\/web\/?page_id=209"},"modified":"2024-01-11T18:23:21","modified_gmt":"2024-01-11T17:23:21","slug":"partenariats","status":"publish","type":"page","link":"https:\/\/sites-formations.univ-rennes2.fr\/lea-cfttr\/partenariats\/","title":{"rendered":"Partenariats"},"content":{"rendered":"\n<p>Voici un aper\u00e7u des diff\u00e9rents partenaires du CFTTR&nbsp;:<\/p>\n\n\n\n<pre class=\"wp-block-code\"><code><div class=\"acc-lvl1\">\n<h2>Parrain<\/h2>\n<div class=\"tobeslid\">\n<div style=\"display: flex;\">\n<div style=\"float: left; width: 49%;\">\n<h3 style=\"text-align: center;\"><a href=\"https:\/\/fr.bandainamcoent.eu\/\"><img loading=\"lazy\" decoding=\"async\" width=\"300\" height=\"107\" class=\"alignnone wp-image-2596 size-medium\" src=\"https:\/\/sites-formations.univ-rennes2.fr\/lea-cfttr\/wp-content\/uploads\/2021\/11\/logo_bandai_namco-300x107.jpg\" alt=\"\"><\/a>\n\u00c9diteur de jeux vid\u00e9o<\/h3>\n<\/div>\n<div style=\"float: right; width: 49%; margin: auto;\">\n<ul>\n<li>Parrain de la formation, l'entreprise Bandai Namco a un droit de regard sur la formation donn\u00e9e au CFTTR. Elle donne des conseils sur les enseignements donn\u00e9s et participe \u00e0 son \u00e9volution pour la faire correspondre aux besoins r\u00e9els du march\u00e9.<\/li>\n<li>L'entreprise prend \u00e9galement r\u00e9guli\u00e8rement des stagiaires venant du CFTTR.<\/li>\n<\/ul>\n<\/div>\n<div style=\"clear: both;\">&nbsp;<\/div>\n<\/div>\n<\/div>\n<h2>Partenariats technologiques<\/h2>\n<div class=\"acc-lvl1\">\n<div style=\"float: left; width: 49%;\">\n<h3 style=\"text-align: center;\"><a href=\"https:\/\/www.phrase.com\" target=\"_blank\" rel=\"noopener\"><img loading=\"lazy\" decoding=\"async\" width=\"298\" height=\"169\" class=\"alignnone size-full wp-image-894\" src=\"https:\/\/sites-formations.univ-rennes2.fr\/lea-cfttr\/wp-content\/uploads\/2023\/10\/phrase_logo_default_black.png\" alt=\"phrase\"><\/a>\nTechnologies de la traduction\nSuite de localisation et de gestion de projets de traduction<\/h3>\n<\/div>\n<div style=\"float: right; width: 49%;\">\n<h3 style=\"text-align: center;\"><a href=\"https:\/\/www.memoq.com\/\"><img loading=\"lazy\" decoding=\"async\" width=\"300\" height=\"98\" class=\"alignnone size-medium wp-image-2780\" src=\"https:\/\/sites-formations.univ-rennes2.fr\/lea-cfttr\/wp-content\/uploads\/2023\/10\/memoq.jpg\" alt=\"\"><\/a>\nmemoQ<\/h3>\n<\/div>\n<div style=\"float: right; width: 49%;\">\n<h3 style=\"text-align: center;\"><a href=\"http:\/\/www.sdl.com\/fr\/\" target=\"_blank\" rel=\"noopener\"><img loading=\"lazy\" decoding=\"async\" width=\"188\" height=\"85\" class=\"alignnone size-full wp-image-895\" src=\"http:\/\/sites-formations.univ-rennes2.fr\/lea-cfttr\/wp-content\/uploads\/2016\/03\/SDL_University_Partner_Program.png\" alt=\"SDL_University_Partner_Program\"><\/a>\nTechnologies de la traduction\n\u00c9diteur de la suite SDL Trados Studio<\/h3>\n<\/div>\n<div style=\"float: left; width: 49%;\">\n<h3 style=\"text-align: center;\"><a href=\"https:\/\/www.oxygenxml.com\/\"><img loading=\"lazy\" decoding=\"async\" width=\"300\" height=\"55\" class=\"alignnone size-medium wp-image-2787\" src=\"https:\/\/sites-formations.univ-rennes2.fr\/lea-cfttr\/wp-content\/uploads\/2021\/11\/Screen-Shot-2021-11-23-at-12.04.19-300x55.png\" alt=\"\"><\/a>\nOxygen<\/h3>\n<\/div>\n<div style=\"float: left; width: 49%;\">\n<h3 style=\"text-align: center;\"><a href=\"https:\/\/www.adobe.com\/fr\/\"><img loading=\"lazy\" decoding=\"async\" width=\"204\" height=\"90\" class=\"alignnone size-full wp-image-2795\" src=\"https:\/\/sites-formations.univ-rennes2.fr\/lea-cfttr\/wp-content\/uploads\/2021\/11\/Screen-Shot-2021-11-23-at-12.04.57.png\" alt=\"\"><\/a>\nAdobe<\/h3>\n<\/div>\n<div style=\"float: right; width: 49%;\">\n<h3 style=\"text-align: center;\"><a href=\"https:\/\/www.deepl.com\/\"><img loading=\"lazy\" decoding=\"async\" width=\"300\" height=\"98\" class=\"alignnone size-medium wp-image-2780\" src=\"https:\/\/sites-formations.univ-rennes2.fr\/lea-cfttr\/wp-content\/uploads\/2021\/11\/Screen-Shot-2021-11-23-at-12.03.32-300x98.png\" alt=\"\"><\/a>\nDeepl<\/h3>\n<\/div>\n<div style=\"clear: both;\">\n<h3 style=\"text-align: center;\">&nbsp;<\/h3>\n<\/div>\n<\/div>\n<h2>Partenariats institutionnels<\/h2>\n<div class=\"acc-lvl1\">\n<div style=\"float: left; width: 49%;\">\n<h3 style=\"text-align: center;\"><a href=\"http:\/\/www.culturecommunication.gouv.fr\/Politiques-ministerielles\/Langue-francaise-et-langues-de-France\/\" target=\"_blank\" rel=\"noopener\"><img loading=\"lazy\" decoding=\"async\" width=\"300\" height=\"290\" class=\"alignnone size-medium wp-image-905\" src=\"http:\/\/sites-formations.univ-rennes2.fr\/lea-cfttr\/wp-content\/uploads\/2016\/03\/DGLFLF.png\" alt=\"DGLFLF\"><\/a>\nD\u00e9l\u00e9gation du Minist\u00e8re de la Culture<\/h3>\n<\/div>\n<div style=\"float: right; width: 49%;\">\n<h3 style=\"text-align: center;\"><a href=\"http:\/\/ec.europa.eu\/dgs\/translation\/index_fr.htm\" target=\"_blank\" rel=\"noopener\"><img loading=\"lazy\" decoding=\"async\" width=\"172\" height=\"119\" class=\"alignnone size-full wp-image-893\" src=\"http:\/\/sites-formations.univ-rennes2.fr\/lea-cfttr\/wp-content\/uploads\/2016\/03\/commission_euro.gif\" alt=\"commission_euro\"><\/a>\nDirection g\u00e9n\u00e9rale de la traduction - Commission Europ\u00e9enne<\/h3>\n<\/div>\n<div style=\"clear: both;\">&nbsp;<\/div>\n<\/div>\n<h2>Organismes partenaires<\/h2>\n<div class=\"acc-lvl1\">\n<div style=\"float: left; width: 49%;\">\n<h3 style=\"text-align: center;\"><a href=\"http:\/\/www.carefrance.org\/?newsletter=none\" target=\"_blank\" rel=\"noopener\"><img loading=\"lazy\" decoding=\"async\" width=\"189\" height=\"236\" class=\"alignnone size-full wp-image-891\" src=\"http:\/\/sites-formations.univ-rennes2.fr\/lea-cfttr\/wp-content\/uploads\/2016\/03\/care.png\" alt=\"care\"><\/a>\nAssociation de solidarit\u00e9 internationale<\/h3>\n<\/div>\n<div style=\"float: right; width: 49%;\">\n<h3 style=\"text-align: center;\"><a href=\"https:\/\/myhumankit.org\/\" target=\"_blank\" rel=\"noopener\"><img loading=\"lazy\" decoding=\"async\" width=\"189\" height=\"236\" class=\"alignnone size-full wp-image-891\" src=\"https:\/\/sites-formations.univ-rennes2.fr\/lea-cfttr\/wp-content\/uploads\/2021\/11\/Screen-Shot-2021-11-23-at-12.21.00.png\" alt=\"mhk\"><\/a>\nMy Human Kit<\/h3>\n<\/div>\n<div style=\"float: right; width: 49%;\">\n<h3 style=\"text-align: center;\"><a href=\"https:\/\/www.engrenages.eu\/\" target=\"_blank\" rel=\"noopener\"><img decoding=\"async\" class=\"alignnone size-full wp-image-891\" src=\"https:\/\/sites-formations.univ-rennes2.fr\/lea-cfttr\/wp-content\/uploads\/2021\/11\/Screen-Shot-2021-11-23-at-12.23.22.png\" alt=\"engrenages\"><\/a>\nEngrenages<\/h3>\n<\/div>\n<h3 style=\"text-align: center;\"><a href=\"http:\/\/fr.linuxfromscratch.org\/\"><img decoding=\"async\" class=\"alignnone size-medium wp-image-2823\" src=\"https:\/\/sites-formations.univ-rennes2.fr\/lea-cfttr\/wp-content\/uploads\/2021\/11\/Screen-Shot-2021-11-23-at-12.28.38-300x112.png\" alt=\"\"><\/a>\nLinux from scratch<\/h3>\n<div class=\"acc-lvl1\">\n<div class=\"acc-lvl1\">\n<\/div>\n<\/div>\n<\/div>\n<h3 style=\"text-align: center;\"><a href=\"https:\/\/www.ted.com\/\"><img loading=\"lazy\" decoding=\"async\" width=\"300\" height=\"44\" class=\"alignnone size-medium wp-image-2807\" src=\"https:\/\/sites-formations.univ-rennes2.fr\/lea-cfttr\/wp-content\/uploads\/2021\/11\/Screen-Shot-2021-11-23-at-12.09.01-300x44.png\" alt=\"\"><\/a>\nTed Talks<\/h3>\n<h3 style=\"text-align: center;\"><a href=\"https:\/\/seashepherd.fr\/\"><img loading=\"lazy\" decoding=\"async\" width=\"300\" height=\"95\" class=\"alignnone size-medium wp-image-2785\" src=\"https:\/\/sites-formations.univ-rennes2.fr\/lea-cfttr\/wp-content\/uploads\/2021\/11\/Screen-Shot-2021-11-23-at-12.10.12-300x95.png\" alt=\"\"><\/a>\nSea Shepherd<\/h3>\n<h3 style=\"text-align: center;\"><a href=\"https:\/\/edulab.univ-rennes2.fr\/#!\/\"><img loading=\"lazy\" decoding=\"async\" width=\"234\" height=\"116\" class=\"alignnone size-full wp-image-2815\" src=\"https:\/\/sites-formations.univ-rennes2.fr\/lea-cfttr\/wp-content\/uploads\/2021\/11\/Screen-Shot-2021-11-23-at-12.21.46.png\" alt=\"\"><\/a>\nEduLAB<\/h3>\n<h3 style=\"text-align: center;\"><a href=\"http:\/\/www.pointbarrevideo.com\/wordpress\/\"><img loading=\"lazy\" decoding=\"async\" width=\"300\" height=\"84\" class=\"alignnone size-medium wp-image-2820\" src=\"https:\/\/sites-formations.univ-rennes2.fr\/lea-cfttr\/wp-content\/uploads\/2021\/11\/Screen-Shot-2021-11-23-at-12.24.15-300x84.png\" alt=\"\"><\/a>\nPoint Barre<\/h3>\n<h3 style=\"text-align: center;\"><a href=\"https:\/\/www.alianzaporlasolidaridad.org\/\"><img loading=\"lazy\" decoding=\"async\" width=\"300\" height=\"84\" class=\"alignnone size-medium wp-image-2820\" src=\"https:\/\/sites-formations.univ-rennes2.fr\/lea-cfttr\/wp-content\/uploads\/2023\/12\/Alianza-por-la-solidaridad-logo-2.png\" alt=\"alianza por la solidaridad\">\n<\/a>Alianza por la Solidaridad<\/h3>\n<h3 style=\"text-align: center;\"><a href=\"http:\/\/fondationscp.wikidot.com\/\"><img loading=\"lazy\" decoding=\"async\" width=\"300\" height=\"84\" class=\"alignnone size-medium wp-image-2820\" src=\"https:\/\/sites-formations.univ-rennes2.fr\/lea-cfttr\/wp-content\/uploads\/2023\/12\/Fondation-SCP.png\" alt=\"Fondation SCP\">\n<\/a>\nFondation SCP<\/h3>\n<h3 style=\"text-align: center;\"><a href=\"https:\/\/fr.linkedin.com\/company\/atlanticcities\/\"><img loading=\"lazy\" decoding=\"async\" width=\"300\" height=\"84\" class=\"alignnone size-medium wp-image-2820\" src=\"https:\/\/sites-formations.univ-rennes2.fr\/lea-cfttr\/wp-content\/uploads\/2023\/12\/atlanticcities_logo.jpg\" alt=\"Atlantic Cities\">\n<\/a>Atlantic Cities<\/h3>\n<h3 style=\"text-align: center;\"><a href=\"https:\/\/www.clairobscur.info\/page-d-accueil-travelling-3273-0-0-0.html\"><img loading=\"lazy\" decoding=\"async\" width=\"300\" height=\"84\" class=\"alignnone size-medium wp-image-2820\" src=\"https:\/\/sites-formations.univ-rennes2.fr\/lea-cfttr\/wp-content\/uploads\/2023\/12\/travelling.png\" alt=\"Travelling\">\n<\/a>Travelling<\/h3>\n<h3 style=\"text-align: center;\"><a href=\"https:\/\/www.tradadev.org\/\"><img loading=\"lazy\" decoding=\"async\" width=\"150\" height=\"54\" class=\"alignnone size-medium wp-image-2820\" src=\"https:\/\/sites-formations.univ-rennes2.fr\/lea-cfttr\/wp-content\/uploads\/2023\/12\/logo-tradadev.png\" alt=\"Tradadev\">\n<\/a>Tradadev<\/h3>\n<h3 style=\"text-align: center;\"><a href=\"https:\/\/www.univ-rennes2.fr\/structure\/crea\"><img loading=\"lazy\" decoding=\"async\" width=\"300\" height=\"84\" class=\"alignnone size-medium wp-image-2820\" src=\"https:\/\/sites-formations.univ-rennes2.fr\/lea-cfttr\/wp-content\/uploads\/2023\/12\/crea-logo.png\" alt=\"Cr\u00e9a\">\n<\/a>Cr\u00e9a<\/h3>\n<\/div><\/code><\/pre>\n\n\n\n<!--more-->\n\n\n\n<div style=\"clear: both;\">&nbsp;<\/div>\n","protected":false},"excerpt":{"rendered":"<p>Voici un aper\u00e7u des diff\u00e9rents partenaires du CFTTR&nbsp;:<\/p>\n","protected":false},"author":1,"featured_media":0,"parent":0,"menu_order":0,"comment_status":"closed","ping_status":"closed","template":"","meta":{"footnotes":""},"class_list":["post-209","page","type-page","status-publish","hentry"],"_links":{"self":[{"href":"https:\/\/sites-formations.univ-rennes2.fr\/lea-cfttr\/wp-json\/wp\/v2\/pages\/209","targetHints":{"allow":["GET"]}}],"collection":[{"href":"https:\/\/sites-formations.univ-rennes2.fr\/lea-cfttr\/wp-json\/wp\/v2\/pages"}],"about":[{"href":"https:\/\/sites-formations.univ-rennes2.fr\/lea-cfttr\/wp-json\/wp\/v2\/types\/page"}],"author":[{"embeddable":true,"href":"https:\/\/sites-formations.univ-rennes2.fr\/lea-cfttr\/wp-json\/wp\/v2\/users\/1"}],"replies":[{"embeddable":true,"href":"https:\/\/sites-formations.univ-rennes2.fr\/lea-cfttr\/wp-json\/wp\/v2\/comments?post=209"}],"version-history":[{"count":48,"href":"https:\/\/sites-formations.univ-rennes2.fr\/lea-cfttr\/wp-json\/wp\/v2\/pages\/209\/revisions"}],"predecessor-version":[{"id":4486,"href":"https:\/\/sites-formations.univ-rennes2.fr\/lea-cfttr\/wp-json\/wp\/v2\/pages\/209\/revisions\/4486"}],"wp:attachment":[{"href":"https:\/\/sites-formations.univ-rennes2.fr\/lea-cfttr\/wp-json\/wp\/v2\/media?parent=209"}],"curies":[{"name":"wp","href":"https:\/\/api.w.org\/{rel}","templated":true}]}}