
{"id":167,"date":"2016-01-28T10:25:43","date_gmt":"2016-01-28T09:25:43","guid":{"rendered":"http:\/\/sites-formations.univ-rennes2.fr\/lea-cfttr\/web\/?page_id=167"},"modified":"2016-01-28T10:25:43","modified_gmt":"2016-01-28T09:25:43","slug":"professionnalisation","status":"publish","type":"page","link":"https:\/\/sites-formations.univ-rennes2.fr\/lea-cfttr\/professionnalisation\/","title":{"rendered":"Professionnalisation"},"content":{"rendered":"<p>Le parcours LEA est une formation professionnalisante. La formation s\u2019est caract\u00e9ris\u00e9e d\u00e8s le d\u00e9part, par la forme que prenaient une grande partie de ses enseignements\u00a0: la <a href=\"http:\/\/sites-formations.univ-rennes2.fr\/lea-cfttr\/pedagogie-par-projets\/\">P\u00e9dagogie par projets<\/a>.<\/p>\n<p>\u00c0 partir de la licence\u00a03, de nombreux exercices de mise en situation professionnelle sont organis\u00e9s afin de permettre aux \u00e9tudiants d\u2019appliquer les comp\u00e9tences acquises au cours des ann\u00e9es pr\u00e9c\u00e9dentes.<\/p>\n<p>Par exemple, tous les ans, d\u00e8s la fin de la licence\u00a03, les \u00e9tudiants effectuent un stage de fin d\u2019ann\u00e9e et rendent compte de leur exp\u00e9rience lors de leur soutenance de stage. Pour en savoir plus sur les entreprises d\u2019accueil\u00a0: <a href=\"http:\/\/sites-formations.univ-rennes2.fr\/lea-cfttr\/stages\/\">Stages<\/a>.<\/p>\n<p>Des sessions de simulation d\u2019entreprises de traduction sont organis\u00e9es deux\u00a0fois par an. Ce projet met \u00e0 profit les comp\u00e9tences des \u00e9tudiants de master et de troisi\u00e8me ann\u00e9e de licence en collaborant sur plusieurs projets de traduction. Pour en savoir plus sur ces exp\u00e9riences\u00a0: <a href=\"http:\/\/sites-formations.univ-rennes2.fr\/lea-cfttr\/tradutech-projet-otct\/\">Tradutech<\/a>.<\/p>\n<p>Arriv\u00e9s en master, les \u00e9tudiants prennent en charge des projets de traduction ou de r\u00e9daction b\u00e9n\u00e9voles qui r\u00e9pondent aux besoins de structures. Un \u00e9tudiant de master\u00a02 dirige le projet, assist\u00e9 d\u2019un \u00e9tudiant de master\u00a01 qui prendra le relai l\u2019ann\u00e9e suivante et ainsi de suite. Les \u00e9tudiants sont en totale autonomie. Pour en savoir plus sur les projets propos\u00e9s\u00a0: <a href=\"http:\/\/sites-formations.univ-rennes2.fr\/lea-cfttr\/travaux-etudiants\/\">Travaux \u00e9tudiants<\/a>.<\/p>\n<p>Le master Traduction et Interpr\u00e9tation collabore, dans le cadre de ses diverses activit\u00e9s, avec de nombreuses entreprises, permettant aux \u00e9tudiants d\u2019avoir un premier contact avec le milieu professionnel. Pour en savoir plus\u00a0: <a href=\"http:\/\/sites-formations.univ-rennes2.fr\/lea-cfttr\/partenariats\/\">Partenariats<\/a>.<\/p>\n","protected":false},"excerpt":{"rendered":"<p>Le parcours LEA est une formation professionnalisante. La formation s\u2019est caract\u00e9ris\u00e9e d\u00e8s le d\u00e9part, par la forme que prenaient une grande partie de ses enseignements\u00a0: la P\u00e9dagogie par projets. \u00c0 partir de la licence\u00a03, de nombreux exercices de mise en situation professionnelle sont organis\u00e9s afin de permettre aux \u00e9tudiants d\u2019appliquer les comp\u00e9tences acquises au cours [&hellip;]<\/p>\n","protected":false},"author":1,"featured_media":0,"parent":0,"menu_order":0,"comment_status":"closed","ping_status":"closed","template":"","meta":{"footnotes":""},"class_list":["post-167","page","type-page","status-publish","hentry"],"_links":{"self":[{"href":"https:\/\/sites-formations.univ-rennes2.fr\/lea-cfttr\/wp-json\/wp\/v2\/pages\/167","targetHints":{"allow":["GET"]}}],"collection":[{"href":"https:\/\/sites-formations.univ-rennes2.fr\/lea-cfttr\/wp-json\/wp\/v2\/pages"}],"about":[{"href":"https:\/\/sites-formations.univ-rennes2.fr\/lea-cfttr\/wp-json\/wp\/v2\/types\/page"}],"author":[{"embeddable":true,"href":"https:\/\/sites-formations.univ-rennes2.fr\/lea-cfttr\/wp-json\/wp\/v2\/users\/1"}],"replies":[{"embeddable":true,"href":"https:\/\/sites-formations.univ-rennes2.fr\/lea-cfttr\/wp-json\/wp\/v2\/comments?post=167"}],"version-history":[{"count":0,"href":"https:\/\/sites-formations.univ-rennes2.fr\/lea-cfttr\/wp-json\/wp\/v2\/pages\/167\/revisions"}],"wp:attachment":[{"href":"https:\/\/sites-formations.univ-rennes2.fr\/lea-cfttr\/wp-json\/wp\/v2\/media?parent=167"}],"curies":[{"name":"wp","href":"https:\/\/api.w.org\/{rel}","templated":true}]}}