{"id":89,"date":"2015-02-17T11:24:52","date_gmt":"2015-02-17T10:24:52","guid":{"rendered":"https:\/\/sites-formations.univ-rennes2.fr\/du-sqvt\/?page_id=89"},"modified":"2025-06-17T20:15:07","modified_gmt":"2025-06-17T18:15:07","slug":"accueil","status":"publish","type":"page","link":"https:\/\/sites-formations.univ-rennes2.fr\/du-sqvt\/","title":{"rendered":"Accueil"},"content":{"rendered":"<p><b>Bienvenue sur la page du Dipl\u00f4me d&rsquo;Universit\u00e9 \u00ab\u00a0Sant\u00e9 et Qualit\u00e9 au Travail\u00a0\u00bb de l\u2019Universit\u00e9 Rennes 2 !<\/b><\/p>\n<p>Ce D.U. \u00ab sant\u00e9 et qualit\u00e9 de vie au travail \u00bb a pour objectif d\u2019apporter des connaissances th\u00e9oriques approfondies et des m\u00e9thodologies afin de mieux comprendre les questions de sant\u00e9, stress, et qualit\u00e9 de vie au travail. Il s\u2019agit de transmettre des connaissances scientifiques et des outils fiables et actualis\u00e9s du domaine.<\/p>\n<p><strong>L\u2019originalit\u00e9 de ce D.U. est d\u2019aborder la sant\u00e9 au travail sous ses deux versants compl\u00e9mentaires : ses aspects positifs (qualit\u00e9 de vie au travail, bien-\u00eatre au travail, bonheur au travail, etc.) et n\u00e9gatifs (stress, \u00e9puisement professionnel, violences au travail, etc.).<\/strong><\/p>\n<p>&nbsp;<br \/>\n<strong><span style=\"font-size: large;\"><span style=\"color: #99cc00;\"> -&gt; Prochaine session : F\u00e9vrier 2026<\/span><\/span><\/strong><\/p>\n<p>&nbsp;<br \/>\n&nbsp;<strong><span style=\"font-size: large;\">T\u00e9l\u00e9charger la <a href=\"https:\/\/sites-formations.univ-rennes2.fr\/du-sqvt\/wp-content\/uploads\/2025\/06\/Plaquette_DU_SQVT_2026.pdf\" target=\"_blank\" rel=\"noopener noreferrer\">plaquette de pr\u00e9sentation du D.U. Sant\u00e9 et Qualit\u00e9 de Vie au Travail.<\/a><\/span><\/strong><\/p>\n<p><strong><span style=\"font-size: large;\">T\u00e9l\u00e9charger la <a href=\"https:\/\/sites-formations.univ-rennes2.fr\/du-sqvt\/wp-content\/uploads\/2025\/06\/Fiche_candidature_DU_SQVT_2026_Formulaire.pdf\" target=\"_blank\" rel=\"noopener noreferrer\">fiche de candidature pour le D.U. Sant\u00e9 et Qualit\u00e9 de Vie au Travail.<\/a><\/span><\/strong><\/p>\n<p>&nbsp;<br \/>\n&nbsp;<br \/>\n<strong><span style=\"font-size: large;\"><span style=\"color: #99cc00;\">ACTUALITES :<\/span><\/span><\/strong><\/p>\n<ul>\n<li>Les prochaines conf\u00e9rences du DU SQVT auront lieu le vendredi 6 juin 2025 : t\u00e9l\u00e9charger le <strong><a href=\"https:\/\/sites-formations.univ-rennes2.fr\/du-sqvt\/wp-content\/uploads\/2025\/06\/Conferences_SQVT_06.06.25.pdf\" target=\"_blank\" rel=\"noopener noreferrer\">programme et le r\u00e9sum\u00e9 de ces conf\u00e9rences<\/a><\/strong><\/li>\n<li>La premi\u00e8re session de candidatures pour la session 2026 sera ouverte \u00e0 partir du 25.08.2025<\/li>\n<\/ul>\n<p>&nbsp;<br \/>\n&nbsp;<br \/>\n&nbsp;<br \/>\n&nbsp;<br \/>\n&nbsp;<br \/>\n&nbsp;<br \/>\n<span style=\"font-size: large;\"><a href=\"https:\/\/sites-formations.univ-rennes2.fr\/du-sqvt\/wp-content\/uploads\/2024\/06\/Declaration-accessibilte-DU-SQVT.pdf\" target=\"_blank\" rel=\"noopener noreferrer\">D\u00e9claration d&rsquo;accessibilit\u00e9<\/a><\/span><br \/>\n&nbsp;<br \/>\n&nbsp;<br \/>\n&nbsp;<br \/>\n&nbsp;<br \/>\n&nbsp;<span style=\"color: 990000;\"><img decoding=\"async\" src=\"https:\/\/sites-formations.univ-rennes2.fr\/du-sqvt\/wp-content\/uploads\/2023\/01\/Villejean.png\" alt=\"Campus Villejean\"><\/span><\/p>\n<p><span style=\"color: 990000;\">&nbsp;<\/span><\/p>\n","protected":false},"excerpt":{"rendered":"<p>Bienvenue sur la page du Dipl\u00f4me d&rsquo;Universit\u00e9 \u00ab\u00a0Sant\u00e9 et Qualit\u00e9 au Travail\u00a0\u00bb de l\u2019Universit\u00e9 Rennes 2 ! Ce D.U. \u00ab sant\u00e9 et qualit\u00e9 de vie au travail \u00bb a pour objectif d\u2019apporter des connaissances th\u00e9oriques approfondies et des m\u00e9thodologies afin de mieux comprendre les questions de sant\u00e9, stress, et qualit\u00e9 de vie au travail. Il\u2026 <span class=\"read-more\"><a href=\"https:\/\/sites-formations.univ-rennes2.fr\/du-sqvt\/\">Lire la suite &raquo;<\/a><\/span><\/p>\n","protected":false},"author":2,"featured_media":0,"parent":0,"menu_order":1,"comment_status":"closed","ping_status":"closed","template":"page-templates\/full-width.php","meta":{"footnotes":""},"class_list":["post-89","page","type-page","status-publish","hentry"],"_links":{"self":[{"href":"https:\/\/sites-formations.univ-rennes2.fr\/du-sqvt\/wp-json\/wp\/v2\/pages\/89","targetHints":{"allow":["GET"]}}],"collection":[{"href":"https:\/\/sites-formations.univ-rennes2.fr\/du-sqvt\/wp-json\/wp\/v2\/pages"}],"about":[{"href":"https:\/\/sites-formations.univ-rennes2.fr\/du-sqvt\/wp-json\/wp\/v2\/types\/page"}],"author":[{"embeddable":true,"href":"https:\/\/sites-formations.univ-rennes2.fr\/du-sqvt\/wp-json\/wp\/v2\/users\/2"}],"replies":[{"embeddable":true,"href":"https:\/\/sites-formations.univ-rennes2.fr\/du-sqvt\/wp-json\/wp\/v2\/comments?post=89"}],"version-history":[{"count":58,"href":"https:\/\/sites-formations.univ-rennes2.fr\/du-sqvt\/wp-json\/wp\/v2\/pages\/89\/revisions"}],"predecessor-version":[{"id":1047,"href":"https:\/\/sites-formations.univ-rennes2.fr\/du-sqvt\/wp-json\/wp\/v2\/pages\/89\/revisions\/1047"}],"wp:attachment":[{"href":"https:\/\/sites-formations.univ-rennes2.fr\/du-sqvt\/wp-json\/wp\/v2\/media?parent=89"}],"curies":[{"name":"wp","href":"https:\/\/api.w.org\/{rel}","templated":true}]}}