{"id":841,"date":"2019-05-25T12:44:49","date_gmt":"2019-05-25T10:44:49","guid":{"rendered":"https:\/\/sites-formations.univ-rennes2.fr\/du-sqvt\/?page_id=841"},"modified":"2024-05-11T14:45:40","modified_gmt":"2024-05-11T12:45:40","slug":"public-vise","status":"publish","type":"page","link":"https:\/\/sites-formations.univ-rennes2.fr\/du-sqvt\/public-vise\/","title":{"rendered":"Public vis\u00e9"},"content":{"rendered":"<p>&nbsp;<\/p>\n<p><strong><span style=\"font-size: large;\"><span style=\"color: #99CC00;\">Public vis\u00e9<\/span><\/span><\/strong><\/p>\n<p>Ce D.U. \u00ab sant\u00e9 et qualit\u00e9 de vie au travail \u00bb est une <strong>formation ouverte exclusivement \u00e0 un public en formation continue ou reprise d\u2019\u00e9tudes (salari\u00e9s ou demandeurs d\u2019emploi)<\/strong>, titulaire au minimum d&rsquo;un baccalaur\u00e9at (ou \u00e9quivalent).<\/p>\n<p>Il est destin\u00e9 aux personnes suivantes :<\/p>\n<li> tout acteur concern\u00e9 par la pr\u00e9vention des risques psychosociaux et de la qualit\u00e9 de vie au travail dans les organisations du secteur priv\u00e9 ou public ;<\/li>\n<li> responsables des ressources humaines ;<\/li>\n<li> cadres et dirigeants exer\u00e7ant des responsabilit\u00e9s de direction d\u2019\u00e9quipe ou de service ;<\/li>\n<li> responsables ou personnels des services de sant\u00e9 au travail ;<\/li>\n<li> d\u00e9l\u00e9gu\u00e9s syndicaux, repr\u00e9sentants du personnel, secr\u00e9taires CHSCT ;<\/li>\n<li> pr\u00e9venteurs ;<\/li>\n<li> ergonomes ;<\/li>\n<li> consultants formateurs dans le domaine des relations sociales ;<\/li>\n<li> personnels m\u00e9dicaux et param\u00e9dicaux : m\u00e9decins et infirmiers du travail, cadres de sant\u00e9.<\/li>\n<p>&nbsp;<\/p>\n","protected":false},"excerpt":{"rendered":"<p>&nbsp; Public vis\u00e9 Ce D.U. \u00ab sant\u00e9 et qualit\u00e9 de vie au travail \u00bb est une formation ouverte exclusivement \u00e0 un public en formation continue ou reprise d\u2019\u00e9tudes (salari\u00e9s ou demandeurs d\u2019emploi), titulaire au minimum d&rsquo;un baccalaur\u00e9at (ou \u00e9quivalent). Il est destin\u00e9 aux personnes suivantes : tout acteur concern\u00e9 par la pr\u00e9vention des risques psychosociaux\u2026 <span class=\"read-more\"><a href=\"https:\/\/sites-formations.univ-rennes2.fr\/du-sqvt\/public-vise\/\">Lire la suite &raquo;<\/a><\/span><\/p>\n","protected":false},"author":2,"featured_media":0,"parent":0,"menu_order":0,"comment_status":"closed","ping_status":"closed","template":"page-templates\/full-width.php","meta":{"footnotes":""},"class_list":["post-841","page","type-page","status-publish","hentry"],"_links":{"self":[{"href":"https:\/\/sites-formations.univ-rennes2.fr\/du-sqvt\/wp-json\/wp\/v2\/pages\/841","targetHints":{"allow":["GET"]}}],"collection":[{"href":"https:\/\/sites-formations.univ-rennes2.fr\/du-sqvt\/wp-json\/wp\/v2\/pages"}],"about":[{"href":"https:\/\/sites-formations.univ-rennes2.fr\/du-sqvt\/wp-json\/wp\/v2\/types\/page"}],"author":[{"embeddable":true,"href":"https:\/\/sites-formations.univ-rennes2.fr\/du-sqvt\/wp-json\/wp\/v2\/users\/2"}],"replies":[{"embeddable":true,"href":"https:\/\/sites-formations.univ-rennes2.fr\/du-sqvt\/wp-json\/wp\/v2\/comments?post=841"}],"version-history":[{"count":2,"href":"https:\/\/sites-formations.univ-rennes2.fr\/du-sqvt\/wp-json\/wp\/v2\/pages\/841\/revisions"}],"predecessor-version":[{"id":1017,"href":"https:\/\/sites-formations.univ-rennes2.fr\/du-sqvt\/wp-json\/wp\/v2\/pages\/841\/revisions\/1017"}],"wp:attachment":[{"href":"https:\/\/sites-formations.univ-rennes2.fr\/du-sqvt\/wp-json\/wp\/v2\/media?parent=841"}],"curies":[{"name":"wp","href":"https:\/\/api.w.org\/{rel}","templated":true}]}}