{"id":4,"date":"2015-02-17T09:29:34","date_gmt":"2015-02-17T08:29:34","guid":{"rendered":"https:\/\/sites-formations.univ-rennes2.fr\/du-sqvt\/?page_id=4"},"modified":"2023-01-11T18:15:26","modified_gmt":"2023-01-11T17:15:26","slug":"presentation-du-m2","status":"publish","type":"page","link":"https:\/\/sites-formations.univ-rennes2.fr\/du-sqvt\/presentation-du-m2\/","title":{"rendered":"Objectifs de la formation"},"content":{"rendered":"<p>&nbsp;<br \/>\n<strong><span style=\"font-size: large;\"><span style=\"color: #99CC00;\">Objectifs de la formation<\/span><\/span><\/strong><br \/>\n&nbsp;<br \/>\nLa question de la sant\u00e9 et qualit\u00e9 de vie au travail est aujourd\u2019hui une th\u00e9matique d\u2019un enjeu soci\u00e9tal majeur (Plan sant\u00e9 au travail 2016-2020, Accord National Interprofessionnel 2013), qui suscite de nombreuses questions \u00e0 la fois sur le plan juridique, m\u00e9thodologique, et \u00e9thique. Les d\u00e9marches en sant\u00e9 au travail doivent ainsi reposer sur des donn\u00e9es rigoureuses, et des outils fiables.<\/p>\n<p>Ce D.U. SQVT est bas\u00e9 sur des connaissances th\u00e9oriques et m\u00e9thodologiques solides issues des derni\u00e8res recherches scientifiques. <strong>Les connaissances d\u00e9livr\u00e9es dans le cadre de ce D.U. sont des connaissances adapt\u00e9es au monde professionnel, qui r\u00e9pondent directement aux besoins des entreprises et\/ou salari\u00e9s <\/strong>qui doivent par exemple inscrire la question des RPS dans leur document unique, mettre en place un programme QVT dans leur entreprise, ou r\u00e9pondre \u00e0 des appels d\u2019offre sur le bien-\u00eatre au travail.<br \/>\nLes dipl\u00f4m\u00e9s de ce DU \u00ab sant\u00e9, qualit\u00e9 de vie et bien-\u00eatre au travail \u00bb b\u00e9n\u00e9ficieront donc d\u2019une formation universitaire bas\u00e9e sur des connaissances solides, r\u00e9centes et attest\u00e9es sur le plan scientifique.<br \/>\n&nbsp;<br \/>\n<strong>Ce D.U. \u00ab sant\u00e9 et qualit\u00e9 de vie au travail \u00bb a pour objectif d\u2019apporter des connaissances th\u00e9oriques approfondies et des m\u00e9thodologies afin de mieux comprendre les questions de sant\u00e9, stress, qualit\u00e9 de vie et bien-\u00eatre au travail. Il s\u2019agit de transmettre des connaissances scientifiques et des outils fiables et actualis\u00e9s du domaine. La formation vise aussi \u00e0 apporter des m\u00e9thodes et outils d\u2019intervention issus des pratiques d\u2019experts de la pr\u00e9vention des RPS et de la prise en charge du stress professionnel.<\/strong><\/p>\n","protected":false},"excerpt":{"rendered":"<p>&nbsp; Objectifs de la formation &nbsp; La question de la sant\u00e9 et qualit\u00e9 de vie au travail est aujourd\u2019hui une th\u00e9matique d\u2019un enjeu soci\u00e9tal majeur (Plan sant\u00e9 au travail 2016-2020, Accord National Interprofessionnel 2013), qui suscite de nombreuses questions \u00e0 la fois sur le plan juridique, m\u00e9thodologique, et \u00e9thique. Les d\u00e9marches en sant\u00e9 au travail\u2026 <span class=\"read-more\"><a href=\"https:\/\/sites-formations.univ-rennes2.fr\/du-sqvt\/presentation-du-m2\/\">Lire la suite &raquo;<\/a><\/span><\/p>\n","protected":false},"author":2,"featured_media":0,"parent":0,"menu_order":3,"comment_status":"closed","ping_status":"closed","template":"page-templates\/full-width.php","meta":{"footnotes":""},"class_list":["post-4","page","type-page","status-publish","hentry"],"_links":{"self":[{"href":"https:\/\/sites-formations.univ-rennes2.fr\/du-sqvt\/wp-json\/wp\/v2\/pages\/4","targetHints":{"allow":["GET"]}}],"collection":[{"href":"https:\/\/sites-formations.univ-rennes2.fr\/du-sqvt\/wp-json\/wp\/v2\/pages"}],"about":[{"href":"https:\/\/sites-formations.univ-rennes2.fr\/du-sqvt\/wp-json\/wp\/v2\/types\/page"}],"author":[{"embeddable":true,"href":"https:\/\/sites-formations.univ-rennes2.fr\/du-sqvt\/wp-json\/wp\/v2\/users\/2"}],"replies":[{"embeddable":true,"href":"https:\/\/sites-formations.univ-rennes2.fr\/du-sqvt\/wp-json\/wp\/v2\/comments?post=4"}],"version-history":[{"count":1,"href":"https:\/\/sites-formations.univ-rennes2.fr\/du-sqvt\/wp-json\/wp\/v2\/pages\/4\/revisions"}],"predecessor-version":[{"id":814,"href":"https:\/\/sites-formations.univ-rennes2.fr\/du-sqvt\/wp-json\/wp\/v2\/pages\/4\/revisions\/814"}],"wp:attachment":[{"href":"https:\/\/sites-formations.univ-rennes2.fr\/du-sqvt\/wp-json\/wp\/v2\/media?parent=4"}],"curies":[{"name":"wp","href":"https:\/\/api.w.org\/{rel}","templated":true}]}}