{"id":25,"date":"2015-02-17T09:55:14","date_gmt":"2015-02-17T08:55:14","guid":{"rendered":"https:\/\/sites-formations.univ-rennes2.fr\/du-sqvt\/?page_id=25"},"modified":"2025-06-17T20:22:00","modified_gmt":"2025-06-17T18:22:00","slug":"organisation-des-enseignements","status":"publish","type":"page","link":"https:\/\/sites-formations.univ-rennes2.fr\/du-sqvt\/organisation-des-enseignements\/","title":{"rendered":"Organisation des enseignements"},"content":{"rendered":"<p><strong><span style=\"font-size: large;\"><span style=\"color: #99cc00;\">Dur\u00e9e de la formation<\/span><\/span><\/strong><\/p>\n<p>Le D.U. SQVT comporte 123 heures de cours, auxquelles s\u2019ajoute un suivi \u00e0 distance.<br>Il se d\u00e9roule de f\u00e9vrier \u00e0 d\u00e9cembre, \u00e0 raison de 2 jours par mois (les jeudis et vendredis).<\/p>\n<p><strong><span style=\"font-size: large;\"><span style=\"color: #99cc00;\">Calendrier 2026<\/span><\/span><\/strong><br>12 et 13 f\u00e9vrier ; 12 et 13 mars ; 23 et 24 avril ; 21 et 22 mai ; 11 et 12 juin ; 2 et 3 juillet ; 3 et 4 septembre ; 8 et 9 octobre ; 19 et 20 novembre ; 3 et 4 d\u00e9cembre<\/p>\n<p><strong><span style=\"font-size: large;\"><span style=\"color: #99cc00;\">Validation du D.U.<\/span><\/span><\/strong><\/p>\n<p>Elaboration d\u2019un rapport d\u2019intervention pratique \u00e9crit et soutenance orale (les 3 et 4 d\u00e9cembre 2026).<br>Il s&rsquo;agit de r\u00e9diger sur temps personnel un rapport professionnel d\u2019intervention pratique (recherche-action). Un suivi individuel \u00e0 distance est pr\u00e9vu pour superviser la r\u00e9alisation de ce travail.<\/p>\n<p><strong><span style=\"font-size: large;\"><span style=\"color: #99cc00;\">Contenu de la formation<\/span><\/span><\/strong><\/p>\n<p>Le D.U. SQVT comporte 5 unit\u00e9s d&rsquo;enseignements (UE) :<\/p>\n<ul>\n<li>UE1 : Stress et souffrance au travail<\/li>\n<li>UE2 : Sant\u00e9 au travail et pr\u00e9vention des risques psychosociaux (RPS)<\/li>\n<li>UE3 : Qualit\u00e9 de vie et bien-\u00eatre au travail<\/li>\n<li>UE4 : Cycle de conf\u00e9rences<\/li>\n<li>UE5 : M\u00e9thodes d&rsquo;intervention et supervision de l&rsquo;\u00e9laboration du rapport d&rsquo;intervention pratique<\/li>\n<\/ul>\n<p><strong>Consulter le <a href=\"https:\/\/sites-formations.univ-rennes2.fr\/du-sqvt\/details-des-enseignements\/\">Contenu d\u00e9taill\u00e9 des U.E.<\/a><\/strong><\/p>\n\n\n<p><\/p>\n","protected":false},"excerpt":{"rendered":"<p>Dur\u00e9e de la formation Le D.U. SQVT comporte 123 heures de cours, auxquelles s\u2019ajoute un suivi \u00e0 distance.Il se d\u00e9roule de f\u00e9vrier \u00e0 d\u00e9cembre, \u00e0 raison de 2 jours par mois (les jeudis et vendredis). Calendrier 202612 et 13 f\u00e9vrier ; 12 et 13 mars ; 23 et 24 avril ; 21 et 22 mai\u2026 <span class=\"read-more\"><a href=\"https:\/\/sites-formations.univ-rennes2.fr\/du-sqvt\/organisation-des-enseignements\/\">Lire la suite &raquo;<\/a><\/span><\/p>\n","protected":false},"author":2,"featured_media":0,"parent":0,"menu_order":6,"comment_status":"closed","ping_status":"closed","template":"page-templates\/full-width.php","meta":{"footnotes":""},"class_list":["post-25","page","type-page","status-publish","hentry"],"_links":{"self":[{"href":"https:\/\/sites-formations.univ-rennes2.fr\/du-sqvt\/wp-json\/wp\/v2\/pages\/25","targetHints":{"allow":["GET"]}}],"collection":[{"href":"https:\/\/sites-formations.univ-rennes2.fr\/du-sqvt\/wp-json\/wp\/v2\/pages"}],"about":[{"href":"https:\/\/sites-formations.univ-rennes2.fr\/du-sqvt\/wp-json\/wp\/v2\/types\/page"}],"author":[{"embeddable":true,"href":"https:\/\/sites-formations.univ-rennes2.fr\/du-sqvt\/wp-json\/wp\/v2\/users\/2"}],"replies":[{"embeddable":true,"href":"https:\/\/sites-formations.univ-rennes2.fr\/du-sqvt\/wp-json\/wp\/v2\/comments?post=25"}],"version-history":[{"count":18,"href":"https:\/\/sites-formations.univ-rennes2.fr\/du-sqvt\/wp-json\/wp\/v2\/pages\/25\/revisions"}],"predecessor-version":[{"id":1054,"href":"https:\/\/sites-formations.univ-rennes2.fr\/du-sqvt\/wp-json\/wp\/v2\/pages\/25\/revisions\/1054"}],"wp:attachment":[{"href":"https:\/\/sites-formations.univ-rennes2.fr\/du-sqvt\/wp-json\/wp\/v2\/media?parent=25"}],"curies":[{"name":"wp","href":"https:\/\/api.w.org\/{rel}","templated":true}]}}